{"id":2013,"date":"2024-05-27T17:29:58","date_gmt":"2024-05-27T16:29:58","guid":{"rendered":"https:\/\/ortopediagot.net\/?post_type=product&#038;p=2013"},"modified":"2024-05-27T17:29:59","modified_gmt":"2024-05-27T16:29:59","slug":"ban20-vendaje-de-dedos","status":"publish","type":"product","link":"https:\/\/ortopediagot.net\/Inicio\/producto\/ban20-vendaje-de-dedos\/","title":{"rendered":"BAN20 VENDAJE DE DEDOS"},"content":{"rendered":"<p>Esguince de dedos<br \/>\nSuperposici\u00f3n de dedos<br \/>\nDedos en martillo<br \/>\nDedos en garra<br \/>\nProcesos dolorosos por traumatismo<br \/>\nTratamiento de articulaciones interfal\u00e1ngicas distales y proximales.<br \/>\nFractura de dedos estable y no desplazada<\/p>\n<div class=\"tsf-campo-acf-titulo tsf-campo-acf-titulo-caracteristicas tsf_campo-acf tsf_caracteristicas\"><strong>Caracter\u00edsticas<\/strong><\/div>\n<div><\/div>\n<div class=\"tsf-campo-acf-valores tsf-campo-acf-valores-caracteristicas tsf_campo-acf tsf_caracteristicas\">Ortesis inmovilizadora fabricada con un suave y c\u00f3modo material textil laminado.<br \/>\nConsiste en una cinta con un bucle en el extremo que permite fijar un dedo sobre otro.<br \/>\nSu m\u00ednimo espesor facilita su colocaci\u00f3n con cualquier tipo de calzado.<br \/>\nIncorpora l\u00e1mina interior antideslizante.<br \/>\nCierre y ajuste mediante microvelcro<br \/>\nNo contiene l\u00e1tex<br \/>\nLongitud 2 cm.<\/div>\n<div class=\"tsf-campo-acf-titulo tsf-campo-acf-titulo-pa_cantidad tsf_campo-acf tsf_pa_cantidad\"><\/div>\n<div><strong>Cantidad<\/strong><\/div>\n<div><\/div>\n<div class=\"tsf-campo-acf-valores tsf-campo-acf-valores-pa_cantidad tsf_campo-acf tsf_pa_cantidad\">5 UDS.<\/div>\n","protected":false},"excerpt":{"rendered":"<p>Esguince de dedos Superposici\u00f3n de dedos Dedos en martillo Dedos en garra Procesos dolorosos por traumatismo Tratamiento de articulaciones interfal\u00e1ngicas distales y proximales. Fractura de dedos estable y no desplazada Caracter\u00edsticas Ortesis inmovilizadora fabricada con un suave y c\u00f3modo material textil laminado. Consiste en una cinta con un bucle en el extremo que permite fijar [&hellip;]<\/p>\n","protected":false},"featured_media":2014,"comment_status":"open","ping_status":"closed","template":"","meta":{"saved_in_kubio":false},"product_brand":[],"product_cat":[94],"product_tag":[118],"class_list":{"0":"post-2013","1":"product","2":"type-product","3":"status-publish","4":"has-post-thumbnail","6":"product_cat-miembro-superior","7":"product_tag-emo","9":"first","10":"instock","11":"shipping-taxable","12":"product-type-simple"},"_links":{"self":[{"href":"https:\/\/ortopediagot.net\/Inicio\/wp-json\/wp\/v2\/product\/2013"}],"collection":[{"href":"https:\/\/ortopediagot.net\/Inicio\/wp-json\/wp\/v2\/product"}],"about":[{"href":"https:\/\/ortopediagot.net\/Inicio\/wp-json\/wp\/v2\/types\/product"}],"replies":[{"embeddable":true,"href":"https:\/\/ortopediagot.net\/Inicio\/wp-json\/wp\/v2\/comments?post=2013"}],"wp:featuredmedia":[{"embeddable":true,"href":"https:\/\/ortopediagot.net\/Inicio\/wp-json\/wp\/v2\/media\/2014"}],"wp:attachment":[{"href":"https:\/\/ortopediagot.net\/Inicio\/wp-json\/wp\/v2\/media?parent=2013"}],"wp:term":[{"taxonomy":"product_brand","embeddable":true,"href":"https:\/\/ortopediagot.net\/Inicio\/wp-json\/wp\/v2\/product_brand?post=2013"},{"taxonomy":"product_cat","embeddable":true,"href":"https:\/\/ortopediagot.net\/Inicio\/wp-json\/wp\/v2\/product_cat?post=2013"},{"taxonomy":"product_tag","embeddable":true,"href":"https:\/\/ortopediagot.net\/Inicio\/wp-json\/wp\/v2\/product_tag?post=2013"}],"curies":[{"name":"wp","href":"https:\/\/api.w.org\/{rel}","templated":true}]}}