{"id":2016,"date":"2024-05-27T17:34:25","date_gmt":"2024-05-27T16:34:25","guid":{"rendered":"https:\/\/ortopediagot.net\/?post_type=product&#038;p=2016"},"modified":"2024-05-27T17:34:26","modified_gmt":"2024-05-27T16:34:26","slug":"cd300-epigrip-plus-banda-epicondilitis","status":"publish","type":"product","link":"https:\/\/ortopediagot.net\/Inicio\/producto\/cd300-epigrip-plus-banda-epicondilitis\/","title":{"rendered":"CD300 EPIGRIP PLUS BANDA EPICONDILITIS"},"content":{"rendered":"<p>Inflamaci\u00f3n de la fascia muscular<br \/>\nEpicondilitis ( codo de tenista )<br \/>\nEpitrocleitis ( codo de golfista )<\/p>\n<div class=\"tsf-campo-acf-titulo tsf-campo-acf-titulo-caracteristicas tsf_campo-acf tsf_caracteristicas\"><strong>Caracter\u00edsticas<\/strong><\/div>\n<div><\/div>\n<div class=\"tsf-campo-acf-valores tsf-campo-acf-valores-caracteristicas tsf_campo-acf tsf_caracteristicas\">Fabricaci\u00f3n mediante micro-fusi\u00f3n para evitar sobrepresiones y rozaduras. Tejido t\u00e9cnico de m\u00e1xima resistencia y transpirabilidad con el m\u00ednimo espesor.<br \/>\nPermite la flexi\u00f3n del codo.<br \/>\nIncorpora una pieza de pl\u00e1stico flexible conformado anat\u00f3micamente que distribuye la presi\u00f3n de forma homog\u00e9nea sobre el antebrazo.<br \/>\nIncorpora un componente el\u00e1stico que facilita la adaptaci\u00f3n a la morfolog\u00eda del antebrazo realizando una compresi\u00f3n din\u00e1mica.<br \/>\nAjustable mediante cincha inel\u00e1stica textil.<br \/>\nAlmohadilla epicondilar removible fabricada de material visco-el\u00e1stico y antideslizante.<\/div>\n","protected":false},"excerpt":{"rendered":"<p>Inflamaci\u00f3n de la fascia muscular Epicondilitis ( codo de tenista ) Epitrocleitis ( codo de golfista ) Caracter\u00edsticas Fabricaci\u00f3n mediante micro-fusi\u00f3n para evitar sobrepresiones y rozaduras. Tejido t\u00e9cnico de m\u00e1xima resistencia y transpirabilidad con el m\u00ednimo espesor. Permite la flexi\u00f3n del codo. Incorpora una pieza de pl\u00e1stico flexible conformado anat\u00f3micamente que distribuye la presi\u00f3n de [&hellip;]<\/p>\n","protected":false},"featured_media":2017,"comment_status":"open","ping_status":"closed","template":"","meta":{"saved_in_kubio":false},"product_brand":[],"product_cat":[94],"product_tag":[118],"class_list":{"0":"post-2016","1":"product","2":"type-product","3":"status-publish","4":"has-post-thumbnail","6":"product_cat-miembro-superior","7":"product_tag-emo","9":"first","10":"instock","11":"shipping-taxable","12":"product-type-simple"},"_links":{"self":[{"href":"https:\/\/ortopediagot.net\/Inicio\/wp-json\/wp\/v2\/product\/2016"}],"collection":[{"href":"https:\/\/ortopediagot.net\/Inicio\/wp-json\/wp\/v2\/product"}],"about":[{"href":"https:\/\/ortopediagot.net\/Inicio\/wp-json\/wp\/v2\/types\/product"}],"replies":[{"embeddable":true,"href":"https:\/\/ortopediagot.net\/Inicio\/wp-json\/wp\/v2\/comments?post=2016"}],"wp:featuredmedia":[{"embeddable":true,"href":"https:\/\/ortopediagot.net\/Inicio\/wp-json\/wp\/v2\/media\/2017"}],"wp:attachment":[{"href":"https:\/\/ortopediagot.net\/Inicio\/wp-json\/wp\/v2\/media?parent=2016"}],"wp:term":[{"taxonomy":"product_brand","embeddable":true,"href":"https:\/\/ortopediagot.net\/Inicio\/wp-json\/wp\/v2\/product_brand?post=2016"},{"taxonomy":"product_cat","embeddable":true,"href":"https:\/\/ortopediagot.net\/Inicio\/wp-json\/wp\/v2\/product_cat?post=2016"},{"taxonomy":"product_tag","embeddable":true,"href":"https:\/\/ortopediagot.net\/Inicio\/wp-json\/wp\/v2\/product_tag?post=2016"}],"curies":[{"name":"wp","href":"https:\/\/api.w.org\/{rel}","templated":true}]}}