{"id":2019,"date":"2024-05-27T17:36:08","date_gmt":"2024-05-27T16:36:08","guid":{"rendered":"https:\/\/ortopediagot.net\/?post_type=product&#038;p=2019"},"modified":"2024-05-27T17:36:09","modified_gmt":"2024-05-27T16:36:09","slug":"cd600-ortec-ortesis-control-flexo-extension-de-codo","status":"publish","type":"product","link":"https:\/\/ortopediagot.net\/Inicio\/producto\/cd600-ortec-ortesis-control-flexo-extension-de-codo\/","title":{"rendered":"CD600 ORTEC ORTESIS CONTROL FLEXO-EXTENSI\u00d3N DE CODO"},"content":{"rendered":"<p>Esguince y rotura de ligamento<br \/>\nCirug\u00eda de ligamentos de codo<br \/>\nFractura de ol\u00e9cranon.<br \/>\nLuxaci\u00f3n de codo.<br \/>\nFractura del tercio medio inferior de h\u00famero o relaconada con la articulaci\u00f3n de codo.<br \/>\nInmovilizaci\u00f3n post-quir\u00fargica.<\/p>\n<div class=\"tsf-campo-acf-titulo tsf-campo-acf-titulo-caracteristicas tsf_campo-acf tsf_caracteristicas\"><strong>Caracter\u00edsticas<\/strong><\/div>\n<div><\/div>\n<div class=\"tsf-campo-acf-valores tsf-campo-acf-valores-caracteristicas tsf_campo-acf tsf_caracteristicas\">Ortesis compuesta por dos valvas independientes unidas por dos articulaciones monoc\u00e9ntricas.<br \/>\nValva de brazo fabricada con un alma de polipropileno: soporte y control del movimiento.<br \/>\nArticulaciones monoc\u00e9ntricas regulables: desde 0\u00ba hasta 90\u00ba control de la flexo &#8211; extensi\u00f3n cada 30\u00ba.<br \/>\nLas articulaciones se pueden separar de las valvas para ajustar la longitud y tienen almohadilla.<br \/>\nValvas de interior almohadillado.<br \/>\nDos pares de cinchas de ajuste en brazo y antebrazo.<br \/>\nCinta de apoyo almohadillada para mejorar el confort durante el tratamiento.<br \/>\nBilateral<\/p>\n<\/div>\n<div class=\"tsf-campo-acf-titulo tsf-campo-acf-titulo-pa_tallas tsf_campo-acf tsf_pa_tallas\"><b><i>Tallas<\/i><\/b><\/div>\n<div><\/div>\n<div class=\"tsf-campo-acf-valores tsf-campo-acf-valores-pa_tallas tsf_campo-acf tsf_pa_tallas\">S, M, L<\/div>\n<div class=\"tsf-campo-acf-valores tsf-campo-acf-valores-tallas_medidas tsf_campo-acf tsf_pa_tallas_medidas\">PER\u00cdMETRO BRAZO: S (27 CM. &#8211; 33 CM.); M (33 CM. &#8211; 38 CM). L (38 CM. &#8211; 43 CM).<\/div>\n","protected":false},"excerpt":{"rendered":"<p>Esguince y rotura de ligamento Cirug\u00eda de ligamentos de codo Fractura de ol\u00e9cranon. Luxaci\u00f3n de codo. Fractura del tercio medio inferior de h\u00famero o relaconada con la articulaci\u00f3n de codo. Inmovilizaci\u00f3n post-quir\u00fargica. Caracter\u00edsticas Ortesis compuesta por dos valvas independientes unidas por dos articulaciones monoc\u00e9ntricas. Valva de brazo fabricada con un alma de polipropileno: soporte y [&hellip;]<\/p>\n","protected":false},"featured_media":2020,"comment_status":"open","ping_status":"closed","template":"","meta":{"saved_in_kubio":false},"product_brand":[],"product_cat":[94],"product_tag":[118],"class_list":{"0":"post-2019","1":"product","2":"type-product","3":"status-publish","4":"has-post-thumbnail","6":"product_cat-miembro-superior","7":"product_tag-emo","9":"first","10":"instock","11":"shipping-taxable","12":"product-type-simple"},"_links":{"self":[{"href":"https:\/\/ortopediagot.net\/Inicio\/wp-json\/wp\/v2\/product\/2019"}],"collection":[{"href":"https:\/\/ortopediagot.net\/Inicio\/wp-json\/wp\/v2\/product"}],"about":[{"href":"https:\/\/ortopediagot.net\/Inicio\/wp-json\/wp\/v2\/types\/product"}],"replies":[{"embeddable":true,"href":"https:\/\/ortopediagot.net\/Inicio\/wp-json\/wp\/v2\/comments?post=2019"}],"wp:featuredmedia":[{"embeddable":true,"href":"https:\/\/ortopediagot.net\/Inicio\/wp-json\/wp\/v2\/media\/2020"}],"wp:attachment":[{"href":"https:\/\/ortopediagot.net\/Inicio\/wp-json\/wp\/v2\/media?parent=2019"}],"wp:term":[{"taxonomy":"product_brand","embeddable":true,"href":"https:\/\/ortopediagot.net\/Inicio\/wp-json\/wp\/v2\/product_brand?post=2019"},{"taxonomy":"product_cat","embeddable":true,"href":"https:\/\/ortopediagot.net\/Inicio\/wp-json\/wp\/v2\/product_cat?post=2019"},{"taxonomy":"product_tag","embeddable":true,"href":"https:\/\/ortopediagot.net\/Inicio\/wp-json\/wp\/v2\/product_tag?post=2019"}],"curies":[{"name":"wp","href":"https:\/\/api.w.org\/{rel}","templated":true}]}}