{"id":2022,"date":"2024-05-27T17:38:51","date_gmt":"2024-05-27T16:38:51","guid":{"rendered":"https:\/\/ortopediagot.net\/?post_type=product&#038;p=2022"},"modified":"2024-05-27T17:38:52","modified_gmt":"2024-05-27T16:38:52","slug":"dq150-ortec-ferula-de-de-quervain-forrada","status":"publish","type":"product","link":"https:\/\/ortopediagot.net\/Inicio\/producto\/dq150-ortec-ferula-de-de-quervain-forrada\/","title":{"rendered":"DQ150 ORTEC F\u00c9RULA DE DE QUERVAIN FORRADA"},"content":{"rendered":"<p>Tendinitis de De Quervain<br \/>\nEstadios dolorosos o inflamatorios<br \/>\nInestabilidad de la articulaci\u00f3n trapeciometacarpiana y metacarpofal\u00e1ngica.<br \/>\nLesiones de los ligamentos laterales del primer metacarpo<br \/>\nPulgar del esquiador<\/p>\n<div class=\"tsf-campo-acf-titulo tsf-campo-acf-titulo-caracteristicas tsf_campo-acf tsf_caracteristicas\"><strong>Caracter\u00edsticas<\/strong><\/div>\n<div><\/div>\n<div class=\"tsf-campo-acf-valores tsf-campo-acf-valores-caracteristicas tsf_campo-acf tsf_caracteristicas\">F\u00e9rula postural anat\u00f3mica confeccionada en polietileno de baja densidad moldeado forrado para mayor comodidad durante el tratamiento.<br \/>\nTres puntos de fijaci\u00f3n, la palmar de cincha el\u00e1stica y las de mu\u00f1eca y antebrazo de velcro r\u00edgido.<br \/>\nSuaves cintas de sujecion removibles.<\/div>\n<div class=\"tsf-campo-acf-titulo tsf-campo-acf-titulo-pa_tallas tsf_campo-acf tsf_pa_tallas\"><\/div>\n<div><strong>Tallas<\/strong><\/div>\n<div><\/div>\n<div class=\"tsf-campo-acf-valores tsf-campo-acf-valores-pa_tallas tsf_campo-acf tsf_pa_tallas\">S, M, L<\/div>\n<div class=\"tsf-campo-acf-valores tsf-campo-acf-valores-tallas_medidas tsf_campo-acf tsf_pa_tallas_medidas\">CONTORNO DE MU\u00d1ECA\/LONGITUD EN CM.<br \/>\nS(&lt;17\/19), M(17-19\/21), L(&gt;19\/23).<\/div>\n<div class=\"tsf-campo-acf-valores tsf-campo-acf-valores-pa_lados tsf_campo-acf tsf_pa_lados\"><\/div>\n<div>\n<div class=\"tsf-campo-acf-titulo tsf-campo-acf-titulo-pa_colores tsf_campo-acf tsf_pa_colores\"><b><i>Color<\/i><\/b><\/div>\n<div><\/div>\n<div class=\"tsf-campo-acf-valores tsf-campo-acf-valores-pa_colores tsf_campo-acf tsf_pa_colores\">CARNE, GRIS<\/div>\n<\/div>\n","protected":false},"excerpt":{"rendered":"<p>Tendinitis de De Quervain Estadios dolorosos o inflamatorios Inestabilidad de la articulaci\u00f3n trapeciometacarpiana y metacarpofal\u00e1ngica. Lesiones de los ligamentos laterales del primer metacarpo Pulgar del esquiador Caracter\u00edsticas F\u00e9rula postural anat\u00f3mica confeccionada en polietileno de baja densidad moldeado forrado para mayor comodidad durante el tratamiento. Tres puntos de fijaci\u00f3n, la palmar de cincha el\u00e1stica y las [&hellip;]<\/p>\n","protected":false},"featured_media":2023,"comment_status":"open","ping_status":"closed","template":"","meta":{"saved_in_kubio":false},"product_brand":[],"product_cat":[94],"product_tag":[118],"class_list":{"0":"post-2022","1":"product","2":"type-product","3":"status-publish","4":"has-post-thumbnail","6":"product_cat-miembro-superior","7":"product_tag-emo","9":"first","10":"instock","11":"shipping-taxable","12":"product-type-simple"},"_links":{"self":[{"href":"https:\/\/ortopediagot.net\/Inicio\/wp-json\/wp\/v2\/product\/2022"}],"collection":[{"href":"https:\/\/ortopediagot.net\/Inicio\/wp-json\/wp\/v2\/product"}],"about":[{"href":"https:\/\/ortopediagot.net\/Inicio\/wp-json\/wp\/v2\/types\/product"}],"replies":[{"embeddable":true,"href":"https:\/\/ortopediagot.net\/Inicio\/wp-json\/wp\/v2\/comments?post=2022"}],"wp:featuredmedia":[{"embeddable":true,"href":"https:\/\/ortopediagot.net\/Inicio\/wp-json\/wp\/v2\/media\/2023"}],"wp:attachment":[{"href":"https:\/\/ortopediagot.net\/Inicio\/wp-json\/wp\/v2\/media?parent=2022"}],"wp:term":[{"taxonomy":"product_brand","embeddable":true,"href":"https:\/\/ortopediagot.net\/Inicio\/wp-json\/wp\/v2\/product_brand?post=2022"},{"taxonomy":"product_cat","embeddable":true,"href":"https:\/\/ortopediagot.net\/Inicio\/wp-json\/wp\/v2\/product_cat?post=2022"},{"taxonomy":"product_tag","embeddable":true,"href":"https:\/\/ortopediagot.net\/Inicio\/wp-json\/wp\/v2\/product_tag?post=2022"}],"curies":[{"name":"wp","href":"https:\/\/api.w.org\/{rel}","templated":true}]}}