{"id":2026,"date":"2024-05-27T17:43:44","date_gmt":"2024-05-27T16:43:44","guid":{"rendered":"https:\/\/ortopediagot.net\/?post_type=product&#038;p=2026"},"modified":"2024-05-27T17:43:44","modified_gmt":"2024-05-27T16:43:44","slug":"gda55-guante-de-agarre","status":"publish","type":"product","link":"https:\/\/ortopediagot.net\/Inicio\/producto\/gda55-guante-de-agarre\/","title":{"rendered":"GDA55 GUANTE DE AGARRE"},"content":{"rendered":"<p>Indicado para personas con funcionalidad o fuerza reducida de la mano: Ayuda a la recuperaci\u00f3n despu\u00e9s de un accidente cerebrovascular, par\u00e1lisis cerebral, lesi\u00f3n de la m\u00e9dula espinal o con cualquier discapacidad que afecte a la funcionalidad de las manos.<br \/>\nIndicada para actividades de la vida diaria, deporte o \u00e1mbito laboral.<br \/>\nRehabilitaci\u00f3n funcional<\/p>\n<div class=\"tsf-campo-acf-titulo tsf-campo-acf-titulo-caracteristicas tsf_campo-acf tsf_caracteristicas\"><strong>Caracter\u00edsticas<\/strong><\/div>\n<div><\/div>\n<div class=\"tsf-campo-acf-valores tsf-campo-acf-valores-caracteristicas tsf_campo-acf tsf_caracteristicas\">Ortesis fabricada con material viscoel\u00e1stico y reforzada con cinchas no el\u00e1sticas de gran resistencia.<br \/>\nEl guante ayuda a conformar la mano con la forma adecuada para el agarre y ayuda a sujetar con firmeza gran variedad de objetos<br \/>\nDise\u00f1ada para una colocaci\u00f3n con una sola mano.<\/div>\n<div class=\"tsf-campo-acf-valores tsf-campo-acf-valores-pa_colores tsf_campo-acf tsf_pa_colores\"><\/div>\n<div class=\"tsf-campo-acf-titulo tsf-campo-acf-titulo-pa_tallas tsf_campo-acf tsf_pa_tallas\"><b><i>Tallas<\/i><\/b><\/div>\n<div><\/div>\n<div class=\"tsf-campo-acf-valores tsf-campo-acf-valores-pa_tallas tsf_campo-acf tsf_pa_tallas\">S, M, L<\/div>\n<div class=\"tsf-campo-acf-valores tsf-campo-acf-valores-tallas_medidas tsf_campo-acf tsf_pa_tallas_medidas\">CONTORNO DE MU\u00d1ECA<br \/>\nS: 13 -15 CM; M: 14-18 CM; L: 18 &#8211; 22 CM<\/div>\n<div><\/div>\n<div>\n<div class=\"tsf-campo-acf-titulo tsf-campo-acf-titulo-pa_colores tsf_campo-acf tsf_pa_colores\"><b><i>Color<\/i><\/b><\/div>\n<div><\/div>\n<div class=\"tsf-campo-acf-valores tsf-campo-acf-valores-pa_colores tsf_campo-acf tsf_pa_colores\">NEGRO<\/div>\n<\/div>\n","protected":false},"excerpt":{"rendered":"<p>Indicado para personas con funcionalidad o fuerza reducida de la mano: Ayuda a la recuperaci\u00f3n despu\u00e9s de un accidente cerebrovascular, par\u00e1lisis cerebral, lesi\u00f3n de la m\u00e9dula espinal o con cualquier discapacidad que afecte a la funcionalidad de las manos. Indicada para actividades de la vida diaria, deporte o \u00e1mbito laboral. Rehabilitaci\u00f3n funcional Caracter\u00edsticas Ortesis fabricada [&hellip;]<\/p>\n","protected":false},"featured_media":2027,"comment_status":"open","ping_status":"closed","template":"","meta":{"saved_in_kubio":false},"product_brand":[],"product_cat":[94],"product_tag":[118],"class_list":{"0":"post-2026","1":"product","2":"type-product","3":"status-publish","4":"has-post-thumbnail","6":"product_cat-miembro-superior","7":"product_tag-emo","9":"first","10":"instock","11":"shipping-taxable","12":"product-type-simple"},"_links":{"self":[{"href":"https:\/\/ortopediagot.net\/Inicio\/wp-json\/wp\/v2\/product\/2026"}],"collection":[{"href":"https:\/\/ortopediagot.net\/Inicio\/wp-json\/wp\/v2\/product"}],"about":[{"href":"https:\/\/ortopediagot.net\/Inicio\/wp-json\/wp\/v2\/types\/product"}],"replies":[{"embeddable":true,"href":"https:\/\/ortopediagot.net\/Inicio\/wp-json\/wp\/v2\/comments?post=2026"}],"wp:featuredmedia":[{"embeddable":true,"href":"https:\/\/ortopediagot.net\/Inicio\/wp-json\/wp\/v2\/media\/2027"}],"wp:attachment":[{"href":"https:\/\/ortopediagot.net\/Inicio\/wp-json\/wp\/v2\/media?parent=2026"}],"wp:term":[{"taxonomy":"product_brand","embeddable":true,"href":"https:\/\/ortopediagot.net\/Inicio\/wp-json\/wp\/v2\/product_brand?post=2026"},{"taxonomy":"product_cat","embeddable":true,"href":"https:\/\/ortopediagot.net\/Inicio\/wp-json\/wp\/v2\/product_cat?post=2026"},{"taxonomy":"product_tag","embeddable":true,"href":"https:\/\/ortopediagot.net\/Inicio\/wp-json\/wp\/v2\/product_tag?post=2026"}],"curies":[{"name":"wp","href":"https:\/\/api.w.org\/{rel}","templated":true}]}}