{"id":2043,"date":"2024-05-27T18:00:55","date_gmt":"2024-05-27T17:00:55","guid":{"rendered":"https:\/\/ortopediagot.net\/?post_type=product&#038;p=2043"},"modified":"2024-05-27T18:00:55","modified_gmt":"2024-05-27T17:00:55","slug":"if010-ortec-inmovilizadora-interfalangicas","status":"publish","type":"product","link":"https:\/\/ortopediagot.net\/Inicio\/producto\/if010-ortec-inmovilizadora-interfalangicas\/","title":{"rendered":"IF010 ORTEC INMOVILIZADORA INTERFAL\u00c1NGICAS"},"content":{"rendered":"<p>Procesos dolorosos por traumatismo directo,<br \/>\nLesi\u00f3n o ruptura del extensor.<br \/>\nPost-operatorio<\/p>\n<div class=\"tsf-campo-acf-titulo tsf-campo-acf-titulo-caracteristicas tsf_campo-acf tsf_caracteristicas\"><strong>Caracter\u00edsticas<\/strong><\/div>\n<div><\/div>\n<div class=\"tsf-campo-acf-valores tsf-campo-acf-valores-caracteristicas tsf_campo-acf tsf_caracteristicas\">Fabricada en polietileno moldeado.<br \/>\nApoyo proximal conformado, lo que evita posibles movimientos.<br \/>\nIncluye cinchas de sujeci\u00f3n.<br \/>\nMaterial higi\u00e9nico y muy agradable al tacto.<br \/>\nInmoviliza las articulaci\u00f3n interfal\u00e1ngica distal y proximal en extensi\u00f3n. Muy sencilla de adaptar.<\/div>\n<div class=\"tsf-campo-acf-titulo tsf-campo-acf-titulo-pa_tallas tsf_campo-acf tsf_pa_tallas\"><\/div>\n<div><strong>Tallas<\/strong><\/div>\n<div><\/div>\n<div class=\"tsf-campo-acf-valores tsf-campo-acf-valores-pa_tallas tsf_campo-acf tsf_pa_tallas\">T.1, T.2, T.3, T.4, T.5, T.6, T.7, T.8, T.9<\/div>\n<div class=\"tsf-campo-acf-valores tsf-campo-acf-valores-tallas_medidas tsf_campo-acf tsf_pa_tallas_medidas\">LONGITUD DEL DEDO MEDIDO POR LA CARA PALMAR EN CM.<br \/>\n1(6.3), 2(6.8), 3(7.1), 4(7.5), 5(8.5), 6(9.5), 7(10), 8(10.3), 9(10.8).<\/div>\n","protected":false},"excerpt":{"rendered":"<p>Procesos dolorosos por traumatismo directo, Lesi\u00f3n o ruptura del extensor. Post-operatorio Caracter\u00edsticas Fabricada en polietileno moldeado. Apoyo proximal conformado, lo que evita posibles movimientos. Incluye cinchas de sujeci\u00f3n. Material higi\u00e9nico y muy agradable al tacto. Inmoviliza las articulaci\u00f3n interfal\u00e1ngica distal y proximal en extensi\u00f3n. Muy sencilla de adaptar. Tallas T.1, T.2, T.3, T.4, T.5, T.6, [&hellip;]<\/p>\n","protected":false},"featured_media":2044,"comment_status":"open","ping_status":"closed","template":"","meta":{"saved_in_kubio":false},"product_brand":[],"product_cat":[94],"product_tag":[118],"class_list":{"0":"post-2043","1":"product","2":"type-product","3":"status-publish","4":"has-post-thumbnail","6":"product_cat-miembro-superior","7":"product_tag-emo","9":"first","10":"instock","11":"shipping-taxable","12":"product-type-simple"},"_links":{"self":[{"href":"https:\/\/ortopediagot.net\/Inicio\/wp-json\/wp\/v2\/product\/2043"}],"collection":[{"href":"https:\/\/ortopediagot.net\/Inicio\/wp-json\/wp\/v2\/product"}],"about":[{"href":"https:\/\/ortopediagot.net\/Inicio\/wp-json\/wp\/v2\/types\/product"}],"replies":[{"embeddable":true,"href":"https:\/\/ortopediagot.net\/Inicio\/wp-json\/wp\/v2\/comments?post=2043"}],"wp:featuredmedia":[{"embeddable":true,"href":"https:\/\/ortopediagot.net\/Inicio\/wp-json\/wp\/v2\/media\/2044"}],"wp:attachment":[{"href":"https:\/\/ortopediagot.net\/Inicio\/wp-json\/wp\/v2\/media?parent=2043"}],"wp:term":[{"taxonomy":"product_brand","embeddable":true,"href":"https:\/\/ortopediagot.net\/Inicio\/wp-json\/wp\/v2\/product_brand?post=2043"},{"taxonomy":"product_cat","embeddable":true,"href":"https:\/\/ortopediagot.net\/Inicio\/wp-json\/wp\/v2\/product_cat?post=2043"},{"taxonomy":"product_tag","embeddable":true,"href":"https:\/\/ortopediagot.net\/Inicio\/wp-json\/wp\/v2\/product_tag?post=2043"}],"curies":[{"name":"wp","href":"https:\/\/api.w.org\/{rel}","templated":true}]}}