{"id":2045,"date":"2024-05-27T18:02:25","date_gmt":"2024-05-27T17:02:25","guid":{"rendered":"https:\/\/ortopediagot.net\/?post_type=product&#038;p=2045"},"modified":"2024-05-27T18:02:25","modified_gmt":"2024-05-27T17:02:25","slug":"if020-ferula-de-stack-inyectada","status":"publish","type":"product","link":"https:\/\/ortopediagot.net\/Inicio\/producto\/if020-ferula-de-stack-inyectada\/","title":{"rendered":"IF020 F\u00c9RULA DE STACK INYECTADA"},"content":{"rendered":"<p>Procesos dolorosos por traumatismo directo de la falange distal de los dedos.<br \/>\nArrancamiento del extensor en su inserci\u00f3n en la cara dorsal de la falange distal<\/p>\n<div class=\"tsf-campo-acf-titulo tsf-campo-acf-titulo-caracteristicas tsf_campo-acf tsf_caracteristicas\"><strong>Caracter\u00edsticas<\/strong><\/div>\n<div><\/div>\n<div class=\"tsf-campo-acf-valores tsf-campo-acf-valores-caracteristicas tsf_campo-acf tsf_caracteristicas\">Inmoviliza las articulaciones interfal\u00e1ngicas distales en ligera hiperextensi\u00f3n, liberando las proximales. Fabricada en polipropileno inyectado,<br \/>\nSe puede conformar sumergiendo la f\u00e9rula en agua caliente a 60\u00ba.<br \/>\nIncluye cinta de fijaci\u00f3n. Permite la higiene de la zona. Inmoviliza la zona distal sin interferir el movimiento de la IFP ni con el resto de los dedos.<\/div>\n<div class=\"tsf-campo-acf-titulo tsf-campo-acf-titulo-pa_tallas tsf_campo-acf tsf_pa_tallas\"><\/div>\n<div><strong>Tallas<\/strong><\/div>\n<div><\/div>\n<div class=\"tsf-campo-acf-valores tsf-campo-acf-valores-pa_tallas tsf_campo-acf tsf_pa_tallas\">T.1, T.2, T.3, T.4, T.5, T.6, T.7, T.8<\/div>\n<div class=\"tsf-campo-acf-valores tsf-campo-acf-valores-tallas_medidas tsf_campo-acf tsf_pa_tallas_medidas\">T.1\/1.6, T.2\/1.8, T.3\/2, T.4\/2.1, T.5\/2.2, T.6\/2.3, T.7\/2.5, T.8\/2.8<br \/>\nANCHO IFD-ARTICULACION INTERFALANGICA DISTAL EN CM.<\/div>\n","protected":false},"excerpt":{"rendered":"<p>Procesos dolorosos por traumatismo directo de la falange distal de los dedos. Arrancamiento del extensor en su inserci\u00f3n en la cara dorsal de la falange distal Caracter\u00edsticas Inmoviliza las articulaciones interfal\u00e1ngicas distales en ligera hiperextensi\u00f3n, liberando las proximales. Fabricada en polipropileno inyectado, Se puede conformar sumergiendo la f\u00e9rula en agua caliente a 60\u00ba. Incluye cinta [&hellip;]<\/p>\n","protected":false},"featured_media":2046,"comment_status":"open","ping_status":"closed","template":"","meta":{"saved_in_kubio":false},"product_brand":[],"product_cat":[94],"product_tag":[118],"class_list":{"0":"post-2045","1":"product","2":"type-product","3":"status-publish","4":"has-post-thumbnail","6":"product_cat-miembro-superior","7":"product_tag-emo","9":"first","10":"instock","11":"shipping-taxable","12":"product-type-simple"},"_links":{"self":[{"href":"https:\/\/ortopediagot.net\/Inicio\/wp-json\/wp\/v2\/product\/2045"}],"collection":[{"href":"https:\/\/ortopediagot.net\/Inicio\/wp-json\/wp\/v2\/product"}],"about":[{"href":"https:\/\/ortopediagot.net\/Inicio\/wp-json\/wp\/v2\/types\/product"}],"replies":[{"embeddable":true,"href":"https:\/\/ortopediagot.net\/Inicio\/wp-json\/wp\/v2\/comments?post=2045"}],"wp:featuredmedia":[{"embeddable":true,"href":"https:\/\/ortopediagot.net\/Inicio\/wp-json\/wp\/v2\/media\/2046"}],"wp:attachment":[{"href":"https:\/\/ortopediagot.net\/Inicio\/wp-json\/wp\/v2\/media?parent=2045"}],"wp:term":[{"taxonomy":"product_brand","embeddable":true,"href":"https:\/\/ortopediagot.net\/Inicio\/wp-json\/wp\/v2\/product_brand?post=2045"},{"taxonomy":"product_cat","embeddable":true,"href":"https:\/\/ortopediagot.net\/Inicio\/wp-json\/wp\/v2\/product_cat?post=2045"},{"taxonomy":"product_tag","embeddable":true,"href":"https:\/\/ortopediagot.net\/Inicio\/wp-json\/wp\/v2\/product_tag?post=2045"}],"curies":[{"name":"wp","href":"https:\/\/api.w.org\/{rel}","templated":true}]}}