{"id":2048,"date":"2024-05-27T18:07:25","date_gmt":"2024-05-27T17:07:25","guid":{"rendered":"https:\/\/ortopediagot.net\/?post_type=product&#038;p=2048"},"modified":"2024-05-27T18:07:25","modified_gmt":"2024-05-27T17:07:25","slug":"if020b-ortec-bolsa-10uds-ferula-de-stack-inyectada","status":"publish","type":"product","link":"https:\/\/ortopediagot.net\/Inicio\/producto\/if020b-ortec-bolsa-10uds-ferula-de-stack-inyectada\/","title":{"rendered":"IF020B ORTEC BOLSA 10UDS. F\u00c9RULA DE STACK INYECTADA"},"content":{"rendered":"<p>Procesos dolorosos por traumatismo directo de la falange distal de los dedos.<br \/>\nArrancamiento del extensor en su inserci\u00f3n en la cara dorsal de la falange distal<\/p>\n<div class=\"tsf-campo-acf-titulo tsf-campo-acf-titulo-caracteristicas tsf_campo-acf tsf_caracteristicas\"><strong>Caracter\u00edsticas<\/strong><\/div>\n<div><\/div>\n<div class=\"tsf-campo-acf-valores tsf-campo-acf-valores-caracteristicas tsf_campo-acf tsf_caracteristicas\">Fabricada en polipropileno inyectado,<br \/>\nSe puede conformar sumergiendo la f\u00e9rula en agua caliente a 60\u00ba.<br \/>\nIncluye cinta de fijaci\u00f3n.<br \/>\nBolsas de 10 uds. de la misma talla sin cintas de fijaci\u00f3n.<\/div>\n<div class=\"tsf-campo-acf-titulo tsf-campo-acf-titulo-pa_tallas tsf_campo-acf tsf_pa_tallas\"><\/div>\n<div><strong>Tallas<\/strong><\/div>\n<div><\/div>\n<div class=\"tsf-campo-acf-valores tsf-campo-acf-valores-pa_tallas tsf_campo-acf tsf_pa_tallas\">T.1, T.2, T.3, T.4, T.5, T.6, T.7, T.8<\/div>\n<div class=\"tsf-campo-acf-valores tsf-campo-acf-valores-tallas_medidas tsf_campo-acf tsf_pa_tallas_medidas\">T.1\/1.6, T.2\/1.8, T.3\/2, T.4\/2.1, T.5\/2.2, T.6\/2.3, T.7\/2.5, T.8\/2.8<br \/>\nANCHO IFD-ARTICULACION INTERFALANGICA DISTAL EN CM.<\/div>\n","protected":false},"excerpt":{"rendered":"<p>Procesos dolorosos por traumatismo directo de la falange distal de los dedos. Arrancamiento del extensor en su inserci\u00f3n en la cara dorsal de la falange distal Caracter\u00edsticas Fabricada en polipropileno inyectado, Se puede conformar sumergiendo la f\u00e9rula en agua caliente a 60\u00ba. Incluye cinta de fijaci\u00f3n. Bolsas de 10 uds. de la misma talla sin [&hellip;]<\/p>\n","protected":false},"featured_media":2049,"comment_status":"open","ping_status":"closed","template":"","meta":{"saved_in_kubio":false},"product_brand":[],"product_cat":[94],"product_tag":[118],"class_list":{"0":"post-2048","1":"product","2":"type-product","3":"status-publish","4":"has-post-thumbnail","6":"product_cat-miembro-superior","7":"product_tag-emo","9":"first","10":"instock","11":"shipping-taxable","12":"product-type-simple"},"_links":{"self":[{"href":"https:\/\/ortopediagot.net\/Inicio\/wp-json\/wp\/v2\/product\/2048"}],"collection":[{"href":"https:\/\/ortopediagot.net\/Inicio\/wp-json\/wp\/v2\/product"}],"about":[{"href":"https:\/\/ortopediagot.net\/Inicio\/wp-json\/wp\/v2\/types\/product"}],"replies":[{"embeddable":true,"href":"https:\/\/ortopediagot.net\/Inicio\/wp-json\/wp\/v2\/comments?post=2048"}],"wp:featuredmedia":[{"embeddable":true,"href":"https:\/\/ortopediagot.net\/Inicio\/wp-json\/wp\/v2\/media\/2049"}],"wp:attachment":[{"href":"https:\/\/ortopediagot.net\/Inicio\/wp-json\/wp\/v2\/media?parent=2048"}],"wp:term":[{"taxonomy":"product_brand","embeddable":true,"href":"https:\/\/ortopediagot.net\/Inicio\/wp-json\/wp\/v2\/product_brand?post=2048"},{"taxonomy":"product_cat","embeddable":true,"href":"https:\/\/ortopediagot.net\/Inicio\/wp-json\/wp\/v2\/product_cat?post=2048"},{"taxonomy":"product_tag","embeddable":true,"href":"https:\/\/ortopediagot.net\/Inicio\/wp-json\/wp\/v2\/product_tag?post=2048"}],"curies":[{"name":"wp","href":"https:\/\/api.w.org\/{rel}","templated":true}]}}