{"id":2050,"date":"2024-05-27T18:09:04","date_gmt":"2024-05-27T17:09:04","guid":{"rendered":"https:\/\/ortopediagot.net\/?post_type=product&#038;p=2050"},"modified":"2024-05-27T18:09:04","modified_gmt":"2024-05-27T17:09:04","slug":"if030-ferula-de-stack-moldeada","status":"publish","type":"product","link":"https:\/\/ortopediagot.net\/Inicio\/producto\/if030-ferula-de-stack-moldeada\/","title":{"rendered":"IF030 F\u00c9RULA DE STACK MOLDEADA"},"content":{"rendered":"<p>Procesos dolorosos por traumatismo directo de la falange distal de los dedos.<br \/>\nArrancamiento del extensor en su inserci\u00f3n en la cara dorsal de la falange distal<\/p>\n<div class=\"tsf-campo-acf-titulo tsf-campo-acf-titulo-caracteristicas tsf_campo-acf tsf_caracteristicas\"><strong>Caracter\u00edsticas<\/strong><\/div>\n<div><\/div>\n<div class=\"tsf-campo-acf-valores tsf-campo-acf-valores-caracteristicas tsf_campo-acf tsf_caracteristicas\">Fabricada en polietileno moldeado,<br \/>\nSe puede conformar manualmente con aire caliente seco.<br \/>\nIncluye cinta de fijaci\u00f3n.<\/div>\n<div class=\"tsf-campo-acf-titulo tsf-campo-acf-titulo-pa_tallas tsf_campo-acf tsf_pa_tallas\"><\/div>\n<div><strong>Tallas<\/strong><\/div>\n<div><\/div>\n<div class=\"tsf-campo-acf-valores tsf-campo-acf-valores-pa_tallas tsf_campo-acf tsf_pa_tallas\">T.1, T.2, T.3, T.4, T.5, T.6, T.7, T.8<\/div>\n<div class=\"tsf-campo-acf-valores tsf-campo-acf-valores-tallas_medidas tsf_campo-acf tsf_pa_tallas_medidas\">T.1\/1.6, T.2\/1.8, T.3\/2, T.4\/2.1, T.5\/2.2, T.6\/2.3, T.7\/2.5, T.8\/2.8<br \/>\nANCHO IFD-ARTICULACION INTERFALANGICA DISTAL EN CM.<\/div>\n","protected":false},"excerpt":{"rendered":"<p>Procesos dolorosos por traumatismo directo de la falange distal de los dedos. Arrancamiento del extensor en su inserci\u00f3n en la cara dorsal de la falange distal Caracter\u00edsticas Fabricada en polietileno moldeado, Se puede conformar manualmente con aire caliente seco. Incluye cinta de fijaci\u00f3n. Tallas T.1, T.2, T.3, T.4, T.5, T.6, T.7, T.8 T.1\/1.6, T.2\/1.8, T.3\/2, [&hellip;]<\/p>\n","protected":false},"featured_media":2051,"comment_status":"open","ping_status":"closed","template":"","meta":{"saved_in_kubio":false},"product_brand":[],"product_cat":[94],"product_tag":[118],"class_list":{"0":"post-2050","1":"product","2":"type-product","3":"status-publish","4":"has-post-thumbnail","6":"product_cat-miembro-superior","7":"product_tag-emo","9":"first","10":"instock","11":"shipping-taxable","12":"product-type-simple"},"_links":{"self":[{"href":"https:\/\/ortopediagot.net\/Inicio\/wp-json\/wp\/v2\/product\/2050"}],"collection":[{"href":"https:\/\/ortopediagot.net\/Inicio\/wp-json\/wp\/v2\/product"}],"about":[{"href":"https:\/\/ortopediagot.net\/Inicio\/wp-json\/wp\/v2\/types\/product"}],"replies":[{"embeddable":true,"href":"https:\/\/ortopediagot.net\/Inicio\/wp-json\/wp\/v2\/comments?post=2050"}],"wp:featuredmedia":[{"embeddable":true,"href":"https:\/\/ortopediagot.net\/Inicio\/wp-json\/wp\/v2\/media\/2051"}],"wp:attachment":[{"href":"https:\/\/ortopediagot.net\/Inicio\/wp-json\/wp\/v2\/media?parent=2050"}],"wp:term":[{"taxonomy":"product_brand","embeddable":true,"href":"https:\/\/ortopediagot.net\/Inicio\/wp-json\/wp\/v2\/product_brand?post=2050"},{"taxonomy":"product_cat","embeddable":true,"href":"https:\/\/ortopediagot.net\/Inicio\/wp-json\/wp\/v2\/product_cat?post=2050"},{"taxonomy":"product_tag","embeddable":true,"href":"https:\/\/ortopediagot.net\/Inicio\/wp-json\/wp\/v2\/product_tag?post=2050"}],"curies":[{"name":"wp","href":"https:\/\/api.w.org\/{rel}","templated":true}]}}