{"id":2060,"date":"2024-05-28T12:35:36","date_gmt":"2024-05-28T11:35:36","guid":{"rendered":"https:\/\/ortopediagot.net\/?post_type=product&#038;p=2060"},"modified":"2024-05-28T12:35:37","modified_gmt":"2024-05-28T11:35:37","slug":"if702-intergrip-inmovilizadora-interfalangicas","status":"publish","type":"product","link":"https:\/\/ortopediagot.net\/Inicio\/producto\/if702-intergrip-inmovilizadora-interfalangicas\/","title":{"rendered":"IF702 INTERGRIP INMOVILIZADORA INTERFALANGICAS"},"content":{"rendered":"<p>Traumatismos articulares<br \/>\nLuxaciones y esguinces<br \/>\nFracturas de dedos<br \/>\nCapsulitis<br \/>\nBursitis<br \/>\nContractura de Dupuytren<br \/>\nTratamiento post-quir\u00fargico<\/p>\n<div class=\"tsf-campo-acf-titulo tsf-campo-acf-titulo-caracteristicas tsf_campo-acf tsf_caracteristicas\"><strong>Caracter\u00edsticas<\/strong><\/div>\n<div><\/div>\n<div class=\"tsf-campo-acf-valores tsf-campo-acf-valores-caracteristicas tsf_campo-acf tsf_caracteristicas\">Tejido suave, ligero y almohadillado<br \/>\nIncorpora f\u00e9rula de aluminio conformable<br \/>\nIncorpora almohadilla removible en mu\u00f1eca<br \/>\nFijaciones de velcro en diferentes posiciones<br \/>\nAjustable mediante velcro.<\/p>\n<\/div>\n<div class=\"tsf-campo-acf-titulo tsf-campo-acf-titulo-pa_tallas tsf_campo-acf tsf_pa_tallas\"><b><i>Tallas<\/i><\/b><\/div>\n<div><\/div>\n<div class=\"tsf-campo-acf-valores tsf-campo-acf-valores-pa_tallas tsf_campo-acf tsf_pa_tallas\">S, M, L<\/div>\n<div class=\"tsf-campo-acf-valores tsf-campo-acf-valores-tallas_medidas tsf_campo-acf tsf_pa_tallas_medidas\">LONGITUD DE LA MANO<br \/>\nS (13-16), M (16-19), L (19-22)<\/div>\n","protected":false},"excerpt":{"rendered":"<p>Traumatismos articulares Luxaciones y esguinces Fracturas de dedos Capsulitis Bursitis Contractura de Dupuytren Tratamiento post-quir\u00fargico Caracter\u00edsticas Tejido suave, ligero y almohadillado Incorpora f\u00e9rula de aluminio conformable Incorpora almohadilla removible en mu\u00f1eca Fijaciones de velcro en diferentes posiciones Ajustable mediante velcro. Tallas S, M, L LONGITUD DE LA MANO S (13-16), M (16-19), L (19-22)<\/p>\n","protected":false},"featured_media":2061,"comment_status":"open","ping_status":"closed","template":"","meta":{"saved_in_kubio":false},"product_brand":[],"product_cat":[94],"product_tag":[118],"class_list":{"0":"post-2060","1":"product","2":"type-product","3":"status-publish","4":"has-post-thumbnail","6":"product_cat-miembro-superior","7":"product_tag-emo","9":"first","10":"instock","11":"shipping-taxable","12":"product-type-simple"},"_links":{"self":[{"href":"https:\/\/ortopediagot.net\/Inicio\/wp-json\/wp\/v2\/product\/2060"}],"collection":[{"href":"https:\/\/ortopediagot.net\/Inicio\/wp-json\/wp\/v2\/product"}],"about":[{"href":"https:\/\/ortopediagot.net\/Inicio\/wp-json\/wp\/v2\/types\/product"}],"replies":[{"embeddable":true,"href":"https:\/\/ortopediagot.net\/Inicio\/wp-json\/wp\/v2\/comments?post=2060"}],"wp:featuredmedia":[{"embeddable":true,"href":"https:\/\/ortopediagot.net\/Inicio\/wp-json\/wp\/v2\/media\/2061"}],"wp:attachment":[{"href":"https:\/\/ortopediagot.net\/Inicio\/wp-json\/wp\/v2\/media?parent=2060"}],"wp:term":[{"taxonomy":"product_brand","embeddable":true,"href":"https:\/\/ortopediagot.net\/Inicio\/wp-json\/wp\/v2\/product_brand?post=2060"},{"taxonomy":"product_cat","embeddable":true,"href":"https:\/\/ortopediagot.net\/Inicio\/wp-json\/wp\/v2\/product_cat?post=2060"},{"taxonomy":"product_tag","embeddable":true,"href":"https:\/\/ortopediagot.net\/Inicio\/wp-json\/wp\/v2\/product_tag?post=2060"}],"curies":[{"name":"wp","href":"https:\/\/api.w.org\/{rel}","templated":true}]}}