{"id":2062,"date":"2024-05-28T12:37:05","date_gmt":"2024-05-28T11:37:05","guid":{"rendered":"https:\/\/ortopediagot.net\/?post_type=product&#038;p=2062"},"modified":"2024-05-28T12:37:06","modified_gmt":"2024-05-28T11:37:06","slug":"kcl401-kids-inmovilizador-de-clavicula","status":"publish","type":"product","link":"https:\/\/ortopediagot.net\/Inicio\/producto\/kcl401-kids-inmovilizador-de-clavicula\/","title":{"rendered":"KCL401 KIDS INMOVILIZADOR DE CLAVICULA"},"content":{"rendered":"<p>Fractura de clav\u00edcula,<br \/>\nPost-operatorio.<\/p>\n<div class=\"tsf-campo-acf-titulo tsf-campo-acf-titulo-caracteristicas tsf_campo-acf tsf_caracteristicas\"><strong>Caracter\u00edsticas<\/strong><\/div>\n<div><\/div>\n<div class=\"tsf-campo-acf-valores tsf-campo-acf-valores-caracteristicas tsf_campo-acf tsf_caracteristicas\">Cinchas inel\u00e1sticas en \u00abocho\u00bb de guarismo.<br \/>\nRegulaci\u00f3n de la tracci\u00f3n mediante cuatro puntos de ajuste independientes. Amplias almohadillas que se adaptan f\u00e1cilmente y evitan rozaduras y sobrepresiones.<\/div>\n","protected":false},"excerpt":{"rendered":"<p>Fractura de clav\u00edcula, Post-operatorio. Caracter\u00edsticas Cinchas inel\u00e1sticas en \u00abocho\u00bb de guarismo. Regulaci\u00f3n de la tracci\u00f3n mediante cuatro puntos de ajuste independientes. Amplias almohadillas que se adaptan f\u00e1cilmente y evitan rozaduras y sobrepresiones.<\/p>\n","protected":false},"featured_media":2063,"comment_status":"open","ping_status":"closed","template":"","meta":{"saved_in_kubio":false},"product_brand":[],"product_cat":[94],"product_tag":[118],"class_list":{"0":"post-2062","1":"product","2":"type-product","3":"status-publish","4":"has-post-thumbnail","6":"product_cat-miembro-superior","7":"product_tag-emo","9":"first","10":"instock","11":"shipping-taxable","12":"product-type-simple"},"_links":{"self":[{"href":"https:\/\/ortopediagot.net\/Inicio\/wp-json\/wp\/v2\/product\/2062"}],"collection":[{"href":"https:\/\/ortopediagot.net\/Inicio\/wp-json\/wp\/v2\/product"}],"about":[{"href":"https:\/\/ortopediagot.net\/Inicio\/wp-json\/wp\/v2\/types\/product"}],"replies":[{"embeddable":true,"href":"https:\/\/ortopediagot.net\/Inicio\/wp-json\/wp\/v2\/comments?post=2062"}],"wp:featuredmedia":[{"embeddable":true,"href":"https:\/\/ortopediagot.net\/Inicio\/wp-json\/wp\/v2\/media\/2063"}],"wp:attachment":[{"href":"https:\/\/ortopediagot.net\/Inicio\/wp-json\/wp\/v2\/media?parent=2062"}],"wp:term":[{"taxonomy":"product_brand","embeddable":true,"href":"https:\/\/ortopediagot.net\/Inicio\/wp-json\/wp\/v2\/product_brand?post=2062"},{"taxonomy":"product_cat","embeddable":true,"href":"https:\/\/ortopediagot.net\/Inicio\/wp-json\/wp\/v2\/product_cat?post=2062"},{"taxonomy":"product_tag","embeddable":true,"href":"https:\/\/ortopediagot.net\/Inicio\/wp-json\/wp\/v2\/product_tag?post=2062"}],"curies":[{"name":"wp","href":"https:\/\/api.w.org\/{rel}","templated":true}]}}