{"id":2065,"date":"2024-05-28T12:39:03","date_gmt":"2024-05-28T11:39:03","guid":{"rendered":"https:\/\/ortopediagot.net\/?post_type=product&#038;p=2065"},"modified":"2024-05-28T12:39:04","modified_gmt":"2024-05-28T11:39:04","slug":"kmq401-kids-inmovilizadora-de-muneca","status":"publish","type":"product","link":"https:\/\/ortopediagot.net\/Inicio\/producto\/kmq401-kids-inmovilizadora-de-muneca\/","title":{"rendered":"KMQ401 KIDS INMOVILIZADORA DE MU\u00d1ECA"},"content":{"rendered":"<p>Traumatismos para-articulares de mu\u00f1eca sin fractura<br \/>\nEsguince recidivante de mu\u00f1eca<br \/>\nSecuela dolorosa o inflamatoria<\/p>\n<div class=\"tsf-campo-acf-titulo tsf-campo-acf-titulo-caracteristicas tsf_campo-acf tsf_caracteristicas\"><strong>Caracter\u00edsticas<\/strong><\/div>\n<div><\/div>\n<div class=\"tsf-campo-acf-valores tsf-campo-acf-valores-caracteristicas tsf_campo-acf tsf_caracteristicas\">Mu\u00f1equera inmovilizadora con cierre de velcro.<br \/>\nIncorpora una f\u00e9rula de aluminio maleable conformada y extra\u00edble.<\/div>\n<div class=\"tsf-campo-acf-titulo tsf-campo-acf-titulo-pa_tallas tsf_campo-acf tsf_pa_tallas\"><\/div>\n<div><strong>Tallas<\/strong><\/div>\n<div><\/div>\n<div class=\"tsf-campo-acf-valores tsf-campo-acf-valores-pa_tallas tsf_campo-acf tsf_pa_tallas\">XS, S<\/div>\n<div class=\"tsf-campo-acf-valores tsf-campo-acf-valores-tallas_medidas tsf_campo-acf tsf_pa_tallas_medidas\">CONTORNO DE MU\u00d1ECA<br \/>\nXS: 10-12 CM; S: 12-14CM.<\/div>\n<div class=\"tsf-campo-acf-valores tsf-campo-acf-valores-pa_lados tsf_campo-acf tsf_pa_lados\"><\/div>\n<div class=\"tsf-campo-acf-titulo tsf-campo-acf-titulo-altura tsf_campo-acf tsf_altura\"><b><i>Altura<\/i><\/b><\/div>\n<div><\/div>\n<div class=\"tsf-campo-acf-valores tsf-campo-acf-valores-altura tsf_campo-acf tsf_altura\">XS: 13 CM; S: 15 CM.<\/div>\n","protected":false},"excerpt":{"rendered":"<p>Traumatismos para-articulares de mu\u00f1eca sin fractura Esguince recidivante de mu\u00f1eca Secuela dolorosa o inflamatoria Caracter\u00edsticas Mu\u00f1equera inmovilizadora con cierre de velcro. Incorpora una f\u00e9rula de aluminio maleable conformada y extra\u00edble. Tallas XS, S CONTORNO DE MU\u00d1ECA XS: 10-12 CM; S: 12-14CM. Altura XS: 13 CM; S: 15 CM.<\/p>\n","protected":false},"featured_media":2066,"comment_status":"open","ping_status":"closed","template":"","meta":{"saved_in_kubio":false},"product_brand":[],"product_cat":[94],"product_tag":[118],"class_list":{"0":"post-2065","1":"product","2":"type-product","3":"status-publish","4":"has-post-thumbnail","6":"product_cat-miembro-superior","7":"product_tag-emo","9":"first","10":"instock","11":"shipping-taxable","12":"product-type-simple"},"_links":{"self":[{"href":"https:\/\/ortopediagot.net\/Inicio\/wp-json\/wp\/v2\/product\/2065"}],"collection":[{"href":"https:\/\/ortopediagot.net\/Inicio\/wp-json\/wp\/v2\/product"}],"about":[{"href":"https:\/\/ortopediagot.net\/Inicio\/wp-json\/wp\/v2\/types\/product"}],"replies":[{"embeddable":true,"href":"https:\/\/ortopediagot.net\/Inicio\/wp-json\/wp\/v2\/comments?post=2065"}],"wp:featuredmedia":[{"embeddable":true,"href":"https:\/\/ortopediagot.net\/Inicio\/wp-json\/wp\/v2\/media\/2066"}],"wp:attachment":[{"href":"https:\/\/ortopediagot.net\/Inicio\/wp-json\/wp\/v2\/media?parent=2065"}],"wp:term":[{"taxonomy":"product_brand","embeddable":true,"href":"https:\/\/ortopediagot.net\/Inicio\/wp-json\/wp\/v2\/product_brand?post=2065"},{"taxonomy":"product_cat","embeddable":true,"href":"https:\/\/ortopediagot.net\/Inicio\/wp-json\/wp\/v2\/product_cat?post=2065"},{"taxonomy":"product_tag","embeddable":true,"href":"https:\/\/ortopediagot.net\/Inicio\/wp-json\/wp\/v2\/product_tag?post=2065"}],"curies":[{"name":"wp","href":"https:\/\/api.w.org\/{rel}","templated":true}]}}