{"id":2070,"date":"2024-05-28T12:41:56","date_gmt":"2024-05-28T11:41:56","guid":{"rendered":"https:\/\/ortopediagot.net\/?post_type=product&#038;p=2070"},"modified":"2024-05-28T12:41:57","modified_gmt":"2024-05-28T11:41:57","slug":"ksp401-kids-soporte-de-antebrazo","status":"publish","type":"product","link":"https:\/\/ortopediagot.net\/Inicio\/producto\/ksp401-kids-soporte-de-antebrazo\/","title":{"rendered":"KSP401 KIDS SOPORTE DE ANTEBRAZO"},"content":{"rendered":"<p>Traumatismos en hombro y brazo<br \/>\nSubluxaci\u00f3n<br \/>\nLesiones en partes blandas (quemaduras, infecciones)<br \/>\nSecuelas inflamatorias o dolorosas<br \/>\nPostoperatorio<\/p>\n<div class=\"tsf-campo-acf-titulo tsf-campo-acf-titulo-caracteristicas tsf_campo-acf tsf_caracteristicas\"><strong>Caracter\u00edsticas<\/strong><\/div>\n<div><\/div>\n<div class=\"tsf-campo-acf-valores tsf-campo-acf-valores-caracteristicas tsf_campo-acf tsf_caracteristicas\">Cabestrillo infantil para el soporte del brazo.<br \/>\nTejido extremadamente transpirable.<br \/>\nCon bucle para facilitar el descanso del pulgar y la posici\u00f3n de la mu\u00f1eca.<br \/>\nAlmohadilla protectora del hombro<\/div>\n<div class=\"tsf-campo-acf-titulo tsf-campo-acf-titulo-pa_tallas tsf_campo-acf tsf_pa_tallas\"><\/div>\n<div><strong>Tallas<\/strong><\/div>\n<div><\/div>\n<div class=\"tsf-campo-acf-valores tsf-campo-acf-valores-pa_tallas tsf_campo-acf tsf_pa_tallas\">XS, S<\/div>\n<div class=\"tsf-campo-acf-valores tsf-campo-acf-valores-tallas_medidas tsf_campo-acf tsf_pa_tallas_medidas\">LONGITUD DESDE CODO HASTA FLEXI\u00d3N DE LOS DEDOS<br \/>\nXS: 18-22 CM ; S: 23-27 CM<\/div>\n","protected":false},"excerpt":{"rendered":"<p>Traumatismos en hombro y brazo Subluxaci\u00f3n Lesiones en partes blandas (quemaduras, infecciones) Secuelas inflamatorias o dolorosas Postoperatorio Caracter\u00edsticas Cabestrillo infantil para el soporte del brazo. Tejido extremadamente transpirable. Con bucle para facilitar el descanso del pulgar y la posici\u00f3n de la mu\u00f1eca. Almohadilla protectora del hombro Tallas XS, S LONGITUD DESDE CODO HASTA FLEXI\u00d3N DE [&hellip;]<\/p>\n","protected":false},"featured_media":2071,"comment_status":"open","ping_status":"closed","template":"","meta":{"saved_in_kubio":false},"product_brand":[],"product_cat":[94],"product_tag":[118],"class_list":{"0":"post-2070","1":"product","2":"type-product","3":"status-publish","4":"has-post-thumbnail","6":"product_cat-miembro-superior","7":"product_tag-emo","9":"first","10":"instock","11":"shipping-taxable","12":"product-type-simple"},"_links":{"self":[{"href":"https:\/\/ortopediagot.net\/Inicio\/wp-json\/wp\/v2\/product\/2070"}],"collection":[{"href":"https:\/\/ortopediagot.net\/Inicio\/wp-json\/wp\/v2\/product"}],"about":[{"href":"https:\/\/ortopediagot.net\/Inicio\/wp-json\/wp\/v2\/types\/product"}],"replies":[{"embeddable":true,"href":"https:\/\/ortopediagot.net\/Inicio\/wp-json\/wp\/v2\/comments?post=2070"}],"wp:featuredmedia":[{"embeddable":true,"href":"https:\/\/ortopediagot.net\/Inicio\/wp-json\/wp\/v2\/media\/2071"}],"wp:attachment":[{"href":"https:\/\/ortopediagot.net\/Inicio\/wp-json\/wp\/v2\/media?parent=2070"}],"wp:term":[{"taxonomy":"product_brand","embeddable":true,"href":"https:\/\/ortopediagot.net\/Inicio\/wp-json\/wp\/v2\/product_brand?post=2070"},{"taxonomy":"product_cat","embeddable":true,"href":"https:\/\/ortopediagot.net\/Inicio\/wp-json\/wp\/v2\/product_cat?post=2070"},{"taxonomy":"product_tag","embeddable":true,"href":"https:\/\/ortopediagot.net\/Inicio\/wp-json\/wp\/v2\/product_tag?post=2070"}],"curies":[{"name":"wp","href":"https:\/\/api.w.org\/{rel}","templated":true}]}}