{"id":2072,"date":"2024-05-28T12:43:53","date_gmt":"2024-05-28T11:43:53","guid":{"rendered":"https:\/\/ortopediagot.net\/?post_type=product&#038;p=2072"},"modified":"2024-05-28T12:48:08","modified_gmt":"2024-05-28T11:48:08","slug":"lif500-lifter-braquial","status":"publish","type":"product","link":"https:\/\/ortopediagot.net\/Inicio\/producto\/lif500-lifter-braquial\/","title":{"rendered":"LIF500 LIFTER BRAQUIAL"},"content":{"rendered":"<p>Hemiplej\u00edas despu\u00e9s de ictus. Lesiones neurol\u00f3gicas del miembro superior.<\/p>\n<div class=\"tsf-campo-acf-titulo tsf-campo-acf-titulo-caracteristicas tsf_campo-acf tsf_caracteristicas\"><strong>Caracter\u00edsticas<\/strong><\/div>\n<div class=\"tsf-campo-acf-valores tsf-campo-acf-valores-caracteristicas tsf_campo-acf tsf_caracteristicas\">Dispositivo ort\u00e9sico consistente en un soporte para el hombro compuesto por una hombrera y una codera unidas por un conjunto de cinchas con ajuste mediante micro-velcro.<br \/>\nLa hombrera incorpora un alma de r\u00edgida de pl\u00e1stico para mejorar la funci\u00f3n de soporte del peso del brazo.<br \/>\nLa tracci\u00f3n \/ suspensi\u00f3n del brazo se realiza mediante dos cinchas.<br \/>\nAdicionalmente dispone de un tirante de control de posicionamiento para colocar el brazo y el hombro en la posici\u00f3n deseada.<br \/>\nPermite la colocaci\u00f3n de la ortesis por el propio paciente con una sola mano. El dise\u00f1o de la ortesis facilita al paciente la m\u00e1xima funcionalidad y libertad de movimiento del brazo.<br \/>\nFabricada con tejido de gran suavidad, que oporta calor terape\u00fatico y con alta transpirabilidad para proporcionar confort.<\/div>\n<div><strong>Tallas<\/strong><\/div>\n<div><\/div>\n<div class=\"tsf-campo-acf-valores tsf-campo-acf-valores-pa_tallas tsf_campo-acf tsf_pa_tallas\">S, M, L<\/div>\n<div class=\"tsf-campo-acf-valores tsf-campo-acf-valores-tallas_medidas tsf_campo-acf tsf_pa_tallas_medidas\">PER\u00cdMETRO A NIVEL MEDIO DE B\u00cdCEPS<br \/>\nS (23 CM. &#8211; 28 CM.); M (28 CM. &#8211; 34 CM). L (34 CM. &#8211; 40 CM).<\/div>\n","protected":false},"excerpt":{"rendered":"<p>Hemiplej\u00edas despu\u00e9s de ictus. Lesiones neurol\u00f3gicas del miembro superior. Caracter\u00edsticas Dispositivo ort\u00e9sico consistente en un soporte para el hombro compuesto por una hombrera y una codera unidas por un conjunto de cinchas con ajuste mediante micro-velcro. La hombrera incorpora un alma de r\u00edgida de pl\u00e1stico para mejorar la funci\u00f3n de soporte del peso del brazo. [&hellip;]<\/p>\n","protected":false},"featured_media":2073,"comment_status":"open","ping_status":"closed","template":"","meta":{"saved_in_kubio":false},"product_brand":[],"product_cat":[94],"product_tag":[118],"class_list":{"0":"post-2072","1":"product","2":"type-product","3":"status-publish","4":"has-post-thumbnail","6":"product_cat-miembro-superior","7":"product_tag-emo","9":"first","10":"instock","11":"shipping-taxable","12":"product-type-simple"},"_links":{"self":[{"href":"https:\/\/ortopediagot.net\/Inicio\/wp-json\/wp\/v2\/product\/2072"}],"collection":[{"href":"https:\/\/ortopediagot.net\/Inicio\/wp-json\/wp\/v2\/product"}],"about":[{"href":"https:\/\/ortopediagot.net\/Inicio\/wp-json\/wp\/v2\/types\/product"}],"replies":[{"embeddable":true,"href":"https:\/\/ortopediagot.net\/Inicio\/wp-json\/wp\/v2\/comments?post=2072"}],"wp:featuredmedia":[{"embeddable":true,"href":"https:\/\/ortopediagot.net\/Inicio\/wp-json\/wp\/v2\/media\/2073"}],"wp:attachment":[{"href":"https:\/\/ortopediagot.net\/Inicio\/wp-json\/wp\/v2\/media?parent=2072"}],"wp:term":[{"taxonomy":"product_brand","embeddable":true,"href":"https:\/\/ortopediagot.net\/Inicio\/wp-json\/wp\/v2\/product_brand?post=2072"},{"taxonomy":"product_cat","embeddable":true,"href":"https:\/\/ortopediagot.net\/Inicio\/wp-json\/wp\/v2\/product_cat?post=2072"},{"taxonomy":"product_tag","embeddable":true,"href":"https:\/\/ortopediagot.net\/Inicio\/wp-json\/wp\/v2\/product_tag?post=2072"}],"curies":[{"name":"wp","href":"https:\/\/api.w.org\/{rel}","templated":true}]}}