{"id":2074,"date":"2024-05-28T12:46:02","date_gmt":"2024-05-28T11:46:02","guid":{"rendered":"https:\/\/ortopediagot.net\/?post_type=product&#038;p=2074"},"modified":"2024-05-28T12:46:02","modified_gmt":"2024-05-28T11:46:02","slug":"lif600-lifter-braquial-antebrazo","status":"publish","type":"product","link":"https:\/\/ortopediagot.net\/Inicio\/producto\/lif600-lifter-braquial-antebrazo\/","title":{"rendered":"LIF600 LIFTER BRAQUIAL ANTEBRAZO"},"content":{"rendered":"<p>Hemiplej\u00edas despu\u00e9s de ictus.<br \/>\nLesiones neurol\u00f3gicas del miembro superior.<br \/>\nTraumatismo cr\u00e1neo cerebral.<br \/>\nLesiones del plexo-braquial con par\u00e1lisis de hombro y brazo.<br \/>\nLesiones de los nervios perif\u00e9ricos.<br \/>\nFlacidez y movimiento doloroso del hombro y brazo tras hemiplejia.<\/p>\n<div class=\"tsf-campo-acf-titulo tsf-campo-acf-titulo-caracteristicas tsf_campo-acf tsf_caracteristicas\"><strong>Caracter\u00edsticas<\/strong><\/div>\n<div><\/div>\n<div class=\"tsf-campo-acf-valores tsf-campo-acf-valores-caracteristicas tsf_campo-acf tsf_caracteristicas\">Dispositivo ort\u00e9sico consistente en un soporte para el hombro compuesto por una hombrera y un soporte de antebrazo unidos por un conjunto de cinchas con ajuste mediante micro-velcro.<br \/>\nLa hombrera incorpora un alma de r\u00edgida de pl\u00e1stico para mejorar la funci\u00f3n de soporte del peso del brazo.<br \/>\nLa tracci\u00f3n \/ suspensi\u00f3n del brazo se realiza mediante dos cinchas.<br \/>\nAdicionalmente dispone de un tirante de control de posicionamiento para colocar el brazo y el hombro en la posici\u00f3n deseada.<br \/>\nEspecialmente dise\u00f1ado para pacientes que mantienen alg\u00fan control de la movilidad del biceps.<br \/>\nPermite la colocaci\u00f3n de la ortesis por el propio paciente con una sola mano. El dise\u00f1o de la ortesis facilita al paciente la m\u00e1xima funcionalidad y libertad de movimiento del brazo.<br \/>\nFabricada con un suave tejido transpirable.<\/div>\n<div class=\"tsf-campo-acf-titulo tsf-campo-acf-titulo-pa_tallas tsf_campo-acf tsf_pa_tallas\"><\/div>\n<div><strong>Tallas<\/strong><\/div>\n<div><\/div>\n<div class=\"tsf-campo-acf-valores tsf-campo-acf-valores-pa_tallas tsf_campo-acf tsf_pa_tallas\">S, M, L<\/div>\n<div class=\"tsf-campo-acf-valores tsf-campo-acf-valores-tallas_medidas tsf_campo-acf tsf_pa_tallas_medidas\">DERECHO E IZQUIERDO<br \/>\nS (23 CM. &#8211; 28 CM.); M (28 CM. &#8211; 34 CM). L (34 CM. &#8211; 40 CM).<\/div>\n","protected":false},"excerpt":{"rendered":"<p>Hemiplej\u00edas despu\u00e9s de ictus. Lesiones neurol\u00f3gicas del miembro superior. Traumatismo cr\u00e1neo cerebral. Lesiones del plexo-braquial con par\u00e1lisis de hombro y brazo. Lesiones de los nervios perif\u00e9ricos. Flacidez y movimiento doloroso del hombro y brazo tras hemiplejia. Caracter\u00edsticas Dispositivo ort\u00e9sico consistente en un soporte para el hombro compuesto por una hombrera y un soporte de antebrazo [&hellip;]<\/p>\n","protected":false},"featured_media":2075,"comment_status":"open","ping_status":"closed","template":"","meta":{"saved_in_kubio":false},"product_brand":[],"product_cat":[94],"product_tag":[118],"class_list":{"0":"post-2074","1":"product","2":"type-product","3":"status-publish","4":"has-post-thumbnail","6":"product_cat-miembro-superior","7":"product_tag-emo","9":"first","10":"instock","11":"shipping-taxable","12":"product-type-simple"},"_links":{"self":[{"href":"https:\/\/ortopediagot.net\/Inicio\/wp-json\/wp\/v2\/product\/2074"}],"collection":[{"href":"https:\/\/ortopediagot.net\/Inicio\/wp-json\/wp\/v2\/product"}],"about":[{"href":"https:\/\/ortopediagot.net\/Inicio\/wp-json\/wp\/v2\/types\/product"}],"replies":[{"embeddable":true,"href":"https:\/\/ortopediagot.net\/Inicio\/wp-json\/wp\/v2\/comments?post=2074"}],"wp:featuredmedia":[{"embeddable":true,"href":"https:\/\/ortopediagot.net\/Inicio\/wp-json\/wp\/v2\/media\/2075"}],"wp:attachment":[{"href":"https:\/\/ortopediagot.net\/Inicio\/wp-json\/wp\/v2\/media?parent=2074"}],"wp:term":[{"taxonomy":"product_brand","embeddable":true,"href":"https:\/\/ortopediagot.net\/Inicio\/wp-json\/wp\/v2\/product_brand?post=2074"},{"taxonomy":"product_cat","embeddable":true,"href":"https:\/\/ortopediagot.net\/Inicio\/wp-json\/wp\/v2\/product_cat?post=2074"},{"taxonomy":"product_tag","embeddable":true,"href":"https:\/\/ortopediagot.net\/Inicio\/wp-json\/wp\/v2\/product_tag?post=2074"}],"curies":[{"name":"wp","href":"https:\/\/api.w.org\/{rel}","templated":true}]}}