{"id":2081,"date":"2024-05-28T12:50:03","date_gmt":"2024-05-28T11:50:03","guid":{"rendered":"https:\/\/ortopediagot.net\/?post_type=product&#038;p=2081"},"modified":"2024-05-28T12:50:04","modified_gmt":"2024-05-28T11:50:04","slug":"mn100-ferula-postural-de-mano-plana","status":"publish","type":"product","link":"https:\/\/ortopediagot.net\/Inicio\/producto\/mn100-ferula-postural-de-mano-plana\/","title":{"rendered":"MN100 F\u00c9RULA POSTURAL DE MANO PLANA"},"content":{"rendered":"<p>Hemiplejias. Lesiones neurol\u00f3gicas de origen central o perif\u00e9rico. Par\u00e1lisis esp\u00e1sticas y fl\u00e1cidas. Artritis reumatoide. S\u00edndrome del t\u00fanel carpiano<br \/>\nPost-operatorios que requieran posici\u00f3n neutra en mu\u00f1eca. Antiescaras en quemados. Rehabilitaci\u00f3n de la extensi\u00f3n de las articulaciones metacarpofal\u00e1ngicas e interfal\u00e1ngicas.<\/p>\n<div class=\"tsf-campo-acf-titulo tsf-campo-acf-titulo-caracteristicas tsf_campo-acf tsf_caracteristicas\"><strong>Caracter\u00edsticas<\/strong><\/div>\n<div><\/div>\n<div class=\"tsf-campo-acf-valores tsf-campo-acf-valores-caracteristicas tsf_campo-acf tsf_caracteristicas\">F\u00e9rula confeccionada en termopl\u00e1stico de baja densidad<br \/>\nCuatro puntos de fijaci\u00f3n: palmar, pulgar, mu\u00f1eca y antebrazo<br \/>\nCintas de sujeci\u00f3n removibles<\/div>\n<div class=\"tsf-campo-acf-titulo tsf-campo-acf-titulo-pa_tallas tsf_campo-acf tsf_pa_tallas\"><\/div>\n<div><strong>Tallas<\/strong><\/div>\n<div><\/div>\n<div class=\"tsf-campo-acf-valores tsf-campo-acf-valores-pa_tallas tsf_campo-acf tsf_pa_tallas\">S, M, L<\/div>\n<div class=\"tsf-campo-acf-valores tsf-campo-acf-valores-tallas_medidas tsf_campo-acf tsf_pa_tallas_medidas\">ANCHO PALMAR EN CM.<br \/>\nS(6-7), M(7-8.5), L(8.5-10).<\/div>\n","protected":false},"excerpt":{"rendered":"<p>Hemiplejias. Lesiones neurol\u00f3gicas de origen central o perif\u00e9rico. Par\u00e1lisis esp\u00e1sticas y fl\u00e1cidas. Artritis reumatoide. S\u00edndrome del t\u00fanel carpiano Post-operatorios que requieran posici\u00f3n neutra en mu\u00f1eca. Antiescaras en quemados. Rehabilitaci\u00f3n de la extensi\u00f3n de las articulaciones metacarpofal\u00e1ngicas e interfal\u00e1ngicas. Caracter\u00edsticas F\u00e9rula confeccionada en termopl\u00e1stico de baja densidad Cuatro puntos de fijaci\u00f3n: palmar, pulgar, mu\u00f1eca y antebrazo [&hellip;]<\/p>\n","protected":false},"featured_media":2082,"comment_status":"open","ping_status":"closed","template":"","meta":{"saved_in_kubio":false},"product_brand":[],"product_cat":[94],"product_tag":[118],"class_list":{"0":"post-2081","1":"product","2":"type-product","3":"status-publish","4":"has-post-thumbnail","6":"product_cat-miembro-superior","7":"product_tag-emo","9":"first","10":"instock","11":"shipping-taxable","12":"product-type-simple"},"_links":{"self":[{"href":"https:\/\/ortopediagot.net\/Inicio\/wp-json\/wp\/v2\/product\/2081"}],"collection":[{"href":"https:\/\/ortopediagot.net\/Inicio\/wp-json\/wp\/v2\/product"}],"about":[{"href":"https:\/\/ortopediagot.net\/Inicio\/wp-json\/wp\/v2\/types\/product"}],"replies":[{"embeddable":true,"href":"https:\/\/ortopediagot.net\/Inicio\/wp-json\/wp\/v2\/comments?post=2081"}],"wp:featuredmedia":[{"embeddable":true,"href":"https:\/\/ortopediagot.net\/Inicio\/wp-json\/wp\/v2\/media\/2082"}],"wp:attachment":[{"href":"https:\/\/ortopediagot.net\/Inicio\/wp-json\/wp\/v2\/media?parent=2081"}],"wp:term":[{"taxonomy":"product_brand","embeddable":true,"href":"https:\/\/ortopediagot.net\/Inicio\/wp-json\/wp\/v2\/product_brand?post=2081"},{"taxonomy":"product_cat","embeddable":true,"href":"https:\/\/ortopediagot.net\/Inicio\/wp-json\/wp\/v2\/product_cat?post=2081"},{"taxonomy":"product_tag","embeddable":true,"href":"https:\/\/ortopediagot.net\/Inicio\/wp-json\/wp\/v2\/product_tag?post=2081"}],"curies":[{"name":"wp","href":"https:\/\/api.w.org\/{rel}","templated":true}]}}