{"id":2083,"date":"2024-05-28T12:51:39","date_gmt":"2024-05-28T11:51:39","guid":{"rendered":"https:\/\/ortopediagot.net\/?post_type=product&#038;p=2083"},"modified":"2024-05-28T12:51:39","modified_gmt":"2024-05-28T11:51:39","slug":"mn200-postural-de-mano-funcional","status":"publish","type":"product","link":"https:\/\/ortopediagot.net\/Inicio\/producto\/mn200-postural-de-mano-funcional\/","title":{"rendered":"MN200 POSTURAL DE MANO FUNCIONAL"},"content":{"rendered":"<p>Hemiplejias, artr\u00edtis reumatoidea aguda alivia el dolor y alinea las articulaciones, post-operatorios minimizando la p\u00e9rdida funcional de movilidad, antiescaras en quemados, encamados durante largos periodos. Previene la desviaci\u00f3n ulnar y radial.<\/p>\n<div class=\"tsf-campo-acf-titulo tsf-campo-acf-titulo-caracteristicas tsf_campo-acf tsf_caracteristicas\"><strong>Caracter\u00edsticas<\/strong><\/div>\n<div><\/div>\n<div class=\"tsf-campo-acf-valores tsf-campo-acf-valores-caracteristicas tsf_campo-acf tsf_caracteristicas\">F\u00e9rulas confeccionadas en polietileno de baja densidad para una perfecta adaptacion.<br \/>\nDise\u00f1os facilmente adaptables realizados con materiales ligeros que mejoran la comodidad del paciente.<br \/>\nDise\u00f1o anatomico que mantiene el conjunto mu\u00f1eca y mano en posici\u00f3n funcional, con dedo pulgar en oposi\u00f3n.<br \/>\nCintas de sujeci\u00f3n removibles, con mejor adaptaci\u00f3n mas c\u00f3modas para el paciente.<\/div>\n<div class=\"tsf-campo-acf-titulo tsf-campo-acf-titulo-pa_tallas tsf_campo-acf tsf_pa_tallas\"><\/div>\n<div><strong>Tallas<\/strong><\/div>\n<div><\/div>\n<div class=\"tsf-campo-acf-valores tsf-campo-acf-valores-pa_tallas tsf_campo-acf tsf_pa_tallas\">S, M, L<\/div>\n<div class=\"tsf-campo-acf-valores tsf-campo-acf-valores-tallas_medidas tsf_campo-acf tsf_pa_tallas_medidas\">ANCHO PALMAR EN CM.<br \/>\nS(6-7), M(7-8.5), L(8.5-10).<\/div>\n","protected":false},"excerpt":{"rendered":"<p>Hemiplejias, artr\u00edtis reumatoidea aguda alivia el dolor y alinea las articulaciones, post-operatorios minimizando la p\u00e9rdida funcional de movilidad, antiescaras en quemados, encamados durante largos periodos. Previene la desviaci\u00f3n ulnar y radial. Caracter\u00edsticas F\u00e9rulas confeccionadas en polietileno de baja densidad para una perfecta adaptacion. Dise\u00f1os facilmente adaptables realizados con materiales ligeros que mejoran la comodidad del [&hellip;]<\/p>\n","protected":false},"featured_media":2084,"comment_status":"open","ping_status":"closed","template":"","meta":{"saved_in_kubio":false},"product_brand":[],"product_cat":[94],"product_tag":[118],"class_list":{"0":"post-2083","1":"product","2":"type-product","3":"status-publish","4":"has-post-thumbnail","6":"product_cat-miembro-superior","7":"product_tag-emo","9":"first","10":"instock","11":"shipping-taxable","12":"product-type-simple"},"_links":{"self":[{"href":"https:\/\/ortopediagot.net\/Inicio\/wp-json\/wp\/v2\/product\/2083"}],"collection":[{"href":"https:\/\/ortopediagot.net\/Inicio\/wp-json\/wp\/v2\/product"}],"about":[{"href":"https:\/\/ortopediagot.net\/Inicio\/wp-json\/wp\/v2\/types\/product"}],"replies":[{"embeddable":true,"href":"https:\/\/ortopediagot.net\/Inicio\/wp-json\/wp\/v2\/comments?post=2083"}],"wp:featuredmedia":[{"embeddable":true,"href":"https:\/\/ortopediagot.net\/Inicio\/wp-json\/wp\/v2\/media\/2084"}],"wp:attachment":[{"href":"https:\/\/ortopediagot.net\/Inicio\/wp-json\/wp\/v2\/media?parent=2083"}],"wp:term":[{"taxonomy":"product_brand","embeddable":true,"href":"https:\/\/ortopediagot.net\/Inicio\/wp-json\/wp\/v2\/product_brand?post=2083"},{"taxonomy":"product_cat","embeddable":true,"href":"https:\/\/ortopediagot.net\/Inicio\/wp-json\/wp\/v2\/product_cat?post=2083"},{"taxonomy":"product_tag","embeddable":true,"href":"https:\/\/ortopediagot.net\/Inicio\/wp-json\/wp\/v2\/product_tag?post=2083"}],"curies":[{"name":"wp","href":"https:\/\/api.w.org\/{rel}","templated":true}]}}