{"id":2085,"date":"2024-05-28T12:54:00","date_gmt":"2024-05-28T11:54:00","guid":{"rendered":"https:\/\/ortopediagot.net\/?post_type=product&#038;p=2085"},"modified":"2024-05-28T12:54:01","modified_gmt":"2024-05-28T11:54:01","slug":"mn300-ferula-postural-de-control-posicional","status":"publish","type":"product","link":"https:\/\/ortopediagot.net\/Inicio\/producto\/mn300-ferula-postural-de-control-posicional\/","title":{"rendered":"MN300 F\u00c9RULA POSTURAL DE CONTROL POSICIONAL"},"content":{"rendered":"<p>Lesiones neurol\u00f3gicas perif\u00e9ricas y centrales<br \/>\nPrevenci\u00f3n y control de deformidades de origen reum\u00e1tico<br \/>\nPost-operatorio que requiera posicionar dedos, mano y mu\u00f1eca<br \/>\nS\u00edndrome del t\u00fanel carpiano<\/p>\n<div class=\"tsf-campo-acf-titulo tsf-campo-acf-titulo-caracteristicas tsf_campo-acf tsf_caracteristicas\"><strong>Caracter\u00edsticas<\/strong><\/div>\n<div><\/div>\n<div class=\"tsf-campo-acf-valores tsf-campo-acf-valores-caracteristicas tsf_campo-acf tsf_caracteristicas\">F\u00e9rula de aluminio maleable. Incorpora un alma de aluinio maleable de f\u00e1cil conformaci\u00f3n<br \/>\nPermite distintos posicionamientos de dedos, mano y mu\u00f1eca.<br \/>\nAlmohadillado HD interior para el m\u00e1ximo confort y transpirabilidad.<br \/>\nComponentes:<br \/>\nTres Cinchas de sujeci\u00f3n para el control de dedos, mano, mu\u00f1eca y antebrazo.<br \/>\nIncorpora separador interdigital removible.<\/div>\n<div class=\"tsf-campo-acf-titulo tsf-campo-acf-titulo-pa_tallas tsf_campo-acf tsf_pa_tallas\"><\/div>\n<div><strong>Tallas<\/strong><\/div>\n<div><\/div>\n<div class=\"tsf-campo-acf-valores tsf-campo-acf-valores-pa_tallas tsf_campo-acf tsf_pa_tallas\">S, M, L<\/div>\n<div class=\"tsf-campo-acf-valores tsf-campo-acf-valores-tallas_medidas tsf_campo-acf tsf_pa_tallas_medidas\">ANCHURA DE LA PALMA DE LA MANO EN CM.<br \/>\nS (5-7), M (7-9), L (9-11).<\/div>\n","protected":false},"excerpt":{"rendered":"<p>Lesiones neurol\u00f3gicas perif\u00e9ricas y centrales Prevenci\u00f3n y control de deformidades de origen reum\u00e1tico Post-operatorio que requiera posicionar dedos, mano y mu\u00f1eca S\u00edndrome del t\u00fanel carpiano Caracter\u00edsticas F\u00e9rula de aluminio maleable. Incorpora un alma de aluinio maleable de f\u00e1cil conformaci\u00f3n Permite distintos posicionamientos de dedos, mano y mu\u00f1eca. Almohadillado HD interior para el m\u00e1ximo confort y [&hellip;]<\/p>\n","protected":false},"featured_media":2086,"comment_status":"open","ping_status":"closed","template":"","meta":{"saved_in_kubio":false},"product_brand":[],"product_cat":[94],"product_tag":[118],"class_list":{"0":"post-2085","1":"product","2":"type-product","3":"status-publish","4":"has-post-thumbnail","6":"product_cat-miembro-superior","7":"product_tag-emo","9":"first","10":"instock","11":"shipping-taxable","12":"product-type-simple"},"_links":{"self":[{"href":"https:\/\/ortopediagot.net\/Inicio\/wp-json\/wp\/v2\/product\/2085"}],"collection":[{"href":"https:\/\/ortopediagot.net\/Inicio\/wp-json\/wp\/v2\/product"}],"about":[{"href":"https:\/\/ortopediagot.net\/Inicio\/wp-json\/wp\/v2\/types\/product"}],"replies":[{"embeddable":true,"href":"https:\/\/ortopediagot.net\/Inicio\/wp-json\/wp\/v2\/comments?post=2085"}],"wp:featuredmedia":[{"embeddable":true,"href":"https:\/\/ortopediagot.net\/Inicio\/wp-json\/wp\/v2\/media\/2086"}],"wp:attachment":[{"href":"https:\/\/ortopediagot.net\/Inicio\/wp-json\/wp\/v2\/media?parent=2085"}],"wp:term":[{"taxonomy":"product_brand","embeddable":true,"href":"https:\/\/ortopediagot.net\/Inicio\/wp-json\/wp\/v2\/product_brand?post=2085"},{"taxonomy":"product_cat","embeddable":true,"href":"https:\/\/ortopediagot.net\/Inicio\/wp-json\/wp\/v2\/product_cat?post=2085"},{"taxonomy":"product_tag","embeddable":true,"href":"https:\/\/ortopediagot.net\/Inicio\/wp-json\/wp\/v2\/product_tag?post=2085"}],"curies":[{"name":"wp","href":"https:\/\/api.w.org\/{rel}","templated":true}]}}