{"id":2095,"date":"2024-05-28T12:58:00","date_gmt":"2024-05-28T11:58:00","guid":{"rendered":"https:\/\/ortopediagot.net\/?post_type=product&#038;p=2095"},"modified":"2024-05-28T12:58:01","modified_gmt":"2024-05-28T11:58:01","slug":"mn500-ferula-inmovilizadora-de-muneca","status":"publish","type":"product","link":"https:\/\/ortopediagot.net\/Inicio\/producto\/mn500-ferula-inmovilizadora-de-muneca\/","title":{"rendered":"MN500 F\u00c9RULA INMOVILIZADORA DE MU\u00d1ECA"},"content":{"rendered":"<p>Traumatismo para-articular de mu\u00f1eca sin fractura<br \/>\nS\u00edndome de t\u00fanel carpiano<br \/>\nTenosinovitis<br \/>\nPost-operatorio<br \/>\nComplementaria a la estabilizaci\u00f3n despu\u00e9s de artrodesis<br \/>\nAlgia post-traum\u00e1tica<\/p>\n<div class=\"tsf-campo-acf-titulo tsf-campo-acf-titulo-caracteristicas tsf_campo-acf tsf_caracteristicas\"><strong>Caracter\u00edsticas<\/strong><\/div>\n<div><\/div>\n<div class=\"tsf-campo-acf-valores tsf-campo-acf-valores-caracteristicas tsf_campo-acf tsf_caracteristicas\">F\u00e9rula confeccionada en termopl\u00e1stico de baja densidad moldeado<br \/>\nFijaci\u00f3n segura mediante tres puntos de ajsute: palma, mu\u00f1eca y antebrazo.<br \/>\nRefuerzo por resalte palmar. Alojamiento para el pulgar.<br \/>\nApertura dorsal con leng\u00fceta. Cinchas de sujecion removibles.<br \/>\nDise\u00f1os facilmente adaptables y moldeables mediante pistola de aire caliente.<\/div>\n<div class=\"tsf-campo-acf-titulo tsf-campo-acf-titulo-pa_tallas tsf_campo-acf tsf_pa_tallas\"><\/div>\n<div><strong>Tallas<\/strong><\/div>\n<div><\/div>\n<div class=\"tsf-campo-acf-valores tsf-campo-acf-valores-pa_tallas tsf_campo-acf tsf_pa_tallas\">S, M, L<\/div>\n<div class=\"tsf-campo-acf-valores tsf-campo-acf-valores-tallas_medidas tsf_campo-acf tsf_pa_tallas_medidas\">CONTORNO DE MU\u00d1ECA EN CM.<br \/>\nS(14-17), M(17-20), L(20-23).<\/div>\n","protected":false},"excerpt":{"rendered":"<p>Traumatismo para-articular de mu\u00f1eca sin fractura S\u00edndome de t\u00fanel carpiano Tenosinovitis Post-operatorio Complementaria a la estabilizaci\u00f3n despu\u00e9s de artrodesis Algia post-traum\u00e1tica Caracter\u00edsticas F\u00e9rula confeccionada en termopl\u00e1stico de baja densidad moldeado Fijaci\u00f3n segura mediante tres puntos de ajsute: palma, mu\u00f1eca y antebrazo. Refuerzo por resalte palmar. Alojamiento para el pulgar. Apertura dorsal con leng\u00fceta. Cinchas de [&hellip;]<\/p>\n","protected":false},"featured_media":2096,"comment_status":"open","ping_status":"closed","template":"","meta":{"saved_in_kubio":false},"product_brand":[],"product_cat":[94],"product_tag":[118],"class_list":{"0":"post-2095","1":"product","2":"type-product","3":"status-publish","4":"has-post-thumbnail","6":"product_cat-miembro-superior","7":"product_tag-emo","9":"first","10":"instock","11":"shipping-taxable","12":"product-type-simple"},"_links":{"self":[{"href":"https:\/\/ortopediagot.net\/Inicio\/wp-json\/wp\/v2\/product\/2095"}],"collection":[{"href":"https:\/\/ortopediagot.net\/Inicio\/wp-json\/wp\/v2\/product"}],"about":[{"href":"https:\/\/ortopediagot.net\/Inicio\/wp-json\/wp\/v2\/types\/product"}],"replies":[{"embeddable":true,"href":"https:\/\/ortopediagot.net\/Inicio\/wp-json\/wp\/v2\/comments?post=2095"}],"wp:featuredmedia":[{"embeddable":true,"href":"https:\/\/ortopediagot.net\/Inicio\/wp-json\/wp\/v2\/media\/2096"}],"wp:attachment":[{"href":"https:\/\/ortopediagot.net\/Inicio\/wp-json\/wp\/v2\/media?parent=2095"}],"wp:term":[{"taxonomy":"product_brand","embeddable":true,"href":"https:\/\/ortopediagot.net\/Inicio\/wp-json\/wp\/v2\/product_brand?post=2095"},{"taxonomy":"product_cat","embeddable":true,"href":"https:\/\/ortopediagot.net\/Inicio\/wp-json\/wp\/v2\/product_cat?post=2095"},{"taxonomy":"product_tag","embeddable":true,"href":"https:\/\/ortopediagot.net\/Inicio\/wp-json\/wp\/v2\/product_tag?post=2095"}],"curies":[{"name":"wp","href":"https:\/\/api.w.org\/{rel}","templated":true}]}}