{"id":2097,"date":"2024-05-28T12:59:38","date_gmt":"2024-05-28T11:59:38","guid":{"rendered":"https:\/\/ortopediagot.net\/?post_type=product&#038;p=2097"},"modified":"2024-05-28T12:59:39","modified_gmt":"2024-05-28T11:59:39","slug":"mn600-ortesis-de-thomas","status":"publish","type":"product","link":"https:\/\/ortopediagot.net\/Inicio\/producto\/mn600-ortesis-de-thomas\/","title":{"rendered":"MN600 ORTESIS DE THOMAS"},"content":{"rendered":"<p>Paresia del nervio radial<br \/>\nPar\u00e1lisis del nervio radial<br \/>\nRehabilitador de la mano traum\u00e1tica o postquir\u00fargica.<br \/>\nCompresi\u00f3n o presi\u00f3n prolongada sobre el nervio radial<\/p>\n<div class=\"tsf-campo-acf-titulo tsf-campo-acf-titulo-caracteristicas tsf_campo-acf tsf_caracteristicas\"><strong>Caracter\u00edsticas<\/strong><\/div>\n<div><\/div>\n<div class=\"tsf-campo-acf-valores tsf-campo-acf-valores-caracteristicas tsf_campo-acf tsf_caracteristicas\">Ortesis confeccionada en termopl\u00e1stico de baja densidad moldeado.<br \/>\nValva dorsal con herraje de Thomas alto.<br \/>\nPieza medial para la abducci\u00f3n del pulgar.<br \/>\nCintas de sujecion removibles.<br \/>\nEl\u00e1sticos unidos a dediles para regular la tensi\u00f3n activa o pasiva de uno o varios dedos.<\/div>\n","protected":false},"excerpt":{"rendered":"<p>Paresia del nervio radial Par\u00e1lisis del nervio radial Rehabilitador de la mano traum\u00e1tica o postquir\u00fargica. Compresi\u00f3n o presi\u00f3n prolongada sobre el nervio radial Caracter\u00edsticas Ortesis confeccionada en termopl\u00e1stico de baja densidad moldeado. Valva dorsal con herraje de Thomas alto. Pieza medial para la abducci\u00f3n del pulgar. Cintas de sujecion removibles. El\u00e1sticos unidos a dediles para [&hellip;]<\/p>\n","protected":false},"featured_media":2098,"comment_status":"open","ping_status":"closed","template":"","meta":{"saved_in_kubio":false},"product_brand":[],"product_cat":[94],"product_tag":[118],"class_list":{"0":"post-2097","1":"product","2":"type-product","3":"status-publish","4":"has-post-thumbnail","6":"product_cat-miembro-superior","7":"product_tag-emo","9":"first","10":"instock","11":"shipping-taxable","12":"product-type-simple"},"_links":{"self":[{"href":"https:\/\/ortopediagot.net\/Inicio\/wp-json\/wp\/v2\/product\/2097"}],"collection":[{"href":"https:\/\/ortopediagot.net\/Inicio\/wp-json\/wp\/v2\/product"}],"about":[{"href":"https:\/\/ortopediagot.net\/Inicio\/wp-json\/wp\/v2\/types\/product"}],"replies":[{"embeddable":true,"href":"https:\/\/ortopediagot.net\/Inicio\/wp-json\/wp\/v2\/comments?post=2097"}],"wp:featuredmedia":[{"embeddable":true,"href":"https:\/\/ortopediagot.net\/Inicio\/wp-json\/wp\/v2\/media\/2098"}],"wp:attachment":[{"href":"https:\/\/ortopediagot.net\/Inicio\/wp-json\/wp\/v2\/media?parent=2097"}],"wp:term":[{"taxonomy":"product_brand","embeddable":true,"href":"https:\/\/ortopediagot.net\/Inicio\/wp-json\/wp\/v2\/product_brand?post=2097"},{"taxonomy":"product_cat","embeddable":true,"href":"https:\/\/ortopediagot.net\/Inicio\/wp-json\/wp\/v2\/product_cat?post=2097"},{"taxonomy":"product_tag","embeddable":true,"href":"https:\/\/ortopediagot.net\/Inicio\/wp-json\/wp\/v2\/product_tag?post=2097"}],"curies":[{"name":"wp","href":"https:\/\/api.w.org\/{rel}","templated":true}]}}