{"id":2104,"date":"2024-05-28T13:03:58","date_gmt":"2024-05-28T12:03:58","guid":{"rendered":"https:\/\/ortopediagot.net\/?post_type=product&#038;p=2104"},"modified":"2024-05-28T13:03:58","modified_gmt":"2024-05-28T12:03:58","slug":"mq403-inmovilizadora-de-muneca-ajustable","status":"publish","type":"product","link":"https:\/\/ortopediagot.net\/Inicio\/producto\/mq403-inmovilizadora-de-muneca-ajustable\/","title":{"rendered":"MQ403 INMOVILIZADORA DE MU\u00d1ECA AJUSTABLE"},"content":{"rendered":"<p>Traumatismos para-articulares de mu\u00f1eca sin fractura<br \/>\nEsguince recidivante de mu\u00f1eca<br \/>\nSecuela dolorosa o inflamatoria<br \/>\nTendinitis<br \/>\nPost-operatorio<br \/>\nOsteoartritis degenerativa<\/p>\n<div class=\"tsf-campo-acf-titulo tsf-campo-acf-titulo-caracteristicas tsf_campo-acf tsf_caracteristicas\"><strong>Caracter\u00edsticas<\/strong><\/div>\n<div><\/div>\n<div class=\"tsf-campo-acf-valores tsf-campo-acf-valores-caracteristicas tsf_campo-acf tsf_caracteristicas\">Mu\u00f1equera el\u00e1stica con cierre de velcro.<br \/>\nIncorpora una f\u00e9rula de aluminio maleble conformada y extra\u00edble.<br \/>\nDispone de una ancha cincha inel\u00e1stica de ajuste que refuerza el control de la movilidad articular<\/div>\n<div class=\"tsf-campo-acf-titulo tsf-campo-acf-titulo-pa_tallas tsf_campo-acf tsf_pa_tallas\"><\/div>\n<div><strong>Tallas<\/strong><\/div>\n<div><\/div>\n<div class=\"tsf-campo-acf-valores tsf-campo-acf-valores-pa_tallas tsf_campo-acf tsf_pa_tallas\">S, M, L, XL<\/div>\n<div class=\"tsf-campo-acf-valores tsf-campo-acf-valores-tallas_medidas tsf_campo-acf tsf_pa_tallas_medidas\">CONTORNO DE MU\u00d1ECA EN CM.<br \/>\nS (12-15 CM) , M (15-17 CM) , L (17-19 CM) , XL (19-21 CM).<\/div>\n<div class=\"tsf-campo-acf-valores tsf-campo-acf-valores-pa_lados tsf_campo-acf tsf_pa_lados\"><\/div>\n<div class=\"tsf-campo-acf-titulo tsf-campo-acf-titulo-altura tsf_campo-acf tsf_altura\"><b><i>Altura<\/i><\/b><\/div>\n<div><\/div>\n<div class=\"tsf-campo-acf-valores tsf-campo-acf-valores-altura tsf_campo-acf tsf_altura\">LONGITUD: 22 CM.<\/div>\n<div><\/div>\n<div>\n<div class=\"tsf-campo-acf-titulo tsf-campo-acf-titulo-pa_colores tsf_campo-acf tsf_pa_colores\"><b><i>Color<\/i><\/b><\/div>\n<div><\/div>\n<div class=\"tsf-campo-acf-valores tsf-campo-acf-valores-pa_colores tsf_campo-acf tsf_pa_colores\">BEIGE, GRIS<\/div>\n<\/div>\n","protected":false},"excerpt":{"rendered":"<p>Traumatismos para-articulares de mu\u00f1eca sin fractura Esguince recidivante de mu\u00f1eca Secuela dolorosa o inflamatoria Tendinitis Post-operatorio Osteoartritis degenerativa Caracter\u00edsticas Mu\u00f1equera el\u00e1stica con cierre de velcro. Incorpora una f\u00e9rula de aluminio maleble conformada y extra\u00edble. Dispone de una ancha cincha inel\u00e1stica de ajuste que refuerza el control de la movilidad articular Tallas S, M, L, XL [&hellip;]<\/p>\n","protected":false},"featured_media":2105,"comment_status":"open","ping_status":"closed","template":"","meta":{"saved_in_kubio":false},"product_brand":[],"product_cat":[94],"product_tag":[118],"class_list":{"0":"post-2104","1":"product","2":"type-product","3":"status-publish","4":"has-post-thumbnail","6":"product_cat-miembro-superior","7":"product_tag-emo","9":"first","10":"instock","11":"shipping-taxable","12":"product-type-simple"},"_links":{"self":[{"href":"https:\/\/ortopediagot.net\/Inicio\/wp-json\/wp\/v2\/product\/2104"}],"collection":[{"href":"https:\/\/ortopediagot.net\/Inicio\/wp-json\/wp\/v2\/product"}],"about":[{"href":"https:\/\/ortopediagot.net\/Inicio\/wp-json\/wp\/v2\/types\/product"}],"replies":[{"embeddable":true,"href":"https:\/\/ortopediagot.net\/Inicio\/wp-json\/wp\/v2\/comments?post=2104"}],"wp:featuredmedia":[{"embeddable":true,"href":"https:\/\/ortopediagot.net\/Inicio\/wp-json\/wp\/v2\/media\/2105"}],"wp:attachment":[{"href":"https:\/\/ortopediagot.net\/Inicio\/wp-json\/wp\/v2\/media?parent=2104"}],"wp:term":[{"taxonomy":"product_brand","embeddable":true,"href":"https:\/\/ortopediagot.net\/Inicio\/wp-json\/wp\/v2\/product_brand?post=2104"},{"taxonomy":"product_cat","embeddable":true,"href":"https:\/\/ortopediagot.net\/Inicio\/wp-json\/wp\/v2\/product_cat?post=2104"},{"taxonomy":"product_tag","embeddable":true,"href":"https:\/\/ortopediagot.net\/Inicio\/wp-json\/wp\/v2\/product_tag?post=2104"}],"curies":[{"name":"wp","href":"https:\/\/api.w.org\/{rel}","templated":true}]}}