{"id":2115,"date":"2024-05-28T13:14:42","date_gmt":"2024-05-28T12:14:42","guid":{"rendered":"https:\/\/ortopediagot.net\/?post_type=product&#038;p=2115"},"modified":"2024-05-28T13:14:43","modified_gmt":"2024-05-28T12:14:43","slug":"mq415-munequera-abduccion-de-pulgar-con-ferula-palmar","status":"publish","type":"product","link":"https:\/\/ortopediagot.net\/Inicio\/producto\/mq415-munequera-abduccion-de-pulgar-con-ferula-palmar\/","title":{"rendered":"MQ415 MU\u00d1EQUERA ABDUCCI\u00d3N DE PULGAR CON F\u00c9RULA PALMAR"},"content":{"rendered":"<p>Traumatismos para-articulares de mu\u00f1eca sin fractura<br \/>\nS\u00edndrome de De Quervain<br \/>\nTendinitis<br \/>\nOsteoartritis degenerativa<br \/>\nRizartrosis<br \/>\nEsguince recidivante<br \/>\nArtrosis trapecio-metacarpiana del 1\u00ba dedo<br \/>\nInflamaci\u00f3n aguda y cr\u00f3nica de la articulaci\u00f3n<br \/>\nPost-operatorio<\/p>\n<div class=\"tsf-campo-acf-titulo tsf-campo-acf-titulo-caracteristicas tsf_campo-acf tsf_caracteristicas\"><strong>Caracter\u00edsticas<\/strong><\/div>\n<div><\/div>\n<div class=\"tsf-campo-acf-valores tsf-campo-acf-valores-caracteristicas tsf_campo-acf tsf_caracteristicas\">Mu\u00f1equera el\u00e1stica, incorpora una pletina conformada de aluminio y extra\u00edble sobre la articulaci\u00f3n de mu\u00f1eca y otra sobre la trapecio-metacarpiana, que pueden ser adaptables.<br \/>\nCierre y ajuste mediante cinchas de velcro.<\/div>\n<div><\/div>\n<div><strong>Tallas<\/strong><\/div>\n<div><\/div>\n<div class=\"tsf-campo-acf-valores tsf-campo-acf-valores-pa_tallas tsf_campo-acf tsf_pa_tallas\">S, M, L, XL<\/div>\n<div class=\"tsf-campo-acf-valores tsf-campo-acf-valores-tallas_medidas tsf_campo-acf tsf_pa_tallas_medidas\">CONTORNO DE MU\u00d1ECA EN CM.<br \/>\nS (12-15 CM) , M (15-17 CM) , L (17-19 CM) , XL (19-21 CM).<\/div>\n<div class=\"tsf-campo-acf-valores tsf-campo-acf-valores-pa_lados tsf_campo-acf tsf_pa_lados\"><\/div>\n<div class=\"tsf-campo-acf-titulo tsf-campo-acf-titulo-altura tsf_campo-acf tsf_altura\"><b><i>Altura<\/i><\/b><\/div>\n<div><\/div>\n<div class=\"tsf-campo-acf-valores tsf-campo-acf-valores-altura tsf_campo-acf tsf_altura\">LONGITUD: 20 CM.<\/div>\n<div><\/div>\n<div>\n<div class=\"tsf-campo-acf-titulo tsf-campo-acf-titulo-pa_colores tsf_campo-acf tsf_pa_colores\"><b><i>Colores<\/i><\/b><\/div>\n<div><\/div>\n<div class=\"tsf-campo-acf-valores tsf-campo-acf-valores-pa_colores tsf_campo-acf tsf_pa_colores\">BEIGE, GRIS<\/div>\n<\/div>\n","protected":false},"excerpt":{"rendered":"<p>Traumatismos para-articulares de mu\u00f1eca sin fractura S\u00edndrome de De Quervain Tendinitis Osteoartritis degenerativa Rizartrosis Esguince recidivante Artrosis trapecio-metacarpiana del 1\u00ba dedo Inflamaci\u00f3n aguda y cr\u00f3nica de la articulaci\u00f3n Post-operatorio Caracter\u00edsticas Mu\u00f1equera el\u00e1stica, incorpora una pletina conformada de aluminio y extra\u00edble sobre la articulaci\u00f3n de mu\u00f1eca y otra sobre la trapecio-metacarpiana, que pueden ser adaptables. Cierre [&hellip;]<\/p>\n","protected":false},"featured_media":2116,"comment_status":"open","ping_status":"closed","template":"","meta":{"saved_in_kubio":false},"product_brand":[],"product_cat":[94],"product_tag":[118],"class_list":{"0":"post-2115","1":"product","2":"type-product","3":"status-publish","4":"has-post-thumbnail","6":"product_cat-miembro-superior","7":"product_tag-emo","9":"first","10":"instock","11":"shipping-taxable","12":"product-type-simple"},"_links":{"self":[{"href":"https:\/\/ortopediagot.net\/Inicio\/wp-json\/wp\/v2\/product\/2115"}],"collection":[{"href":"https:\/\/ortopediagot.net\/Inicio\/wp-json\/wp\/v2\/product"}],"about":[{"href":"https:\/\/ortopediagot.net\/Inicio\/wp-json\/wp\/v2\/types\/product"}],"replies":[{"embeddable":true,"href":"https:\/\/ortopediagot.net\/Inicio\/wp-json\/wp\/v2\/comments?post=2115"}],"wp:featuredmedia":[{"embeddable":true,"href":"https:\/\/ortopediagot.net\/Inicio\/wp-json\/wp\/v2\/media\/2116"}],"wp:attachment":[{"href":"https:\/\/ortopediagot.net\/Inicio\/wp-json\/wp\/v2\/media?parent=2115"}],"wp:term":[{"taxonomy":"product_brand","embeddable":true,"href":"https:\/\/ortopediagot.net\/Inicio\/wp-json\/wp\/v2\/product_brand?post=2115"},{"taxonomy":"product_cat","embeddable":true,"href":"https:\/\/ortopediagot.net\/Inicio\/wp-json\/wp\/v2\/product_cat?post=2115"},{"taxonomy":"product_tag","embeddable":true,"href":"https:\/\/ortopediagot.net\/Inicio\/wp-json\/wp\/v2\/product_tag?post=2115"}],"curies":[{"name":"wp","href":"https:\/\/api.w.org\/{rel}","templated":true}]}}