{"id":2119,"date":"2024-05-28T13:17:39","date_gmt":"2024-05-28T12:17:39","guid":{"rendered":"https:\/\/ortopediagot.net\/?post_type=product&#038;p=2119"},"modified":"2024-05-28T13:17:40","modified_gmt":"2024-05-28T12:17:40","slug":"mq701-manugrip-inmovilizadora-de-muneca","status":"publish","type":"product","link":"https:\/\/ortopediagot.net\/Inicio\/producto\/mq701-manugrip-inmovilizadora-de-muneca\/","title":{"rendered":"MQ701 MANUGRIP INMOVILIZADORA DE MU\u00d1ECA"},"content":{"rendered":"<p>Traumatismos para-articulares de mu\u00f1eca sin fractura, Inmovilizaci\u00f3n controlada de la articulaci\u00f3n. Inestabilidad articular. S\u00edndrome del t\u00fanel carpiano. Post-operatorio de sinovitis. Osteoartritis degenerativas. Esguince recidivante de mu\u00f1eca. Post-operatoria<\/p>\n<div class=\"tsf-campo-acf-titulo tsf-campo-acf-titulo-caracteristicas tsf_campo-acf tsf_caracteristicas\"><strong>Caracter\u00edsticas<\/strong><\/div>\n<div><\/div>\n<div class=\"tsf-campo-acf-valores tsf-campo-acf-valores-caracteristicas tsf_campo-acf tsf_caracteristicas\">Inmovilizadora de mu\u00f1eca que incorpora tres f\u00e9rulas conformadas de aluminio y extra\u00edbles: palmar, cubital y radial.<br \/>\nFabricaci\u00f3n mediante micro-fusi\u00f3n sin costuras para evitar sobrepresiones y rozaduras.<br \/>\nTejido t\u00e9cnico de m\u00e1xima resistencia, transpirabilidad y m\u00ednimo espesor.<br \/>\nColocaci\u00f3n con una sola mano mediante cinchas de ajuste que cierran sobre s\u00ed mismas para facilitar su colocaci\u00f3n.<br \/>\nCierre y ajuste mediante microvelcro.<\/div>\n<div class=\"tsf-campo-acf-titulo tsf-campo-acf-titulo-pa_tallas tsf_campo-acf tsf_pa_tallas\"><\/div>\n<div><strong>Tallas<\/strong><\/div>\n<div><\/div>\n<div class=\"tsf-campo-acf-valores tsf-campo-acf-valores-pa_tallas tsf_campo-acf tsf_pa_tallas\">S, L<\/div>\n<div class=\"tsf-campo-acf-valores tsf-campo-acf-valores-tallas_medidas tsf_campo-acf tsf_pa_tallas_medidas\">CONTORNO DE MU\u00d1ECA<br \/>\nS (14-18 CM) , L (18-22 CM)<\/div>\n","protected":false},"excerpt":{"rendered":"<p>Traumatismos para-articulares de mu\u00f1eca sin fractura, Inmovilizaci\u00f3n controlada de la articulaci\u00f3n. Inestabilidad articular. S\u00edndrome del t\u00fanel carpiano. Post-operatorio de sinovitis. Osteoartritis degenerativas. Esguince recidivante de mu\u00f1eca. Post-operatoria Caracter\u00edsticas Inmovilizadora de mu\u00f1eca que incorpora tres f\u00e9rulas conformadas de aluminio y extra\u00edbles: palmar, cubital y radial. Fabricaci\u00f3n mediante micro-fusi\u00f3n sin costuras para evitar sobrepresiones y rozaduras. Tejido [&hellip;]<\/p>\n","protected":false},"featured_media":2120,"comment_status":"open","ping_status":"closed","template":"","meta":{"saved_in_kubio":false},"product_brand":[],"product_cat":[94],"product_tag":[118],"class_list":{"0":"post-2119","1":"product","2":"type-product","3":"status-publish","4":"has-post-thumbnail","6":"product_cat-miembro-superior","7":"product_tag-emo","9":"first","10":"instock","11":"shipping-taxable","12":"product-type-simple"},"_links":{"self":[{"href":"https:\/\/ortopediagot.net\/Inicio\/wp-json\/wp\/v2\/product\/2119"}],"collection":[{"href":"https:\/\/ortopediagot.net\/Inicio\/wp-json\/wp\/v2\/product"}],"about":[{"href":"https:\/\/ortopediagot.net\/Inicio\/wp-json\/wp\/v2\/types\/product"}],"replies":[{"embeddable":true,"href":"https:\/\/ortopediagot.net\/Inicio\/wp-json\/wp\/v2\/comments?post=2119"}],"wp:featuredmedia":[{"embeddable":true,"href":"https:\/\/ortopediagot.net\/Inicio\/wp-json\/wp\/v2\/media\/2120"}],"wp:attachment":[{"href":"https:\/\/ortopediagot.net\/Inicio\/wp-json\/wp\/v2\/media?parent=2119"}],"wp:term":[{"taxonomy":"product_brand","embeddable":true,"href":"https:\/\/ortopediagot.net\/Inicio\/wp-json\/wp\/v2\/product_brand?post=2119"},{"taxonomy":"product_cat","embeddable":true,"href":"https:\/\/ortopediagot.net\/Inicio\/wp-json\/wp\/v2\/product_cat?post=2119"},{"taxonomy":"product_tag","embeddable":true,"href":"https:\/\/ortopediagot.net\/Inicio\/wp-json\/wp\/v2\/product_tag?post=2119"}],"curies":[{"name":"wp","href":"https:\/\/api.w.org\/{rel}","templated":true}]}}