{"id":2126,"date":"2024-05-28T13:21:43","date_gmt":"2024-05-28T12:21:43","guid":{"rendered":"https:\/\/ortopediagot.net\/?post_type=product&#038;p=2126"},"modified":"2024-05-28T13:21:44","modified_gmt":"2024-05-28T12:21:44","slug":"pad100-epigrip-almohadilla-epicondilar","status":"publish","type":"product","link":"https:\/\/ortopediagot.net\/Inicio\/producto\/pad100-epigrip-almohadilla-epicondilar\/","title":{"rendered":"PAD100 EPIGRIP ALMOHADILLA EPICONDILAR"},"content":{"rendered":"<div class=\"tsf-campo-acf-titulo tsf-campo-acf-titulo-caracteristicas tsf_campo-acf tsf_caracteristicas\"><strong>Caracter\u00edsticas<\/strong><\/div>\n<div><\/div>\n<div class=\"tsf-campo-acf-valores tsf-campo-acf-valores-caracteristicas tsf_campo-acf tsf_caracteristicas\">Material viscoel\u00e1stico conformado: maximiza su adaptaci\u00f3n y ejerce micro-masaje sobre la zona.<br \/>\nRemovible: incorpora micro-velcro de m\u00ednimo espesor y m\u00e1xima sujeci\u00f3n.<br \/>\nAnti-deslizante: evita que la ortesis de deslice sobre la piel del paciente.<br \/>\nMaterial viscoel\u00e1stico conformado: maximiza su adaptaci\u00f3n y ejerce micro-masaje sobre la zona.<br \/>\nRemovible: incorpora micro-velcro de m\u00ednimo espesor y m\u00e1xima sujeci\u00f3n.<br \/>\nAnti-deslizante: evita que la ortesis de deslice sobre la piel del paciente.<\/div>\n","protected":false},"excerpt":{"rendered":"<p>Caracter\u00edsticas Material viscoel\u00e1stico conformado: maximiza su adaptaci\u00f3n y ejerce micro-masaje sobre la zona. Removible: incorpora micro-velcro de m\u00ednimo espesor y m\u00e1xima sujeci\u00f3n. Anti-deslizante: evita que la ortesis de deslice sobre la piel del paciente. Material viscoel\u00e1stico conformado: maximiza su adaptaci\u00f3n y ejerce micro-masaje sobre la zona. Removible: incorpora micro-velcro de m\u00ednimo espesor y m\u00e1xima sujeci\u00f3n. [&hellip;]<\/p>\n","protected":false},"featured_media":2127,"comment_status":"open","ping_status":"closed","template":"","meta":{"saved_in_kubio":false},"product_brand":[],"product_cat":[94],"product_tag":[118],"class_list":{"0":"post-2126","1":"product","2":"type-product","3":"status-publish","4":"has-post-thumbnail","6":"product_cat-miembro-superior","7":"product_tag-emo","9":"first","10":"instock","11":"shipping-taxable","12":"product-type-simple"},"_links":{"self":[{"href":"https:\/\/ortopediagot.net\/Inicio\/wp-json\/wp\/v2\/product\/2126"}],"collection":[{"href":"https:\/\/ortopediagot.net\/Inicio\/wp-json\/wp\/v2\/product"}],"about":[{"href":"https:\/\/ortopediagot.net\/Inicio\/wp-json\/wp\/v2\/types\/product"}],"replies":[{"embeddable":true,"href":"https:\/\/ortopediagot.net\/Inicio\/wp-json\/wp\/v2\/comments?post=2126"}],"wp:featuredmedia":[{"embeddable":true,"href":"https:\/\/ortopediagot.net\/Inicio\/wp-json\/wp\/v2\/media\/2127"}],"wp:attachment":[{"href":"https:\/\/ortopediagot.net\/Inicio\/wp-json\/wp\/v2\/media?parent=2126"}],"wp:term":[{"taxonomy":"product_brand","embeddable":true,"href":"https:\/\/ortopediagot.net\/Inicio\/wp-json\/wp\/v2\/product_brand?post=2126"},{"taxonomy":"product_cat","embeddable":true,"href":"https:\/\/ortopediagot.net\/Inicio\/wp-json\/wp\/v2\/product_cat?post=2126"},{"taxonomy":"product_tag","embeddable":true,"href":"https:\/\/ortopediagot.net\/Inicio\/wp-json\/wp\/v2\/product_tag?post=2126"}],"curies":[{"name":"wp","href":"https:\/\/api.w.org\/{rel}","templated":true}]}}