{"id":2128,"date":"2024-05-28T13:23:54","date_gmt":"2024-05-28T12:23:54","guid":{"rendered":"https:\/\/ortopediagot.net\/?post_type=product&#038;p=2128"},"modified":"2024-05-28T13:23:54","modified_gmt":"2024-05-28T12:23:54","slug":"rea100-ortec-emo-humeral-sistema-de-rehabilitacion-de-hombro","status":"publish","type":"product","link":"https:\/\/ortopediagot.net\/Inicio\/producto\/rea100-ortec-emo-humeral-sistema-de-rehabilitacion-de-hombro\/","title":{"rendered":"REA100 ORTEC EMO HUMERAL (SISTEMA DE REHABILITACI\u00d3N DE HOMBRO)"},"content":{"rendered":"<p>Rehabilitaci\u00f3n de lesiones osteo-articulares del hombro<br \/>\nRehabilitaci\u00f3n de lesiones de partes blandas del hombro<\/p>\n<div class=\"tsf-campo-acf-titulo tsf-campo-acf-titulo-caracteristicas tsf_campo-acf tsf_caracteristicas\"><strong>Caracter\u00edsticas<\/strong><\/div>\n<div><\/div>\n<div class=\"tsf-campo-acf-valores tsf-campo-acf-valores-caracteristicas tsf_campo-acf tsf_caracteristicas\">Sistema para la rehabilitaci\u00f3n del hombro<br \/>\nM\u00f3dulo pendular para realizar movimientos en el plano frontal y sagital, y movimientos circulares.<br \/>\nModulo tracci\u00f3n-suspensi\u00f3n, para realizar cinesiterapia pasiva asistida y progresiva.<br \/>\nPermite realizar sesiones de rehabilitaci\u00f3n dom\u00e9sticas.<br \/>\nPermite realizar ejercicios en todos los planos del espacio.<\/div>\n","protected":false},"excerpt":{"rendered":"<p>Rehabilitaci\u00f3n de lesiones osteo-articulares del hombro Rehabilitaci\u00f3n de lesiones de partes blandas del hombro Caracter\u00edsticas Sistema para la rehabilitaci\u00f3n del hombro M\u00f3dulo pendular para realizar movimientos en el plano frontal y sagital, y movimientos circulares. Modulo tracci\u00f3n-suspensi\u00f3n, para realizar cinesiterapia pasiva asistida y progresiva. Permite realizar sesiones de rehabilitaci\u00f3n dom\u00e9sticas. Permite realizar ejercicios en todos [&hellip;]<\/p>\n","protected":false},"featured_media":2129,"comment_status":"open","ping_status":"closed","template":"","meta":{"saved_in_kubio":false},"product_brand":[],"product_cat":[94],"product_tag":[118],"class_list":{"0":"post-2128","1":"product","2":"type-product","3":"status-publish","4":"has-post-thumbnail","6":"product_cat-miembro-superior","7":"product_tag-emo","9":"first","10":"instock","11":"shipping-taxable","12":"product-type-simple"},"_links":{"self":[{"href":"https:\/\/ortopediagot.net\/Inicio\/wp-json\/wp\/v2\/product\/2128"}],"collection":[{"href":"https:\/\/ortopediagot.net\/Inicio\/wp-json\/wp\/v2\/product"}],"about":[{"href":"https:\/\/ortopediagot.net\/Inicio\/wp-json\/wp\/v2\/types\/product"}],"replies":[{"embeddable":true,"href":"https:\/\/ortopediagot.net\/Inicio\/wp-json\/wp\/v2\/comments?post=2128"}],"wp:featuredmedia":[{"embeddable":true,"href":"https:\/\/ortopediagot.net\/Inicio\/wp-json\/wp\/v2\/media\/2129"}],"wp:attachment":[{"href":"https:\/\/ortopediagot.net\/Inicio\/wp-json\/wp\/v2\/media?parent=2128"}],"wp:term":[{"taxonomy":"product_brand","embeddable":true,"href":"https:\/\/ortopediagot.net\/Inicio\/wp-json\/wp\/v2\/product_brand?post=2128"},{"taxonomy":"product_cat","embeddable":true,"href":"https:\/\/ortopediagot.net\/Inicio\/wp-json\/wp\/v2\/product_cat?post=2128"},{"taxonomy":"product_tag","embeddable":true,"href":"https:\/\/ortopediagot.net\/Inicio\/wp-json\/wp\/v2\/product_tag?post=2128"}],"curies":[{"name":"wp","href":"https:\/\/api.w.org\/{rel}","templated":true}]}}