{"id":2130,"date":"2024-05-28T13:25:23","date_gmt":"2024-05-28T12:25:23","guid":{"rendered":"https:\/\/ortopediagot.net\/?post_type=product&#038;p=2130"},"modified":"2024-05-28T13:25:24","modified_gmt":"2024-05-28T12:25:24","slug":"riv500-rollo-inmovilizador-5-metros","status":"publish","type":"product","link":"https:\/\/ortopediagot.net\/Inicio\/producto\/riv500-rollo-inmovilizador-5-metros\/","title":{"rendered":"RIV500 ROLLO INMOVILIZADOR 5 METROS"},"content":{"rendered":"<p>Traumatismos en hombro y brazo<br \/>\nSubluxaciones<br \/>\nEsguinces y distensiones<br \/>\nCapsulitis<br \/>\nLesiones en partes blandas (quemaduras, infecciones)<br \/>\nSecuelas inflamatorias o dolorosas<br \/>\nPostoperatorio<\/p>\n<div class=\"tsf-campo-acf-titulo tsf-campo-acf-titulo-caracteristicas tsf_campo-acf tsf_caracteristicas\"><strong>Caracter\u00edsticas<\/strong><\/div>\n<div><\/div>\n<div class=\"tsf-campo-acf-valores tsf-campo-acf-valores-caracteristicas tsf_campo-acf tsf_caracteristicas\">Cincha de tejido almohadillado e inel\u00e1stico que facilita varias opciones de aplicaci\u00f3n como ortesis tipo cabestrillo para sujeci\u00f3n de brazo, clav\u00edcula y hombro<br \/>\nTejido almohadillado e inel\u00e1stico<br \/>\nDise\u00f1o vers\u00e1til para facilitar diversas formas de aplicaci\u00f3n.<br \/>\nIncorpora 8 terminales de velcro para facilitar la fijaci\u00f3n.<br \/>\nLongitud: 5 metros<\/div>\n","protected":false},"excerpt":{"rendered":"<p>Traumatismos en hombro y brazo Subluxaciones Esguinces y distensiones Capsulitis Lesiones en partes blandas (quemaduras, infecciones) Secuelas inflamatorias o dolorosas Postoperatorio Caracter\u00edsticas Cincha de tejido almohadillado e inel\u00e1stico que facilita varias opciones de aplicaci\u00f3n como ortesis tipo cabestrillo para sujeci\u00f3n de brazo, clav\u00edcula y hombro Tejido almohadillado e inel\u00e1stico Dise\u00f1o vers\u00e1til para facilitar diversas formas [&hellip;]<\/p>\n","protected":false},"featured_media":2131,"comment_status":"open","ping_status":"closed","template":"","meta":{"saved_in_kubio":false},"product_brand":[],"product_cat":[94],"product_tag":[118],"class_list":{"0":"post-2130","1":"product","2":"type-product","3":"status-publish","4":"has-post-thumbnail","6":"product_cat-miembro-superior","7":"product_tag-emo","9":"first","10":"instock","11":"shipping-taxable","12":"product-type-simple"},"_links":{"self":[{"href":"https:\/\/ortopediagot.net\/Inicio\/wp-json\/wp\/v2\/product\/2130"}],"collection":[{"href":"https:\/\/ortopediagot.net\/Inicio\/wp-json\/wp\/v2\/product"}],"about":[{"href":"https:\/\/ortopediagot.net\/Inicio\/wp-json\/wp\/v2\/types\/product"}],"replies":[{"embeddable":true,"href":"https:\/\/ortopediagot.net\/Inicio\/wp-json\/wp\/v2\/comments?post=2130"}],"wp:featuredmedia":[{"embeddable":true,"href":"https:\/\/ortopediagot.net\/Inicio\/wp-json\/wp\/v2\/media\/2131"}],"wp:attachment":[{"href":"https:\/\/ortopediagot.net\/Inicio\/wp-json\/wp\/v2\/media?parent=2130"}],"wp:term":[{"taxonomy":"product_brand","embeddable":true,"href":"https:\/\/ortopediagot.net\/Inicio\/wp-json\/wp\/v2\/product_brand?post=2130"},{"taxonomy":"product_cat","embeddable":true,"href":"https:\/\/ortopediagot.net\/Inicio\/wp-json\/wp\/v2\/product_cat?post=2130"},{"taxonomy":"product_tag","embeddable":true,"href":"https:\/\/ortopediagot.net\/Inicio\/wp-json\/wp\/v2\/product_tag?post=2130"}],"curies":[{"name":"wp","href":"https:\/\/api.w.org\/{rel}","templated":true}]}}