{"id":2137,"date":"2024-05-28T13:29:53","date_gmt":"2024-05-28T12:29:53","guid":{"rendered":"https:\/\/ortopediagot.net\/?post_type=product&#038;p=2137"},"modified":"2024-05-28T13:29:54","modified_gmt":"2024-05-28T12:29:54","slug":"sab15-ortesis-de-abduccion-de-hombro","status":"publish","type":"product","link":"https:\/\/ortopediagot.net\/Inicio\/producto\/sab15-ortesis-de-abduccion-de-hombro\/","title":{"rendered":"SAB15 ORTESIS DE ABDUCCI\u00d3N DE HOMBRO"},"content":{"rendered":"<p>Luxaci\u00f3n gleno-humeral. Sub-luxaci\u00f3n gleno-humeral. Desplazamiento capsular. Cirug\u00eda reparadora del manguito de los rotadores. Post-cirug\u00eda artrosc\u00f3pica de la lesi\u00f3n de Bankhart. Reparaci\u00f3n de tejidos blandos.<\/p>\n<div class=\"tsf-campo-acf-titulo tsf-campo-acf-titulo-caracteristicas tsf_campo-acf tsf_caracteristicas\"><strong>Caracter\u00edsticas<\/strong><\/div>\n<div><\/div>\n<div class=\"tsf-campo-acf-valores tsf-campo-acf-valores-caracteristicas tsf_campo-acf tsf_caracteristicas\">Ortesis estabilizadora e inmovilizadora que mantiene el posicionamiento seguro de la articulaci\u00f3n de hombro en abducci\u00f3n.<br \/>\nCoj\u00edn de abducci\u00f3n de espuma con forma anat\u00f3mica que posiciona el hombro con 15\u00ba de abducci\u00f3n.<br \/>\nSoporte de Brazo: posiciona el brazo en flexi\u00f3n de codo de 90\u00ba y soporta el peso. Regulable en altura.<br \/>\nTranspirable: tejido 3D que maximiza la circulaci\u00f3n del aire entre paciente \/ ortesis.<br \/>\nCinchas recortables con puntas de micro-velcro.<br \/>\nPelota de ejercicio: favorece la circulaci\u00f3n de la sangre y el mantenimiento del tono muscular.<\/div>\n<div class=\"tsf-campo-acf-titulo tsf-campo-acf-titulo-pa_tallas tsf_campo-acf tsf_pa_tallas\"><\/div>\n<div><strong>Tallas<\/strong><\/div>\n<div><\/div>\n<div class=\"tsf-campo-acf-valores tsf-campo-acf-valores-pa_tallas tsf_campo-acf tsf_pa_tallas\">S, M, L<\/div>\n<div class=\"tsf-campo-acf-valores tsf-campo-acf-valores-tallas_medidas tsf_campo-acf tsf_pa_tallas_medidas\">LONGITUD DESDE CODO HASTA FLEXI\u00d3N DE LOS DEDOS<br \/>\nS (&lt;35), M (35-40) , L (&gt;41).<\/div>\n","protected":false},"excerpt":{"rendered":"<p>Luxaci\u00f3n gleno-humeral. Sub-luxaci\u00f3n gleno-humeral. Desplazamiento capsular. Cirug\u00eda reparadora del manguito de los rotadores. Post-cirug\u00eda artrosc\u00f3pica de la lesi\u00f3n de Bankhart. Reparaci\u00f3n de tejidos blandos. Caracter\u00edsticas Ortesis estabilizadora e inmovilizadora que mantiene el posicionamiento seguro de la articulaci\u00f3n de hombro en abducci\u00f3n. Coj\u00edn de abducci\u00f3n de espuma con forma anat\u00f3mica que posiciona el hombro con 15\u00ba [&hellip;]<\/p>\n","protected":false},"featured_media":2138,"comment_status":"open","ping_status":"closed","template":"","meta":{"saved_in_kubio":false},"product_brand":[],"product_cat":[94],"product_tag":[118],"class_list":{"0":"post-2137","1":"product","2":"type-product","3":"status-publish","4":"has-post-thumbnail","6":"product_cat-miembro-superior","7":"product_tag-emo","9":"first","10":"instock","11":"shipping-taxable","12":"product-type-simple"},"_links":{"self":[{"href":"https:\/\/ortopediagot.net\/Inicio\/wp-json\/wp\/v2\/product\/2137"}],"collection":[{"href":"https:\/\/ortopediagot.net\/Inicio\/wp-json\/wp\/v2\/product"}],"about":[{"href":"https:\/\/ortopediagot.net\/Inicio\/wp-json\/wp\/v2\/types\/product"}],"replies":[{"embeddable":true,"href":"https:\/\/ortopediagot.net\/Inicio\/wp-json\/wp\/v2\/comments?post=2137"}],"wp:featuredmedia":[{"embeddable":true,"href":"https:\/\/ortopediagot.net\/Inicio\/wp-json\/wp\/v2\/media\/2138"}],"wp:attachment":[{"href":"https:\/\/ortopediagot.net\/Inicio\/wp-json\/wp\/v2\/media?parent=2137"}],"wp:term":[{"taxonomy":"product_brand","embeddable":true,"href":"https:\/\/ortopediagot.net\/Inicio\/wp-json\/wp\/v2\/product_brand?post=2137"},{"taxonomy":"product_cat","embeddable":true,"href":"https:\/\/ortopediagot.net\/Inicio\/wp-json\/wp\/v2\/product_cat?post=2137"},{"taxonomy":"product_tag","embeddable":true,"href":"https:\/\/ortopediagot.net\/Inicio\/wp-json\/wp\/v2\/product_tag?post=2137"}],"curies":[{"name":"wp","href":"https:\/\/api.w.org\/{rel}","templated":true}]}}