{"id":2141,"date":"2024-05-28T13:31:52","date_gmt":"2024-05-28T12:31:52","guid":{"rendered":"https:\/\/ortopediagot.net\/?post_type=product&#038;p=2141"},"modified":"2024-05-28T13:31:52","modified_gmt":"2024-05-28T12:31:52","slug":"sh150-ortec-inmovilizador-del-hombro","status":"publish","type":"product","link":"https:\/\/ortopediagot.net\/Inicio\/producto\/sh150-ortec-inmovilizador-del-hombro\/","title":{"rendered":"SH150 ORTEC INMOVILIZADOR DEL HOMBRO"},"content":{"rendered":"<p>Fracturas subcapitales de h\u00famero<br \/>\nReparaci\u00f3n del manguito de los rotadores<br \/>\nFractura de clav\u00edcula<br \/>\nSubluxaci\u00f3n de la articulaci\u00f3n glenohumeral<br \/>\nLuxaci\u00f3n acromio-clavicular<br \/>\nTratamiento de traumatismos de hombro y brazo<br \/>\nPost-cirug\u00eda<\/p>\n<div class=\"tsf-campo-acf-titulo tsf-campo-acf-titulo-caracteristicas tsf_campo-acf tsf_caracteristicas\"><strong>Caracter\u00edsticas<\/strong><\/div>\n<div><\/div>\n<div class=\"tsf-campo-acf-valores tsf-campo-acf-valores-caracteristicas tsf_campo-acf tsf_caracteristicas\">Soporte inmovilizador de la articulaci\u00f3n gleno-humeral.<br \/>\nDistribuye el peso del brazo tratado evitando la sobrecarga de la zona cervical.<br \/>\nTirantes cruzados sobre la espalda para mejorar la sujeci\u00f3n.<br \/>\nSe fija c\u00f3modamente al tronco mediante velcro y se adapta a la actitud elegida del hombro.<br \/>\nAncha banda removible indicada para luxaciones, subluxaciones e inmovilizaci\u00f3n del hombro.<br \/>\nPermite su uso como cabestrillo o como inmovilizador.<br \/>\nMuy c\u00f3modo y eficaz.<br \/>\nBilateral<\/div>\n<div class=\"tsf-campo-acf-titulo tsf-campo-acf-titulo-pa_tallas tsf_campo-acf tsf_pa_tallas\"><\/div>\n<div><strong>Tallas<\/strong><\/div>\n<div><\/div>\n<div class=\"tsf-campo-acf-valores tsf-campo-acf-valores-pa_tallas tsf_campo-acf tsf_pa_tallas\">S, L<\/div>\n<div class=\"tsf-campo-acf-valores tsf-campo-acf-valores-tallas_medidas tsf_campo-acf tsf_pa_tallas_medidas\">LONGITUD DESDE FLEXI\u00d3N DEL CODO HAS FLEXI\u00d3N DE LOS DEDOS<br \/>\nS (26-29) L (29-34)<\/div>\n","protected":false},"excerpt":{"rendered":"<p>Fracturas subcapitales de h\u00famero Reparaci\u00f3n del manguito de los rotadores Fractura de clav\u00edcula Subluxaci\u00f3n de la articulaci\u00f3n glenohumeral Luxaci\u00f3n acromio-clavicular Tratamiento de traumatismos de hombro y brazo Post-cirug\u00eda Caracter\u00edsticas Soporte inmovilizador de la articulaci\u00f3n gleno-humeral. Distribuye el peso del brazo tratado evitando la sobrecarga de la zona cervical. Tirantes cruzados sobre la espalda para mejorar [&hellip;]<\/p>\n","protected":false},"featured_media":2142,"comment_status":"open","ping_status":"closed","template":"","meta":{"saved_in_kubio":false},"product_brand":[],"product_cat":[94],"product_tag":[118],"class_list":{"0":"post-2141","1":"product","2":"type-product","3":"status-publish","4":"has-post-thumbnail","6":"product_cat-miembro-superior","7":"product_tag-emo","9":"first","10":"instock","11":"shipping-taxable","12":"product-type-simple"},"_links":{"self":[{"href":"https:\/\/ortopediagot.net\/Inicio\/wp-json\/wp\/v2\/product\/2141"}],"collection":[{"href":"https:\/\/ortopediagot.net\/Inicio\/wp-json\/wp\/v2\/product"}],"about":[{"href":"https:\/\/ortopediagot.net\/Inicio\/wp-json\/wp\/v2\/types\/product"}],"replies":[{"embeddable":true,"href":"https:\/\/ortopediagot.net\/Inicio\/wp-json\/wp\/v2\/comments?post=2141"}],"wp:featuredmedia":[{"embeddable":true,"href":"https:\/\/ortopediagot.net\/Inicio\/wp-json\/wp\/v2\/media\/2142"}],"wp:attachment":[{"href":"https:\/\/ortopediagot.net\/Inicio\/wp-json\/wp\/v2\/media?parent=2141"}],"wp:term":[{"taxonomy":"product_brand","embeddable":true,"href":"https:\/\/ortopediagot.net\/Inicio\/wp-json\/wp\/v2\/product_brand?post=2141"},{"taxonomy":"product_cat","embeddable":true,"href":"https:\/\/ortopediagot.net\/Inicio\/wp-json\/wp\/v2\/product_cat?post=2141"},{"taxonomy":"product_tag","embeddable":true,"href":"https:\/\/ortopediagot.net\/Inicio\/wp-json\/wp\/v2\/product_tag?post=2141"}],"curies":[{"name":"wp","href":"https:\/\/api.w.org\/{rel}","templated":true}]}}