{"id":2143,"date":"2024-05-28T13:33:14","date_gmt":"2024-05-28T12:33:14","guid":{"rendered":"https:\/\/ortopediagot.net\/?post_type=product&#038;p=2143"},"modified":"2024-05-28T13:33:15","modified_gmt":"2024-05-28T12:33:15","slug":"sh150-ortec","status":"publish","type":"product","link":"https:\/\/ortopediagot.net\/Inicio\/producto\/sh150-ortec\/","title":{"rendered":"SH150 ORTEC"},"content":{"rendered":"<p>Alteraciones de la funci\u00f3n escapulo-humeral originadas por desgarros del manguito rotador<br \/>\nTendinitis<br \/>\nBursitis subdeltoidea o subacromial<br \/>\nCalcificaciones, desgarros,<br \/>\nRetracciones ligamentosas o de c\u00e1psula.<br \/>\nPost-operatora<\/p>\n<div class=\"tsf-campo-acf-titulo tsf-campo-acf-titulo-caracteristicas tsf_campo-acf tsf_caracteristicas\"><strong>Caracter\u00edsticas<\/strong><\/div>\n<div><\/div>\n<div class=\"tsf-campo-acf-valores tsf-campo-acf-valores-caracteristicas tsf_campo-acf tsf_caracteristicas\">Ortesis articulada de hombro (f\u00e9rula de avi\u00f3n)<br \/>\nPosibilidad de codo libre o bloqueado en una posici\u00f3n. Apoyos extensibles para un f\u00e1cil ajuste.<br \/>\nPermite una regulaci\u00f3n completa en la posici\u00f3n de las articulaciones del miembro superior:<br \/>\nRegulaci\u00f3n del hombro en flexo-extensi\u00f3n<br \/>\nRegulacion en abd-adducci\u00f3n (de 30\u00ba a 125\u00ba)<br \/>\nRegulacion del brazo en rotaci\u00f3n (0\u00ba-30\u00ba-60\u00ba)<br \/>\nRegulacion del codo en flexo-extensi\u00f3n<br \/>\nRegulacion del antebrazo en prono-supinaci\u00f3n<\/div>\n","protected":false},"excerpt":{"rendered":"<p>Alteraciones de la funci\u00f3n escapulo-humeral originadas por desgarros del manguito rotador Tendinitis Bursitis subdeltoidea o subacromial Calcificaciones, desgarros, Retracciones ligamentosas o de c\u00e1psula. Post-operatora Caracter\u00edsticas Ortesis articulada de hombro (f\u00e9rula de avi\u00f3n) Posibilidad de codo libre o bloqueado en una posici\u00f3n. Apoyos extensibles para un f\u00e1cil ajuste. Permite una regulaci\u00f3n completa en la posici\u00f3n de [&hellip;]<\/p>\n","protected":false},"featured_media":2144,"comment_status":"open","ping_status":"closed","template":"","meta":{"saved_in_kubio":false},"product_brand":[],"product_cat":[94],"product_tag":[118],"class_list":{"0":"post-2143","1":"product","2":"type-product","3":"status-publish","4":"has-post-thumbnail","6":"product_cat-miembro-superior","7":"product_tag-emo","9":"first","10":"instock","11":"shipping-taxable","12":"product-type-simple"},"_links":{"self":[{"href":"https:\/\/ortopediagot.net\/Inicio\/wp-json\/wp\/v2\/product\/2143"}],"collection":[{"href":"https:\/\/ortopediagot.net\/Inicio\/wp-json\/wp\/v2\/product"}],"about":[{"href":"https:\/\/ortopediagot.net\/Inicio\/wp-json\/wp\/v2\/types\/product"}],"replies":[{"embeddable":true,"href":"https:\/\/ortopediagot.net\/Inicio\/wp-json\/wp\/v2\/comments?post=2143"}],"wp:featuredmedia":[{"embeddable":true,"href":"https:\/\/ortopediagot.net\/Inicio\/wp-json\/wp\/v2\/media\/2144"}],"wp:attachment":[{"href":"https:\/\/ortopediagot.net\/Inicio\/wp-json\/wp\/v2\/media?parent=2143"}],"wp:term":[{"taxonomy":"product_brand","embeddable":true,"href":"https:\/\/ortopediagot.net\/Inicio\/wp-json\/wp\/v2\/product_brand?post=2143"},{"taxonomy":"product_cat","embeddable":true,"href":"https:\/\/ortopediagot.net\/Inicio\/wp-json\/wp\/v2\/product_cat?post=2143"},{"taxonomy":"product_tag","embeddable":true,"href":"https:\/\/ortopediagot.net\/Inicio\/wp-json\/wp\/v2\/product_tag?post=2143"}],"curies":[{"name":"wp","href":"https:\/\/api.w.org\/{rel}","templated":true}]}}