{"id":2146,"date":"2024-05-28T13:34:47","date_gmt":"2024-05-28T12:34:47","guid":{"rendered":"https:\/\/ortopediagot.net\/?post_type=product&#038;p=2146"},"modified":"2024-05-28T13:34:48","modified_gmt":"2024-05-28T12:34:48","slug":"slg100-emo-sling","status":"publish","type":"product","link":"https:\/\/ortopediagot.net\/Inicio\/producto\/slg100-emo-sling\/","title":{"rendered":"SLG100 EMO-SLING"},"content":{"rendered":"<p>Fracturas subcapitales de h\u00famero.<br \/>\nReparaci\u00f3n del manguito de los rotadores.<br \/>\nFractura de clav\u00edcula.<br \/>\nSubluxaci\u00f3n de la articulaci\u00f3n glenohumeral.<br \/>\nLuxaci\u00f3n acromio-clavicular.<br \/>\nTratamiento de traumatismos de hombro y brazo.<br \/>\nPost-cirug\u00eda.<\/p>\n<div class=\"tsf-campo-acf-titulo tsf-campo-acf-titulo-caracteristicas tsf_campo-acf tsf_caracteristicas\"><strong>Caracter\u00edsticas<\/strong><\/div>\n<div><\/div>\n<div class=\"tsf-campo-acf-valores tsf-campo-acf-valores-caracteristicas tsf_campo-acf tsf_caracteristicas\">Soporte inmovilizador de la articulaci\u00f3n del hombro en abducci\u00f3n, rotaci\u00f3n y antepulsi\u00f3n.<br \/>\nSe fija c\u00f3modamente al tronco mediante velcro y se adapta a la actitud elegida del hombro.<br \/>\nPermite elegir el \u00e1ngulo de flexi\u00f3n del codo.<br \/>\nReparte el peso del brazo sobre toda la ortesis, incluyendo el codo para un mejor soporte y posicionamiento.<br \/>\nDisponible versi\u00f3n pedi\u00e1trica.<br \/>\nC\u00f3modo. Inmovilizaci\u00f3n segura y eficaz.<\/div>\n","protected":false},"excerpt":{"rendered":"<p>Fracturas subcapitales de h\u00famero. Reparaci\u00f3n del manguito de los rotadores. Fractura de clav\u00edcula. Subluxaci\u00f3n de la articulaci\u00f3n glenohumeral. Luxaci\u00f3n acromio-clavicular. Tratamiento de traumatismos de hombro y brazo. Post-cirug\u00eda. Caracter\u00edsticas Soporte inmovilizador de la articulaci\u00f3n del hombro en abducci\u00f3n, rotaci\u00f3n y antepulsi\u00f3n. Se fija c\u00f3modamente al tronco mediante velcro y se adapta a la actitud elegida [&hellip;]<\/p>\n","protected":false},"featured_media":2147,"comment_status":"open","ping_status":"closed","template":"","meta":{"saved_in_kubio":false},"product_brand":[],"product_cat":[94],"product_tag":[118],"class_list":{"0":"post-2146","1":"product","2":"type-product","3":"status-publish","4":"has-post-thumbnail","6":"product_cat-miembro-superior","7":"product_tag-emo","9":"first","10":"instock","11":"shipping-taxable","12":"product-type-simple"},"_links":{"self":[{"href":"https:\/\/ortopediagot.net\/Inicio\/wp-json\/wp\/v2\/product\/2146"}],"collection":[{"href":"https:\/\/ortopediagot.net\/Inicio\/wp-json\/wp\/v2\/product"}],"about":[{"href":"https:\/\/ortopediagot.net\/Inicio\/wp-json\/wp\/v2\/types\/product"}],"replies":[{"embeddable":true,"href":"https:\/\/ortopediagot.net\/Inicio\/wp-json\/wp\/v2\/comments?post=2146"}],"wp:featuredmedia":[{"embeddable":true,"href":"https:\/\/ortopediagot.net\/Inicio\/wp-json\/wp\/v2\/media\/2147"}],"wp:attachment":[{"href":"https:\/\/ortopediagot.net\/Inicio\/wp-json\/wp\/v2\/media?parent=2146"}],"wp:term":[{"taxonomy":"product_brand","embeddable":true,"href":"https:\/\/ortopediagot.net\/Inicio\/wp-json\/wp\/v2\/product_brand?post=2146"},{"taxonomy":"product_cat","embeddable":true,"href":"https:\/\/ortopediagot.net\/Inicio\/wp-json\/wp\/v2\/product_cat?post=2146"},{"taxonomy":"product_tag","embeddable":true,"href":"https:\/\/ortopediagot.net\/Inicio\/wp-json\/wp\/v2\/product_tag?post=2146"}],"curies":[{"name":"wp","href":"https:\/\/api.w.org\/{rel}","templated":true}]}}