{"id":2152,"date":"2024-05-28T13:39:24","date_gmt":"2024-05-28T12:39:24","guid":{"rendered":"https:\/\/ortopediagot.net\/?post_type=product&#038;p=2152"},"modified":"2024-05-28T13:39:24","modified_gmt":"2024-05-28T12:39:24","slug":"slg200-ortec-emo-sling-transpirable","status":"publish","type":"product","link":"https:\/\/ortopediagot.net\/Inicio\/producto\/slg200-ortec-emo-sling-transpirable\/","title":{"rendered":"SLG200 ORTEC EMO-SLING TRANSPIRABLE"},"content":{"rendered":"<p>Fracturas subcapitales de h\u00famero. Reparaci\u00f3n del manguito de los rotadores. Fractura de clav\u00edcula. Subluxaci\u00f3n de la articulaci\u00f3n glenohumeral. Luxaci\u00f3n acromio-clavicular<br \/>\nTratamiento de traumatismos de hombro y brazo<br \/>\nPost-cirug\u00eda.<\/p>\n<div class=\"tsf-campo-acf-titulo tsf-campo-acf-titulo-caracteristicas tsf_campo-acf tsf_caracteristicas\"><strong>Caracter\u00edsticas<\/strong><\/div>\n<div><\/div>\n<div class=\"tsf-campo-acf-valores tsf-campo-acf-valores-caracteristicas tsf_campo-acf tsf_caracteristicas\">Soporte inmovilizador de la articulaci\u00f3n del hombro en aducci\u00f3n y antepulsi\u00f3n.<br \/>\nSoporta y fija la extremidad superior en la posici\u00f3n elegida.<br \/>\nReparte el peso del brazo sobre toda la ortesis, incluyendo el codo.<br \/>\nSe fija c\u00f3modamente al tronco mediante velcro para facilitar la inmovilizaci\u00f3n del hombro. Permite elegir el \u00e1ngulo de flexi\u00f3n del codo<br \/>\nTejido extremadamente transpirable.<br \/>\nCon bucle para facilitar el descanso del pulgar y la posici\u00f3n de la mu\u00f1eca.<br \/>\nF\u00e1cil ajuste mediante velcro.<\/div>\n<div class=\"tsf-campo-acf-titulo tsf-campo-acf-titulo-pa_tallas tsf_campo-acf tsf_pa_tallas\"><\/div>\n<div><strong>Tallas<\/strong><\/div>\n<div><\/div>\n<div class=\"tsf-campo-acf-valores tsf-campo-acf-valores-pa_tallas tsf_campo-acf tsf_pa_tallas\">S, M, L<\/div>\n<div class=\"tsf-campo-acf-valores tsf-campo-acf-valores-tallas_medidas tsf_campo-acf tsf_pa_tallas_medidas\">LONGITUD DESDE CODO HASTA FLEXI\u00d3N DE LOS DEDOS<br \/>\nS (&lt;35), M (35-40) , L (&gt;41).<\/div>\n","protected":false},"excerpt":{"rendered":"<p>Fracturas subcapitales de h\u00famero. Reparaci\u00f3n del manguito de los rotadores. Fractura de clav\u00edcula. Subluxaci\u00f3n de la articulaci\u00f3n glenohumeral. Luxaci\u00f3n acromio-clavicular Tratamiento de traumatismos de hombro y brazo Post-cirug\u00eda. Caracter\u00edsticas Soporte inmovilizador de la articulaci\u00f3n del hombro en aducci\u00f3n y antepulsi\u00f3n. Soporta y fija la extremidad superior en la posici\u00f3n elegida. Reparte el peso del brazo [&hellip;]<\/p>\n","protected":false},"featured_media":2153,"comment_status":"open","ping_status":"closed","template":"","meta":{"saved_in_kubio":false},"product_brand":[],"product_cat":[94],"product_tag":[118],"class_list":{"0":"post-2152","1":"product","2":"type-product","3":"status-publish","4":"has-post-thumbnail","6":"product_cat-miembro-superior","7":"product_tag-emo","9":"first","10":"instock","11":"shipping-taxable","12":"product-type-simple"},"_links":{"self":[{"href":"https:\/\/ortopediagot.net\/Inicio\/wp-json\/wp\/v2\/product\/2152"}],"collection":[{"href":"https:\/\/ortopediagot.net\/Inicio\/wp-json\/wp\/v2\/product"}],"about":[{"href":"https:\/\/ortopediagot.net\/Inicio\/wp-json\/wp\/v2\/types\/product"}],"replies":[{"embeddable":true,"href":"https:\/\/ortopediagot.net\/Inicio\/wp-json\/wp\/v2\/comments?post=2152"}],"wp:featuredmedia":[{"embeddable":true,"href":"https:\/\/ortopediagot.net\/Inicio\/wp-json\/wp\/v2\/media\/2153"}],"wp:attachment":[{"href":"https:\/\/ortopediagot.net\/Inicio\/wp-json\/wp\/v2\/media?parent=2152"}],"wp:term":[{"taxonomy":"product_brand","embeddable":true,"href":"https:\/\/ortopediagot.net\/Inicio\/wp-json\/wp\/v2\/product_brand?post=2152"},{"taxonomy":"product_cat","embeddable":true,"href":"https:\/\/ortopediagot.net\/Inicio\/wp-json\/wp\/v2\/product_cat?post=2152"},{"taxonomy":"product_tag","embeddable":true,"href":"https:\/\/ortopediagot.net\/Inicio\/wp-json\/wp\/v2\/product_tag?post=2152"}],"curies":[{"name":"wp","href":"https:\/\/api.w.org\/{rel}","templated":true}]}}