{"id":2157,"date":"2024-05-28T13:42:17","date_gmt":"2024-05-28T12:42:17","guid":{"rendered":"https:\/\/ortopediagot.net\/?post_type=product&#038;p=2157"},"modified":"2024-05-28T16:19:21","modified_gmt":"2024-05-28T15:19:21","slug":"smm002-articulacion-dorsal","status":"publish","type":"product","link":"https:\/\/ortopediagot.net\/Inicio\/producto\/smm002-articulacion-dorsal\/","title":{"rendered":"SMM002 ARTICULACI\u00d3N DORSAL"},"content":{"rendered":"<p>Tratamiento rehabilitador de la mano traum\u00e1tica o postquir\u00fargica<br \/>\nLesiones del sistema nervioso central<br \/>\nTraumatismos en extremidad superior<br \/>\nRehabilitaci\u00f3n post-traum\u00e1tica o post-operatoria<\/p>\n<div class=\"tsf-campo-acf-titulo tsf-campo-acf-titulo-caracteristicas tsf_campo-acf tsf_caracteristicas\"><strong>Caracter\u00edsticas<\/strong><\/div>\n<div><\/div>\n<div class=\"tsf-campo-acf-valores tsf-campo-acf-valores-caracteristicas tsf_campo-acf tsf_caracteristicas\">El Sistema Modular de mano EMO facilita realizar multitud de f\u00e9rulas, principalmente din\u00e1micas, para la mano.<br \/>\nPiezas f\u00e1cilmente regulables y conformables.<br \/>\nArticulaci\u00f3n para la uni\u00f3n de la base palmar y la base de antebrazo.<\/div>\n","protected":false},"excerpt":{"rendered":"<p>Tratamiento rehabilitador de la mano traum\u00e1tica o postquir\u00fargica Lesiones del sistema nervioso central Traumatismos en extremidad superior Rehabilitaci\u00f3n post-traum\u00e1tica o post-operatoria Caracter\u00edsticas El Sistema Modular de mano EMO facilita realizar multitud de f\u00e9rulas, principalmente din\u00e1micas, para la mano. Piezas f\u00e1cilmente regulables y conformables. Articulaci\u00f3n para la uni\u00f3n de la base palmar y la base de [&hellip;]<\/p>\n","protected":false},"featured_media":2158,"comment_status":"open","ping_status":"closed","template":"","meta":{"saved_in_kubio":false},"product_brand":[],"product_cat":[120],"product_tag":[118],"class_list":{"0":"post-2157","1":"product","2":"type-product","3":"status-publish","4":"has-post-thumbnail","6":"product_cat-repuestos","7":"product_tag-emo","9":"first","10":"instock","11":"shipping-taxable","12":"product-type-simple"},"_links":{"self":[{"href":"https:\/\/ortopediagot.net\/Inicio\/wp-json\/wp\/v2\/product\/2157"}],"collection":[{"href":"https:\/\/ortopediagot.net\/Inicio\/wp-json\/wp\/v2\/product"}],"about":[{"href":"https:\/\/ortopediagot.net\/Inicio\/wp-json\/wp\/v2\/types\/product"}],"replies":[{"embeddable":true,"href":"https:\/\/ortopediagot.net\/Inicio\/wp-json\/wp\/v2\/comments?post=2157"}],"wp:featuredmedia":[{"embeddable":true,"href":"https:\/\/ortopediagot.net\/Inicio\/wp-json\/wp\/v2\/media\/2158"}],"wp:attachment":[{"href":"https:\/\/ortopediagot.net\/Inicio\/wp-json\/wp\/v2\/media?parent=2157"}],"wp:term":[{"taxonomy":"product_brand","embeddable":true,"href":"https:\/\/ortopediagot.net\/Inicio\/wp-json\/wp\/v2\/product_brand?post=2157"},{"taxonomy":"product_cat","embeddable":true,"href":"https:\/\/ortopediagot.net\/Inicio\/wp-json\/wp\/v2\/product_cat?post=2157"},{"taxonomy":"product_tag","embeddable":true,"href":"https:\/\/ortopediagot.net\/Inicio\/wp-json\/wp\/v2\/product_tag?post=2157"}],"curies":[{"name":"wp","href":"https:\/\/api.w.org\/{rel}","templated":true}]}}