{"id":2168,"date":"2024-05-28T16:03:09","date_gmt":"2024-05-28T15:03:09","guid":{"rendered":"https:\/\/ortopediagot.net\/?post_type=product&#038;p=2168"},"modified":"2024-05-28T16:03:10","modified_gmt":"2024-05-28T15:03:10","slug":"spb200-soporte-antebrazo-bolsa-transpirable","status":"publish","type":"product","link":"https:\/\/ortopediagot.net\/Inicio\/producto\/spb200-soporte-antebrazo-bolsa-transpirable\/","title":{"rendered":"SPB200 SOPORTE ANTEBRAZO BOLSA TRANSPIRABLE"},"content":{"rendered":"<p>Traumatismos en hombro y brazo<br \/>\nSubluxaci\u00f3n<br \/>\nLesiones en partes blandas (quemaduras, infecciones)<br \/>\nSecuelas inflamatorias o dolorosas<br \/>\nPost-operatorio<\/p>\n<div class=\"tsf-campo-acf-titulo tsf-campo-acf-titulo-caracteristicas tsf_campo-acf tsf_caracteristicas\"><strong>Caracter\u00edsticas<\/strong><\/div>\n<div><\/div>\n<div class=\"tsf-campo-acf-valores tsf-campo-acf-valores-caracteristicas tsf_campo-acf tsf_caracteristicas\">Tejido extremadamente transpirable. F\u00e1cil regulaci\u00f3n y limpieza.<br \/>\nCon bucle para facilitar el descanso del pulgar y la posici\u00f3n de la mu\u00f1eca. F\u00e1cil ajuste mediante hebilla de cierre r\u00e1pido.<br \/>\nAlmohadilla protectora para el hombro<\/p>\n<\/div>\n<div class=\"tsf-campo-acf-titulo tsf-campo-acf-titulo-pa_tallas tsf_campo-acf tsf_pa_tallas\"><b><i>Tallas<\/i><\/b><\/div>\n<div><\/div>\n<div class=\"tsf-campo-acf-valores tsf-campo-acf-valores-pa_tallas tsf_campo-acf tsf_pa_tallas\">S, M, L<\/div>\n<div class=\"tsf-campo-acf-valores tsf-campo-acf-valores-tallas_medidas tsf_campo-acf tsf_pa_tallas_medidas\">LONGITUD DESDE CODO HASTA FLEXI\u00d3N DE LOS DEDOS<br \/>\nS (&lt;35), M (35-40) , L (&gt;41).<\/div>\n","protected":false},"excerpt":{"rendered":"<p>Traumatismos en hombro y brazo Subluxaci\u00f3n Lesiones en partes blandas (quemaduras, infecciones) Secuelas inflamatorias o dolorosas Post-operatorio Caracter\u00edsticas Tejido extremadamente transpirable. F\u00e1cil regulaci\u00f3n y limpieza. Con bucle para facilitar el descanso del pulgar y la posici\u00f3n de la mu\u00f1eca. F\u00e1cil ajuste mediante hebilla de cierre r\u00e1pido. Almohadilla protectora para el hombro Tallas S, M, L [&hellip;]<\/p>\n","protected":false},"featured_media":2169,"comment_status":"open","ping_status":"closed","template":"","meta":{"saved_in_kubio":false},"product_brand":[],"product_cat":[94],"product_tag":[118],"class_list":{"0":"post-2168","1":"product","2":"type-product","3":"status-publish","4":"has-post-thumbnail","6":"product_cat-miembro-superior","7":"product_tag-emo","9":"first","10":"instock","11":"shipping-taxable","12":"product-type-simple"},"_links":{"self":[{"href":"https:\/\/ortopediagot.net\/Inicio\/wp-json\/wp\/v2\/product\/2168"}],"collection":[{"href":"https:\/\/ortopediagot.net\/Inicio\/wp-json\/wp\/v2\/product"}],"about":[{"href":"https:\/\/ortopediagot.net\/Inicio\/wp-json\/wp\/v2\/types\/product"}],"replies":[{"embeddable":true,"href":"https:\/\/ortopediagot.net\/Inicio\/wp-json\/wp\/v2\/comments?post=2168"}],"wp:featuredmedia":[{"embeddable":true,"href":"https:\/\/ortopediagot.net\/Inicio\/wp-json\/wp\/v2\/media\/2169"}],"wp:attachment":[{"href":"https:\/\/ortopediagot.net\/Inicio\/wp-json\/wp\/v2\/media?parent=2168"}],"wp:term":[{"taxonomy":"product_brand","embeddable":true,"href":"https:\/\/ortopediagot.net\/Inicio\/wp-json\/wp\/v2\/product_brand?post=2168"},{"taxonomy":"product_cat","embeddable":true,"href":"https:\/\/ortopediagot.net\/Inicio\/wp-json\/wp\/v2\/product_cat?post=2168"},{"taxonomy":"product_tag","embeddable":true,"href":"https:\/\/ortopediagot.net\/Inicio\/wp-json\/wp\/v2\/product_tag?post=2168"}],"curies":[{"name":"wp","href":"https:\/\/api.w.org\/{rel}","templated":true}]}}