{"id":2173,"date":"2024-05-28T16:06:24","date_gmt":"2024-05-28T15:06:24","guid":{"rendered":"https:\/\/ortopediagot.net\/?post_type=product&#038;p=2173"},"modified":"2024-05-28T16:06:24","modified_gmt":"2024-05-28T15:06:24","slug":"spt50-soporte-brazo-tira-almohadillado","status":"publish","type":"product","link":"https:\/\/ortopediagot.net\/Inicio\/producto\/spt50-soporte-brazo-tira-almohadillado\/","title":{"rendered":"SPT50 SOPORTE BRAZO TIRA ALMOHADILLADO"},"content":{"rendered":"<p>Traumatismos en hombro y brazo<br \/>\nLesiones en partes blandas (quemaduras, infecciones)<br \/>\nSecuelas inflamatorias o dolorosas<br \/>\nPost-operatorio<\/p>\n<div class=\"tsf-campo-acf-titulo tsf-campo-acf-titulo-caracteristicas tsf_campo-acf tsf_caracteristicas\"><strong>Caracter\u00edsticas<\/strong><\/div>\n<div><\/div>\n<div class=\"tsf-campo-acf-valores tsf-campo-acf-valores-caracteristicas tsf_campo-acf tsf_caracteristicas\">Cincha acolchada que incorpora un anillo regulable en su extremo.<br \/>\nLigero, c\u00f3modo y vers\u00e1til.<br \/>\nAjuste mediante velcro.<\/div>\n","protected":false},"excerpt":{"rendered":"<p>Traumatismos en hombro y brazo Lesiones en partes blandas (quemaduras, infecciones) Secuelas inflamatorias o dolorosas Post-operatorio Caracter\u00edsticas Cincha acolchada que incorpora un anillo regulable en su extremo. Ligero, c\u00f3modo y vers\u00e1til. Ajuste mediante velcro.<\/p>\n","protected":false},"featured_media":2174,"comment_status":"open","ping_status":"closed","template":"","meta":{"saved_in_kubio":false},"product_brand":[],"product_cat":[94],"product_tag":[118],"class_list":{"0":"post-2173","1":"product","2":"type-product","3":"status-publish","4":"has-post-thumbnail","6":"product_cat-miembro-superior","7":"product_tag-emo","9":"first","10":"instock","11":"shipping-taxable","12":"product-type-simple"},"_links":{"self":[{"href":"https:\/\/ortopediagot.net\/Inicio\/wp-json\/wp\/v2\/product\/2173"}],"collection":[{"href":"https:\/\/ortopediagot.net\/Inicio\/wp-json\/wp\/v2\/product"}],"about":[{"href":"https:\/\/ortopediagot.net\/Inicio\/wp-json\/wp\/v2\/types\/product"}],"replies":[{"embeddable":true,"href":"https:\/\/ortopediagot.net\/Inicio\/wp-json\/wp\/v2\/comments?post=2173"}],"wp:featuredmedia":[{"embeddable":true,"href":"https:\/\/ortopediagot.net\/Inicio\/wp-json\/wp\/v2\/media\/2174"}],"wp:attachment":[{"href":"https:\/\/ortopediagot.net\/Inicio\/wp-json\/wp\/v2\/media?parent=2173"}],"wp:term":[{"taxonomy":"product_brand","embeddable":true,"href":"https:\/\/ortopediagot.net\/Inicio\/wp-json\/wp\/v2\/product_brand?post=2173"},{"taxonomy":"product_cat","embeddable":true,"href":"https:\/\/ortopediagot.net\/Inicio\/wp-json\/wp\/v2\/product_cat?post=2173"},{"taxonomy":"product_tag","embeddable":true,"href":"https:\/\/ortopediagot.net\/Inicio\/wp-json\/wp\/v2\/product_tag?post=2173"}],"curies":[{"name":"wp","href":"https:\/\/api.w.org\/{rel}","templated":true}]}}