{"id":2175,"date":"2024-05-28T16:08:19","date_gmt":"2024-05-28T15:08:19","guid":{"rendered":"https:\/\/ortopediagot.net\/?post_type=product&#038;p=2175"},"modified":"2024-05-28T16:08:20","modified_gmt":"2024-05-28T15:08:20","slug":"stp035-strapin-de-muneca","status":"publish","type":"product","link":"https:\/\/ortopediagot.net\/Inicio\/producto\/stp035-strapin-de-muneca\/","title":{"rendered":"STP035 STRAPIN DE MU\u00d1ECA"},"content":{"rendered":"<p>Mu\u00f1eca abierta<br \/>\nVendaje de mu\u00f1eca<br \/>\nSujeci\u00f3n en laxitudes cr\u00f3nicas<br \/>\nPrevenci\u00f3n de recidivas<br \/>\nSujeci\u00f3n de bolsas de gel o electrodos<\/p>\n<div class=\"tsf-campo-acf-titulo tsf-campo-acf-titulo-caracteristicas tsf_campo-acf tsf_caracteristicas\"><strong>Caracter\u00edsticas<\/strong><\/div>\n<div><\/div>\n<div class=\"tsf-campo-acf-valores tsf-campo-acf-valores-caracteristicas tsf_campo-acf tsf_caracteristicas\">Vendaje el\u00e1stico transpirable<br \/>\nCierre micro-velcro<br \/>\nLongitud 35 cm<br \/>\nNo contiene l\u00e1tex<\/div>\n","protected":false},"excerpt":{"rendered":"<p>Mu\u00f1eca abierta Vendaje de mu\u00f1eca Sujeci\u00f3n en laxitudes cr\u00f3nicas Prevenci\u00f3n de recidivas Sujeci\u00f3n de bolsas de gel o electrodos Caracter\u00edsticas Vendaje el\u00e1stico transpirable Cierre micro-velcro Longitud 35 cm No contiene l\u00e1tex<\/p>\n","protected":false},"featured_media":2176,"comment_status":"open","ping_status":"closed","template":"","meta":{"saved_in_kubio":false},"product_brand":[],"product_cat":[94],"product_tag":[118],"class_list":{"0":"post-2175","1":"product","2":"type-product","3":"status-publish","4":"has-post-thumbnail","6":"product_cat-miembro-superior","7":"product_tag-emo","9":"first","10":"instock","11":"shipping-taxable","12":"product-type-simple"},"_links":{"self":[{"href":"https:\/\/ortopediagot.net\/Inicio\/wp-json\/wp\/v2\/product\/2175"}],"collection":[{"href":"https:\/\/ortopediagot.net\/Inicio\/wp-json\/wp\/v2\/product"}],"about":[{"href":"https:\/\/ortopediagot.net\/Inicio\/wp-json\/wp\/v2\/types\/product"}],"replies":[{"embeddable":true,"href":"https:\/\/ortopediagot.net\/Inicio\/wp-json\/wp\/v2\/comments?post=2175"}],"wp:featuredmedia":[{"embeddable":true,"href":"https:\/\/ortopediagot.net\/Inicio\/wp-json\/wp\/v2\/media\/2176"}],"wp:attachment":[{"href":"https:\/\/ortopediagot.net\/Inicio\/wp-json\/wp\/v2\/media?parent=2175"}],"wp:term":[{"taxonomy":"product_brand","embeddable":true,"href":"https:\/\/ortopediagot.net\/Inicio\/wp-json\/wp\/v2\/product_brand?post=2175"},{"taxonomy":"product_cat","embeddable":true,"href":"https:\/\/ortopediagot.net\/Inicio\/wp-json\/wp\/v2\/product_cat?post=2175"},{"taxonomy":"product_tag","embeddable":true,"href":"https:\/\/ortopediagot.net\/Inicio\/wp-json\/wp\/v2\/product_tag?post=2175"}],"curies":[{"name":"wp","href":"https:\/\/api.w.org\/{rel}","templated":true}]}}