{"id":2182,"date":"2024-05-28T16:10:59","date_gmt":"2024-05-28T15:10:59","guid":{"rendered":"https:\/\/ortopediagot.net\/?post_type=product&#038;p=2182"},"modified":"2024-05-28T16:11:00","modified_gmt":"2024-05-28T15:11:00","slug":"te100-tremend-ferula-para-el-temblor-esencial","status":"publish","type":"product","link":"https:\/\/ortopediagot.net\/Inicio\/producto\/te100-tremend-ferula-para-el-temblor-esencial\/","title":{"rendered":"TE100 TREMEND FER\u00daLA PARA EL TEMBLOR ESENCIAL"},"content":{"rendered":"<p>Temblor esencial a nivel de la articulaci\u00f3n de mu\u00f1eca.<\/p>\n<div class=\"tsf-campo-acf-titulo tsf-campo-acf-titulo-caracteristicas tsf_campo-acf tsf_caracteristicas\"><strong>Caracter\u00edsticas<\/strong><\/div>\n<div class=\"tsf-campo-acf-valores tsf-campo-acf-valores-caracteristicas tsf_campo-acf tsf_caracteristicas\">\nF\u00e9rula de mu\u00f1eca que incorpora un alma de aluminio maleable.<br \/>\nIncorpora dispositivo amortiguador a nivel de la articilaci\u00f3n de mu\u00f1eca.<br \/>\nF\u00e1cil conformaci\u00f3n a la anatom\u00eda del paciente.<br \/>\nAmohadillado HD interior para el m\u00e1ximo confort y transpirabilidad<\/div>\n","protected":false},"excerpt":{"rendered":"<p>Temblor esencial a nivel de la articulaci\u00f3n de mu\u00f1eca. Caracter\u00edsticas F\u00e9rula de mu\u00f1eca que incorpora un alma de aluminio maleable. Incorpora dispositivo amortiguador a nivel de la articilaci\u00f3n de mu\u00f1eca. F\u00e1cil conformaci\u00f3n a la anatom\u00eda del paciente. Amohadillado HD interior para el m\u00e1ximo confort y transpirabilidad<\/p>\n","protected":false},"featured_media":2183,"comment_status":"open","ping_status":"closed","template":"","meta":{"saved_in_kubio":false},"product_brand":[],"product_cat":[94],"product_tag":[118],"class_list":{"0":"post-2182","1":"product","2":"type-product","3":"status-publish","4":"has-post-thumbnail","6":"product_cat-miembro-superior","7":"product_tag-emo","9":"first","10":"instock","11":"shipping-taxable","12":"product-type-simple"},"_links":{"self":[{"href":"https:\/\/ortopediagot.net\/Inicio\/wp-json\/wp\/v2\/product\/2182"}],"collection":[{"href":"https:\/\/ortopediagot.net\/Inicio\/wp-json\/wp\/v2\/product"}],"about":[{"href":"https:\/\/ortopediagot.net\/Inicio\/wp-json\/wp\/v2\/types\/product"}],"replies":[{"embeddable":true,"href":"https:\/\/ortopediagot.net\/Inicio\/wp-json\/wp\/v2\/comments?post=2182"}],"wp:featuredmedia":[{"embeddable":true,"href":"https:\/\/ortopediagot.net\/Inicio\/wp-json\/wp\/v2\/media\/2183"}],"wp:attachment":[{"href":"https:\/\/ortopediagot.net\/Inicio\/wp-json\/wp\/v2\/media?parent=2182"}],"wp:term":[{"taxonomy":"product_brand","embeddable":true,"href":"https:\/\/ortopediagot.net\/Inicio\/wp-json\/wp\/v2\/product_brand?post=2182"},{"taxonomy":"product_cat","embeddable":true,"href":"https:\/\/ortopediagot.net\/Inicio\/wp-json\/wp\/v2\/product_cat?post=2182"},{"taxonomy":"product_tag","embeddable":true,"href":"https:\/\/ortopediagot.net\/Inicio\/wp-json\/wp\/v2\/product_tag?post=2182"}],"curies":[{"name":"wp","href":"https:\/\/api.w.org\/{rel}","templated":true}]}}