{"id":2192,"date":"2024-05-28T16:14:28","date_gmt":"2024-05-28T15:14:28","guid":{"rendered":"https:\/\/ortopediagot.net\/?post_type=product&#038;p=2192"},"modified":"2024-05-28T16:14:29","modified_gmt":"2024-05-28T15:14:29","slug":"art100-ortesis-para-mano-artritica","status":"publish","type":"product","link":"https:\/\/ortopediagot.net\/Inicio\/producto\/art100-ortesis-para-mano-artritica\/","title":{"rendered":"ART100 ORTESIS PARA MANO ARTR\u00cdTICA"},"content":{"rendered":"<p>Artritis<br \/>\nArtrosis<br \/>\nRecuperaci\u00f3n postoperatoria<\/p>\n<div class=\"tsf-campo-acf-titulo tsf-campo-acf-titulo-caracteristicas tsf_campo-acf tsf_caracteristicas\"><strong>Caracter\u00edsticas<\/strong><\/div>\n<div><\/div>\n<div class=\"tsf-campo-acf-valores tsf-campo-acf-valores-caracteristicas tsf_campo-acf tsf_caracteristicas\">Ortesis fabricada con tejido suave y almohadillado.<br \/>\nIncorpora cinchas correctoras para controlar la desviaci\u00f3n cubital de los dedos.<br \/>\nCierre y ajuste mediante velcro.<\/div>\n<div class=\"tsf-campo-acf-titulo tsf-campo-acf-titulo-pa_tallas tsf_campo-acf tsf_pa_tallas\"><\/div>\n<div><strong>Tallas<\/strong><\/div>\n<div><\/div>\n<div class=\"tsf-campo-acf-valores tsf-campo-acf-valores-pa_tallas tsf_campo-acf tsf_pa_tallas\">S, M, L<\/div>\n<div class=\"tsf-campo-acf-valores tsf-campo-acf-valores-tallas_medidas tsf_campo-acf tsf_pa_tallas_medidas\">CONTORNO DE MU\u00d1ECA EN CM.<br \/>\nS (13-15), M (16-18), L (19-21)<\/div>\n<div class=\"tsf-campo-acf-valores tsf-campo-acf-valores-pa_lados tsf_campo-acf tsf_pa_lados\"><\/div>\n","protected":false},"excerpt":{"rendered":"<p>Artritis Artrosis Recuperaci\u00f3n postoperatoria Caracter\u00edsticas Ortesis fabricada con tejido suave y almohadillado. Incorpora cinchas correctoras para controlar la desviaci\u00f3n cubital de los dedos. Cierre y ajuste mediante velcro. Tallas S, M, L CONTORNO DE MU\u00d1ECA EN CM. S (13-15), M (16-18), L (19-21)<\/p>\n","protected":false},"featured_media":2193,"comment_status":"open","ping_status":"closed","template":"","meta":{"saved_in_kubio":false},"product_brand":[],"product_cat":[94],"product_tag":[118],"class_list":{"0":"post-2192","1":"product","2":"type-product","3":"status-publish","4":"has-post-thumbnail","6":"product_cat-miembro-superior","7":"product_tag-emo","9":"first","10":"instock","11":"shipping-taxable","12":"product-type-simple"},"_links":{"self":[{"href":"https:\/\/ortopediagot.net\/Inicio\/wp-json\/wp\/v2\/product\/2192"}],"collection":[{"href":"https:\/\/ortopediagot.net\/Inicio\/wp-json\/wp\/v2\/product"}],"about":[{"href":"https:\/\/ortopediagot.net\/Inicio\/wp-json\/wp\/v2\/types\/product"}],"replies":[{"embeddable":true,"href":"https:\/\/ortopediagot.net\/Inicio\/wp-json\/wp\/v2\/comments?post=2192"}],"wp:featuredmedia":[{"embeddable":true,"href":"https:\/\/ortopediagot.net\/Inicio\/wp-json\/wp\/v2\/media\/2193"}],"wp:attachment":[{"href":"https:\/\/ortopediagot.net\/Inicio\/wp-json\/wp\/v2\/media?parent=2192"}],"wp:term":[{"taxonomy":"product_brand","embeddable":true,"href":"https:\/\/ortopediagot.net\/Inicio\/wp-json\/wp\/v2\/product_brand?post=2192"},{"taxonomy":"product_cat","embeddable":true,"href":"https:\/\/ortopediagot.net\/Inicio\/wp-json\/wp\/v2\/product_cat?post=2192"},{"taxonomy":"product_tag","embeddable":true,"href":"https:\/\/ortopediagot.net\/Inicio\/wp-json\/wp\/v2\/product_tag?post=2192"}],"curies":[{"name":"wp","href":"https:\/\/api.w.org\/{rel}","templated":true}]}}