{"id":2199,"date":"2024-05-29T13:14:04","date_gmt":"2024-05-29T12:14:04","guid":{"rendered":"https:\/\/ortopediagot.net\/?post_type=product&#038;p=2199"},"modified":"2024-05-29T13:14:05","modified_gmt":"2024-05-29T12:14:05","slug":"afo20p-antiequino-planta-entera-pediatrico","status":"publish","type":"product","link":"https:\/\/ortopediagot.net\/Inicio\/producto\/afo20p-antiequino-planta-entera-pediatrico\/","title":{"rendered":"AFO20P ANTIEQUINO PLANTA ENTERA PEDI\u00c1TRICO"},"content":{"rendered":"<p>Pie equino en par\u00e1lisis fl\u00e1cidas con y sin desviaci\u00f3n en varo.<br \/>\nHemiplejia por accidentes vasculares-cerebrales, ictus.<br \/>\nSecuelas de par\u00e1lisis fl\u00e1cidas.<br \/>\nRetracci\u00f3n del tend\u00f3n de Aquiles en par\u00e1lisis cerebral infantil. Lesiones del nervio ci\u00e1tico popl\u00edteo externo.<\/p>\n<div class=\"tsf-campo-acf-titulo tsf-campo-acf-titulo-caracteristicas tsf_campo-acf tsf_caracteristicas\"><strong>Caracter\u00edsticas<\/strong><\/div>\n<div><\/div>\n<div class=\"tsf-campo-acf-valores tsf-campo-acf-valores-caracteristicas tsf_campo-acf tsf_caracteristicas\">Ortesis antiequina de planta entera tipo Rancho Los Amigos Fabricada en polipropileno moldeado<br \/>\nIncorpora nervios de refuerzo necesario al tiempo que aportan ligereza<br \/>\nZona plantar con conformaci\u00f3n del arco.<br \/>\nCinta de ajuste removible en zona tibial.<br \/>\nAlmohadillado en la zona de la pantorrilla.<br \/>\nPosibilidad de cinta removible en la zona de tal\u00f3n-antepi\u00e9.<br \/>\nTirante antivaro de tensi\u00f3n regulable. Modelo en planta completa para adaptaci\u00f3n al calzado.<br \/>\nVersi\u00f3n pedi\u00e1trica.<\/div>\n<div class=\"tsf-campo-acf-titulo tsf-campo-acf-titulo-pa_tallas tsf_campo-acf tsf_pa_tallas\"><\/div>\n<div><strong>Tallas<\/strong><\/div>\n<div><\/div>\n<div class=\"tsf-campo-acf-valores tsf-campo-acf-valores-pa_tallas tsf_campo-acf tsf_pa_tallas\">\n<div class=\"tsf-campo-acf-valores tsf-campo-acf-valores-pa_tallas tsf_campo-acf tsf_pa_tallas\">M<\/div>\n<div class=\"tsf-campo-acf-valores tsf-campo-acf-valores-tallas_medidas tsf_campo-acf tsf_pa_tallas_medidas\">ALTURA EN CM. \/ TALLA CALZADO.<br \/>\nPEDIATRICO (20\/25-30).<\/div>\n<\/div>\n<div class=\"tsf-campo-acf-valores tsf-campo-acf-valores-pa_lados tsf_campo-acf tsf_pa_lados\"><\/div>\n","protected":false},"excerpt":{"rendered":"<p>Pie equino en par\u00e1lisis fl\u00e1cidas con y sin desviaci\u00f3n en varo. Hemiplejia por accidentes vasculares-cerebrales, ictus. Secuelas de par\u00e1lisis fl\u00e1cidas. Retracci\u00f3n del tend\u00f3n de Aquiles en par\u00e1lisis cerebral infantil. Lesiones del nervio ci\u00e1tico popl\u00edteo externo. Caracter\u00edsticas Ortesis antiequina de planta entera tipo Rancho Los Amigos Fabricada en polipropileno moldeado Incorpora nervios de refuerzo necesario al [&hellip;]<\/p>\n","protected":false},"featured_media":2201,"comment_status":"open","ping_status":"closed","template":"","meta":{"saved_in_kubio":false},"product_brand":[],"product_cat":[95],"product_tag":[118],"class_list":{"0":"post-2199","1":"product","2":"type-product","3":"status-publish","4":"has-post-thumbnail","6":"product_cat-miembro-inferior","7":"product_tag-emo","9":"first","10":"instock","11":"shipping-taxable","12":"product-type-simple"},"_links":{"self":[{"href":"https:\/\/ortopediagot.net\/Inicio\/wp-json\/wp\/v2\/product\/2199"}],"collection":[{"href":"https:\/\/ortopediagot.net\/Inicio\/wp-json\/wp\/v2\/product"}],"about":[{"href":"https:\/\/ortopediagot.net\/Inicio\/wp-json\/wp\/v2\/types\/product"}],"replies":[{"embeddable":true,"href":"https:\/\/ortopediagot.net\/Inicio\/wp-json\/wp\/v2\/comments?post=2199"}],"wp:featuredmedia":[{"embeddable":true,"href":"https:\/\/ortopediagot.net\/Inicio\/wp-json\/wp\/v2\/media\/2201"}],"wp:attachment":[{"href":"https:\/\/ortopediagot.net\/Inicio\/wp-json\/wp\/v2\/media?parent=2199"}],"wp:term":[{"taxonomy":"product_brand","embeddable":true,"href":"https:\/\/ortopediagot.net\/Inicio\/wp-json\/wp\/v2\/product_brand?post=2199"},{"taxonomy":"product_cat","embeddable":true,"href":"https:\/\/ortopediagot.net\/Inicio\/wp-json\/wp\/v2\/product_cat?post=2199"},{"taxonomy":"product_tag","embeddable":true,"href":"https:\/\/ortopediagot.net\/Inicio\/wp-json\/wp\/v2\/product_tag?post=2199"}],"curies":[{"name":"wp","href":"https:\/\/api.w.org\/{rel}","templated":true}]}}