{"id":2210,"date":"2024-05-29T13:34:05","date_gmt":"2024-05-29T12:34:05","guid":{"rendered":"https:\/\/ortopediagot.net\/?post_type=product&#038;p=2210"},"modified":"2024-05-29T13:34:06","modified_gmt":"2024-05-29T12:34:06","slug":"ban50-vendaje-de-dedos","status":"publish","type":"product","link":"https:\/\/ortopediagot.net\/Inicio\/producto\/ban50-vendaje-de-dedos\/","title":{"rendered":"BAN50 VENDAJE DE DEDOS"},"content":{"rendered":"<p>Hallux valgus<br \/>\nJuanete de sastre<br \/>\nDedo en martillo<br \/>\nDedo en garra<br \/>\nInfraductus y supraductus<br \/>\nLuxaciones y subluxaciones MTF<br \/>\nAcortamiento de la musculatura extensora y flexora<br \/>\nPost-quir\u00fargica<\/p>\n<div class=\"tsf-campo-acf-titulo tsf-campo-acf-titulo-caracteristicas tsf_campo-acf tsf_caracteristicas\"><strong>Caracter\u00edsticas<\/strong><\/div>\n<div><\/div>\n<div class=\"tsf-campo-acf-valores tsf-campo-acf-valores-caracteristicas tsf_campo-acf tsf_caracteristicas\">Ortesis alineadora y correctora postquir\u00fargica. La f\u00e9rula facilita la fijaci\u00f3n o alineaci\u00f3n de los dedos en la posici\u00f3n indicada para su tratamiento. Consta de los siguientes componentes: Banda el\u00e1stica metatarsiana, tres bandas fal\u00e1ngicas, una banda fal\u00e1ngica para el 1\u00ba dedo y una banda el\u00e1stica que rodea el tal\u00f3n.<br \/>\nBanda metatarsal el\u00e1stica con acabado interno siliconado para mejorar su fijaci\u00f3n al antepi\u00e9.<br \/>\nSuaves bandas fal\u00e1ngicas no el\u00e1sticas que permiten la fijaci\u00f3n y alineaci\u00f3n de los dedos en la posici\u00f3n deseada.<br \/>\nLa banda el\u00e1stica que rodea el tal\u00f3n evita que la banda metatarsal se desplace hacia los dedos.<br \/>\nAjustes mediante velcro<br \/>\nUso nocturno<br \/>\nBilateral<br \/>\nNo contiene l\u00e1tex<\/div>\n","protected":false},"excerpt":{"rendered":"<p>Hallux valgus Juanete de sastre Dedo en martillo Dedo en garra Infraductus y supraductus Luxaciones y subluxaciones MTF Acortamiento de la musculatura extensora y flexora Post-quir\u00fargica Caracter\u00edsticas Ortesis alineadora y correctora postquir\u00fargica. La f\u00e9rula facilita la fijaci\u00f3n o alineaci\u00f3n de los dedos en la posici\u00f3n indicada para su tratamiento. Consta de los siguientes componentes: Banda [&hellip;]<\/p>\n","protected":false},"featured_media":2211,"comment_status":"open","ping_status":"closed","template":"","meta":{"saved_in_kubio":false},"product_brand":[],"product_cat":[95],"product_tag":[118],"class_list":{"0":"post-2210","1":"product","2":"type-product","3":"status-publish","4":"has-post-thumbnail","6":"product_cat-miembro-inferior","7":"product_tag-emo","9":"first","10":"instock","11":"shipping-taxable","12":"product-type-simple"},"_links":{"self":[{"href":"https:\/\/ortopediagot.net\/Inicio\/wp-json\/wp\/v2\/product\/2210"}],"collection":[{"href":"https:\/\/ortopediagot.net\/Inicio\/wp-json\/wp\/v2\/product"}],"about":[{"href":"https:\/\/ortopediagot.net\/Inicio\/wp-json\/wp\/v2\/types\/product"}],"replies":[{"embeddable":true,"href":"https:\/\/ortopediagot.net\/Inicio\/wp-json\/wp\/v2\/comments?post=2210"}],"wp:featuredmedia":[{"embeddable":true,"href":"https:\/\/ortopediagot.net\/Inicio\/wp-json\/wp\/v2\/media\/2211"}],"wp:attachment":[{"href":"https:\/\/ortopediagot.net\/Inicio\/wp-json\/wp\/v2\/media?parent=2210"}],"wp:term":[{"taxonomy":"product_brand","embeddable":true,"href":"https:\/\/ortopediagot.net\/Inicio\/wp-json\/wp\/v2\/product_brand?post=2210"},{"taxonomy":"product_cat","embeddable":true,"href":"https:\/\/ortopediagot.net\/Inicio\/wp-json\/wp\/v2\/product_cat?post=2210"},{"taxonomy":"product_tag","embeddable":true,"href":"https:\/\/ortopediagot.net\/Inicio\/wp-json\/wp\/v2\/product_tag?post=2210"}],"curies":[{"name":"wp","href":"https:\/\/api.w.org\/{rel}","templated":true}]}}