{"id":2220,"date":"2024-05-29T13:43:25","date_gmt":"2024-05-29T12:43:25","guid":{"rendered":"https:\/\/ortopediagot.net\/?post_type=product&#038;p=2220"},"modified":"2024-05-29T13:43:26","modified_gmt":"2024-05-29T12:43:26","slug":"dynamic-walk-lateral","status":"publish","type":"product","link":"https:\/\/ortopediagot.net\/Inicio\/producto\/dynamic-walk-lateral\/","title":{"rendered":"DYNAMIC WALK LATERAL"},"content":{"rendered":"<p>Pie equino en par\u00e1lisis fl\u00e1cidas con y sin desviaci\u00f3n en varo.<br \/>\nHemiplejia por accidentes vasculares-cerebrales, ictus.<br \/>\nSecuelas de par\u00e1lisis fl\u00e1cidas.<br \/>\nRetracci\u00f3n del tend\u00f3n de Aquiles en par\u00e1lisis cerebral infantil. Lesiones del nervio ci\u00e1tico popl\u00edteo externo.<\/p>\n<div class=\"tsf-campo-acf-titulo tsf-campo-acf-titulo-caracteristicas tsf_campo-acf tsf_caracteristicas\"><strong>Caracter\u00edsticas<\/strong><\/div>\n<div><\/div>\n<div class=\"tsf-campo-acf-valores tsf-campo-acf-valores-caracteristicas tsf_campo-acf tsf_caracteristicas\">Fabricada en TFC, lo que proporciona una gran ligereza y la capacidad de termoconformaci\u00f3n.<br \/>\nDise\u00f1ada para un nivel de actividad alto permite al paciente andar y correr sin necesidad de correas, manteniendo la posici\u00f3n din\u00e1mica del conjunto pie-tobillo.<br \/>\nSu dise\u00f1o con el tal\u00f3n abierto proporciona un \u00f3ptimo ajuste y confort para los diferentes tipos de calzado.<br \/>\nPosibilidad de almohadilla para mayor confort del paciente.<br \/>\nElemnento flexor sobre la zona lateral<br \/>\nF\u00e1cil de quitar y pone<br \/>\nSe adapta f\u00e1cilmente a calzado normal \/ extrecho.<\/div>\n<div class=\"tsf-campo-acf-titulo tsf-campo-acf-titulo-pa_tallas tsf_campo-acf tsf_pa_tallas\"><\/div>\n<div><strong>Tallas<\/strong><\/div>\n<div><\/div>\n<div class=\"tsf-campo-acf-valores tsf-campo-acf-valores-pa_tallas tsf_campo-acf tsf_pa_tallas\">S, M, L<\/div>\n<div class=\"tsf-campo-acf-valores tsf-campo-acf-valores-tallas_medidas tsf_campo-acf tsf_pa_tallas_medidas\">TALLA CALZADO<br \/>\nS (35-38), M (39-43), L (44-48)<\/div>\n","protected":false},"excerpt":{"rendered":"<p>Pie equino en par\u00e1lisis fl\u00e1cidas con y sin desviaci\u00f3n en varo. Hemiplejia por accidentes vasculares-cerebrales, ictus. Secuelas de par\u00e1lisis fl\u00e1cidas. Retracci\u00f3n del tend\u00f3n de Aquiles en par\u00e1lisis cerebral infantil. Lesiones del nervio ci\u00e1tico popl\u00edteo externo. Caracter\u00edsticas Fabricada en TFC, lo que proporciona una gran ligereza y la capacidad de termoconformaci\u00f3n. Dise\u00f1ada para un nivel de [&hellip;]<\/p>\n","protected":false},"featured_media":2221,"comment_status":"open","ping_status":"closed","template":"","meta":{"saved_in_kubio":false},"product_brand":[],"product_cat":[95],"product_tag":[118],"class_list":{"0":"post-2220","1":"product","2":"type-product","3":"status-publish","4":"has-post-thumbnail","6":"product_cat-miembro-inferior","7":"product_tag-emo","9":"first","10":"instock","11":"shipping-taxable","12":"product-type-simple"},"_links":{"self":[{"href":"https:\/\/ortopediagot.net\/Inicio\/wp-json\/wp\/v2\/product\/2220"}],"collection":[{"href":"https:\/\/ortopediagot.net\/Inicio\/wp-json\/wp\/v2\/product"}],"about":[{"href":"https:\/\/ortopediagot.net\/Inicio\/wp-json\/wp\/v2\/types\/product"}],"replies":[{"embeddable":true,"href":"https:\/\/ortopediagot.net\/Inicio\/wp-json\/wp\/v2\/comments?post=2220"}],"wp:featuredmedia":[{"embeddable":true,"href":"https:\/\/ortopediagot.net\/Inicio\/wp-json\/wp\/v2\/media\/2221"}],"wp:attachment":[{"href":"https:\/\/ortopediagot.net\/Inicio\/wp-json\/wp\/v2\/media?parent=2220"}],"wp:term":[{"taxonomy":"product_brand","embeddable":true,"href":"https:\/\/ortopediagot.net\/Inicio\/wp-json\/wp\/v2\/product_brand?post=2220"},{"taxonomy":"product_cat","embeddable":true,"href":"https:\/\/ortopediagot.net\/Inicio\/wp-json\/wp\/v2\/product_cat?post=2220"},{"taxonomy":"product_tag","embeddable":true,"href":"https:\/\/ortopediagot.net\/Inicio\/wp-json\/wp\/v2\/product_tag?post=2220"}],"curies":[{"name":"wp","href":"https:\/\/api.w.org\/{rel}","templated":true}]}}