{"id":2224,"date":"2024-05-29T13:59:06","date_gmt":"2024-05-29T12:59:06","guid":{"rendered":"https:\/\/ortopediagot.net\/?post_type=product&#038;p=2224"},"modified":"2024-05-29T13:59:07","modified_gmt":"2024-05-29T12:59:07","slug":"fc050-kids-ferula-de-sabel","status":"publish","type":"product","link":"https:\/\/ortopediagot.net\/Inicio\/producto\/fc050-kids-ferula-de-sabel\/","title":{"rendered":"FC050 KIDS FERULA DE SABEL"},"content":{"rendered":"<p>Tratamiento postural nocturno de la marcha en inversi\u00f3n.<br \/>\nTratamiento de desviaciones torsional de extremidad inferior<\/p>\n<div class=\"tsf-campo-acf-titulo tsf-campo-acf-titulo-caracteristicas tsf_campo-acf tsf_caracteristicas\"><strong>Caracter\u00edsticas<\/strong><\/div>\n<div><\/div>\n<div class=\"tsf-campo-acf-valores tsf-campo-acf-valores-caracteristicas tsf_campo-acf tsf_caracteristicas\">Ortesis para la posici\u00f3n en rotaci\u00f3n de ambos pies unidos por un material flexible que permite el movimiento exceptuando el de rotaci\u00f3n.<br \/>\nFijaci\u00f3n al calzado mediante garra o por remachado directo.<br \/>\nPosicion de rotaci\u00f3n independiente.<br \/>\nPieza de rotacion altamente resistente.<br \/>\nSencilla regulaci\u00f3n rotacional<\/div>\n","protected":false},"excerpt":{"rendered":"<p>Tratamiento postural nocturno de la marcha en inversi\u00f3n. Tratamiento de desviaciones torsional de extremidad inferior Caracter\u00edsticas Ortesis para la posici\u00f3n en rotaci\u00f3n de ambos pies unidos por un material flexible que permite el movimiento exceptuando el de rotaci\u00f3n. Fijaci\u00f3n al calzado mediante garra o por remachado directo. Posicion de rotaci\u00f3n independiente. Pieza de rotacion altamente [&hellip;]<\/p>\n","protected":false},"featured_media":2225,"comment_status":"open","ping_status":"closed","template":"","meta":{"saved_in_kubio":false},"product_brand":[],"product_cat":[95],"product_tag":[118],"class_list":{"0":"post-2224","1":"product","2":"type-product","3":"status-publish","4":"has-post-thumbnail","6":"product_cat-miembro-inferior","7":"product_tag-emo","9":"first","10":"instock","11":"shipping-taxable","12":"product-type-simple"},"_links":{"self":[{"href":"https:\/\/ortopediagot.net\/Inicio\/wp-json\/wp\/v2\/product\/2224"}],"collection":[{"href":"https:\/\/ortopediagot.net\/Inicio\/wp-json\/wp\/v2\/product"}],"about":[{"href":"https:\/\/ortopediagot.net\/Inicio\/wp-json\/wp\/v2\/types\/product"}],"replies":[{"embeddable":true,"href":"https:\/\/ortopediagot.net\/Inicio\/wp-json\/wp\/v2\/comments?post=2224"}],"wp:featuredmedia":[{"embeddable":true,"href":"https:\/\/ortopediagot.net\/Inicio\/wp-json\/wp\/v2\/media\/2225"}],"wp:attachment":[{"href":"https:\/\/ortopediagot.net\/Inicio\/wp-json\/wp\/v2\/media?parent=2224"}],"wp:term":[{"taxonomy":"product_brand","embeddable":true,"href":"https:\/\/ortopediagot.net\/Inicio\/wp-json\/wp\/v2\/product_brand?post=2224"},{"taxonomy":"product_cat","embeddable":true,"href":"https:\/\/ortopediagot.net\/Inicio\/wp-json\/wp\/v2\/product_cat?post=2224"},{"taxonomy":"product_tag","embeddable":true,"href":"https:\/\/ortopediagot.net\/Inicio\/wp-json\/wp\/v2\/product_tag?post=2224"}],"curies":[{"name":"wp","href":"https:\/\/api.w.org\/{rel}","templated":true}]}}