{"id":2228,"date":"2024-05-31T11:13:08","date_gmt":"2024-05-31T10:13:08","guid":{"rendered":"https:\/\/ortopediagot.net\/?post_type=product&#038;p=2228"},"modified":"2024-05-31T11:13:08","modified_gmt":"2024-05-31T10:13:08","slug":"fc100-denis-browne","status":"publish","type":"product","link":"https:\/\/ortopediagot.net\/Inicio\/producto\/fc100-denis-browne\/","title":{"rendered":"FC100 DENIS BROWNE"},"content":{"rendered":"<p>S\u00edndrome torsional de extremidad inferior<\/p>\n<div class=\"tsf-campo-acf-titulo tsf-campo-acf-titulo-caracteristicas tsf_campo-acf tsf_caracteristicas\"><strong>Caracter\u00edsticas<\/strong><\/div>\n<div><\/div>\n<div class=\"tsf-campo-acf-valores tsf-campo-acf-valores-caracteristicas tsf_campo-acf tsf_caracteristicas\">Ortesis para la posici\u00f3n en rotaci\u00f3n de ambos pies unidos por una barra de cantos romos con varias distancias de colocacion.<br \/>\nFijaci\u00f3n al calzado mediante garra o por remachado directo.<br \/>\nPosicion de rotaci\u00f3n independiente.<br \/>\nPieza de rotacion altamente resistente.<br \/>\nSencilla regulaci\u00f3n rotacional.<br \/>\nPuede moldearse para pronaci\u00f3n o supinaci\u00f3n.<\/div>\n<div class=\"tsf-campo-acf-titulo tsf-campo-acf-titulo-pa_tallas tsf_campo-acf tsf_pa_tallas\"><\/div>\n<div><strong>Tallas<\/strong><\/div>\n<div><\/div>\n<div class=\"tsf-campo-acf-valores tsf-campo-acf-valores-pa_tallas tsf_campo-acf tsf_pa_tallas\">S, M, L<\/div>\n<div class=\"tsf-campo-acf-valores tsf-campo-acf-valores-tallas_medidas tsf_campo-acf tsf_pa_tallas_medidas\">DISTANCIA ENTRE ANCLAJES EN CM.<br \/>\nS (15-18-21) , M (24-27-30) , L (30-33-36-39-42).<\/div>\n","protected":false},"excerpt":{"rendered":"<p>S\u00edndrome torsional de extremidad inferior Caracter\u00edsticas Ortesis para la posici\u00f3n en rotaci\u00f3n de ambos pies unidos por una barra de cantos romos con varias distancias de colocacion. Fijaci\u00f3n al calzado mediante garra o por remachado directo. Posicion de rotaci\u00f3n independiente. Pieza de rotacion altamente resistente. Sencilla regulaci\u00f3n rotacional. Puede moldearse para pronaci\u00f3n o supinaci\u00f3n. Tallas [&hellip;]<\/p>\n","protected":false},"featured_media":2229,"comment_status":"open","ping_status":"closed","template":"","meta":{"saved_in_kubio":false},"product_brand":[],"product_cat":[95],"product_tag":[118],"class_list":{"0":"post-2228","1":"product","2":"type-product","3":"status-publish","4":"has-post-thumbnail","6":"product_cat-miembro-inferior","7":"product_tag-emo","9":"first","10":"instock","11":"shipping-taxable","12":"product-type-simple"},"_links":{"self":[{"href":"https:\/\/ortopediagot.net\/Inicio\/wp-json\/wp\/v2\/product\/2228"}],"collection":[{"href":"https:\/\/ortopediagot.net\/Inicio\/wp-json\/wp\/v2\/product"}],"about":[{"href":"https:\/\/ortopediagot.net\/Inicio\/wp-json\/wp\/v2\/types\/product"}],"replies":[{"embeddable":true,"href":"https:\/\/ortopediagot.net\/Inicio\/wp-json\/wp\/v2\/comments?post=2228"}],"wp:featuredmedia":[{"embeddable":true,"href":"https:\/\/ortopediagot.net\/Inicio\/wp-json\/wp\/v2\/media\/2229"}],"wp:attachment":[{"href":"https:\/\/ortopediagot.net\/Inicio\/wp-json\/wp\/v2\/media?parent=2228"}],"wp:term":[{"taxonomy":"product_brand","embeddable":true,"href":"https:\/\/ortopediagot.net\/Inicio\/wp-json\/wp\/v2\/product_brand?post=2228"},{"taxonomy":"product_cat","embeddable":true,"href":"https:\/\/ortopediagot.net\/Inicio\/wp-json\/wp\/v2\/product_cat?post=2228"},{"taxonomy":"product_tag","embeddable":true,"href":"https:\/\/ortopediagot.net\/Inicio\/wp-json\/wp\/v2\/product_tag?post=2228"}],"curies":[{"name":"wp","href":"https:\/\/api.w.org\/{rel}","templated":true}]}}