{"id":2233,"date":"2024-05-31T11:15:54","date_gmt":"2024-05-31T10:15:54","guid":{"rendered":"https:\/\/ortopediagot.net\/?post_type=product&#038;p=2233"},"modified":"2024-05-31T11:15:55","modified_gmt":"2024-05-31T10:15:55","slug":"fc100e-denis-browne-extensible","status":"publish","type":"product","link":"https:\/\/ortopediagot.net\/Inicio\/producto\/fc100e-denis-browne-extensible\/","title":{"rendered":"FC100E DENIS BROWNE EXTENSIBLE"},"content":{"rendered":"<p>Correcci\u00f3n nocturna del pie equino varo supinado, talo valgo, o deformidades rotacionales del miembro inferior.<\/p>\n<div class=\"tsf-campo-acf-titulo tsf-campo-acf-titulo-caracteristicas tsf_campo-acf tsf_caracteristicas\"><strong>Caracter\u00edsticas<\/strong><\/div>\n<div><\/div>\n<div class=\"tsf-campo-acf-valores tsf-campo-acf-valores-caracteristicas tsf_campo-acf tsf_caracteristicas\">Ortesis para la posici\u00f3n en rotaci\u00f3n de ambos pies unidos por una barra de cantos romos con posibilidad de extensi\u00f3n de la distancia de colocacion.<br \/>\nSencilla regulaci\u00f3n rotacional.<br \/>\nPuede moldearse para pronaci\u00f3n o supinaci\u00f3n.<\/div>\n<div class=\"tsf-campo-acf-titulo tsf-campo-acf-titulo-pa_tallas tsf_campo-acf tsf_pa_tallas\"><\/div>\n<div><strong>Tallas<\/strong><\/div>\n<div><\/div>\n<div class=\"tsf-campo-acf-valores tsf-campo-acf-valores-pa_tallas tsf_campo-acf tsf_pa_tallas\">S, L<\/div>\n<div class=\"tsf-campo-acf-valores tsf-campo-acf-valores-tallas_medidas tsf_campo-acf tsf_pa_tallas_medidas\">DISTANCIA ENTRE ANCLAJES EN CM.<br \/>\nS (DE 15 A 24), L (DE 27 A 41)<\/div>\n","protected":false},"excerpt":{"rendered":"<p>Correcci\u00f3n nocturna del pie equino varo supinado, talo valgo, o deformidades rotacionales del miembro inferior. Caracter\u00edsticas Ortesis para la posici\u00f3n en rotaci\u00f3n de ambos pies unidos por una barra de cantos romos con posibilidad de extensi\u00f3n de la distancia de colocacion. Sencilla regulaci\u00f3n rotacional. Puede moldearse para pronaci\u00f3n o supinaci\u00f3n. Tallas S, L DISTANCIA ENTRE [&hellip;]<\/p>\n","protected":false},"featured_media":2234,"comment_status":"open","ping_status":"closed","template":"","meta":{"saved_in_kubio":false},"product_brand":[],"product_cat":[95],"product_tag":[118],"class_list":{"0":"post-2233","1":"product","2":"type-product","3":"status-publish","4":"has-post-thumbnail","6":"product_cat-miembro-inferior","7":"product_tag-emo","9":"first","10":"instock","11":"shipping-taxable","12":"product-type-simple"},"_links":{"self":[{"href":"https:\/\/ortopediagot.net\/Inicio\/wp-json\/wp\/v2\/product\/2233"}],"collection":[{"href":"https:\/\/ortopediagot.net\/Inicio\/wp-json\/wp\/v2\/product"}],"about":[{"href":"https:\/\/ortopediagot.net\/Inicio\/wp-json\/wp\/v2\/types\/product"}],"replies":[{"embeddable":true,"href":"https:\/\/ortopediagot.net\/Inicio\/wp-json\/wp\/v2\/comments?post=2233"}],"wp:featuredmedia":[{"embeddable":true,"href":"https:\/\/ortopediagot.net\/Inicio\/wp-json\/wp\/v2\/media\/2234"}],"wp:attachment":[{"href":"https:\/\/ortopediagot.net\/Inicio\/wp-json\/wp\/v2\/media?parent=2233"}],"wp:term":[{"taxonomy":"product_brand","embeddable":true,"href":"https:\/\/ortopediagot.net\/Inicio\/wp-json\/wp\/v2\/product_brand?post=2233"},{"taxonomy":"product_cat","embeddable":true,"href":"https:\/\/ortopediagot.net\/Inicio\/wp-json\/wp\/v2\/product_cat?post=2233"},{"taxonomy":"product_tag","embeddable":true,"href":"https:\/\/ortopediagot.net\/Inicio\/wp-json\/wp\/v2\/product_tag?post=2233"}],"curies":[{"name":"wp","href":"https:\/\/api.w.org\/{rel}","templated":true}]}}