{"id":2246,"date":"2024-05-31T11:29:29","date_gmt":"2024-05-31T10:29:29","guid":{"rendered":"https:\/\/ortopediagot.net\/?post_type=product&#038;p=2246"},"modified":"2024-05-31T11:29:30","modified_gmt":"2024-05-31T10:29:30","slug":"fc200-kids-saint-germain","status":"publish","type":"product","link":"https:\/\/ortopediagot.net\/Inicio\/producto\/fc200-kids-saint-germain\/","title":{"rendered":"FC200 KIDS SAINT-GERMAIN"},"content":{"rendered":"<p>Tratamiento de pie equino varo supinado<\/p>\n<div class=\"tsf-campo-acf-titulo tsf-campo-acf-titulo-caracteristicas tsf_campo-acf tsf_caracteristicas\"><strong>Caracter\u00edsticas<\/strong><\/div>\n<div><\/div>\n<div class=\"tsf-campo-acf-valores tsf-campo-acf-valores-caracteristicas tsf_campo-acf tsf_caracteristicas\">Ortesis de longitud variable, con abrazadera de pantorrilla y anclaje al zapato<br \/>\nPreparada para posicionar el calzado en la rotaci\u00f3n deseada de forma sencilla<br \/>\nFijaci\u00f3n al calzado mediante garra o por remachado directo.<br \/>\nPosicion de rotaci\u00f3n independiente.<br \/>\nPieza de rotacion altamente resistente.<\/p>\n<\/div>\n<div class=\"tsf-campo-acf-titulo tsf-campo-acf-titulo-pa_tallas tsf_campo-acf tsf_pa_tallas\"><b><i>Tallas<\/i><\/b><\/div>\n<div><\/div>\n<div class=\"tsf-campo-acf-valores tsf-campo-acf-valores-pa_tallas tsf_campo-acf tsf_pa_tallas\">S, L<\/div>\n<div class=\"tsf-campo-acf-valores tsf-campo-acf-valores-tallas_medidas tsf_campo-acf tsf_pa_tallas_medidas\">ALTURA POSTERIOR DESDE LA BASE DEL ZAPATO AL PLIEGUE DE FLEXI\u00d3N DE LA RODILLA EN CM.<br \/>\nS (14 A 20 CM) , L (20 A 29 CM), XL (30 A 40 CM)<\/div>\n","protected":false},"excerpt":{"rendered":"<p>Tratamiento de pie equino varo supinado Caracter\u00edsticas Ortesis de longitud variable, con abrazadera de pantorrilla y anclaje al zapato Preparada para posicionar el calzado en la rotaci\u00f3n deseada de forma sencilla Fijaci\u00f3n al calzado mediante garra o por remachado directo. Posicion de rotaci\u00f3n independiente. Pieza de rotacion altamente resistente. Tallas S, L ALTURA POSTERIOR DESDE [&hellip;]<\/p>\n","protected":false},"featured_media":2247,"comment_status":"open","ping_status":"closed","template":"","meta":{"saved_in_kubio":false},"product_brand":[],"product_cat":[95],"product_tag":[118],"class_list":{"0":"post-2246","1":"product","2":"type-product","3":"status-publish","4":"has-post-thumbnail","6":"product_cat-miembro-inferior","7":"product_tag-emo","9":"first","10":"instock","11":"shipping-taxable","12":"product-type-simple"},"_links":{"self":[{"href":"https:\/\/ortopediagot.net\/Inicio\/wp-json\/wp\/v2\/product\/2246"}],"collection":[{"href":"https:\/\/ortopediagot.net\/Inicio\/wp-json\/wp\/v2\/product"}],"about":[{"href":"https:\/\/ortopediagot.net\/Inicio\/wp-json\/wp\/v2\/types\/product"}],"replies":[{"embeddable":true,"href":"https:\/\/ortopediagot.net\/Inicio\/wp-json\/wp\/v2\/comments?post=2246"}],"wp:featuredmedia":[{"embeddable":true,"href":"https:\/\/ortopediagot.net\/Inicio\/wp-json\/wp\/v2\/media\/2247"}],"wp:attachment":[{"href":"https:\/\/ortopediagot.net\/Inicio\/wp-json\/wp\/v2\/media?parent=2246"}],"wp:term":[{"taxonomy":"product_brand","embeddable":true,"href":"https:\/\/ortopediagot.net\/Inicio\/wp-json\/wp\/v2\/product_brand?post=2246"},{"taxonomy":"product_cat","embeddable":true,"href":"https:\/\/ortopediagot.net\/Inicio\/wp-json\/wp\/v2\/product_cat?post=2246"},{"taxonomy":"product_tag","embeddable":true,"href":"https:\/\/ortopediagot.net\/Inicio\/wp-json\/wp\/v2\/product_tag?post=2246"}],"curies":[{"name":"wp","href":"https:\/\/api.w.org\/{rel}","templated":true}]}}