{"id":2255,"date":"2024-05-31T11:41:59","date_gmt":"2024-05-31T10:41:59","guid":{"rendered":"https:\/\/ortopediagot.net\/?post_type=product&#038;p=2255"},"modified":"2024-05-31T11:42:00","modified_gmt":"2024-05-31T10:42:00","slug":"fc555-kids-herraje-twister","status":"publish","type":"product","link":"https:\/\/ortopediagot.net\/Inicio\/producto\/fc555-kids-herraje-twister\/","title":{"rendered":"FC555 KIDS HERRAJE TWISTER"},"content":{"rendered":"<p>Tratamiento de las alteraciones rotacionales de f\u00e9mur y tibia.<\/p>\n<div class=\"tsf-campo-acf-titulo tsf-campo-acf-titulo-caracteristicas tsf_campo-acf tsf_caracteristicas\"><strong>Caracter\u00edsticas<\/strong><\/div>\n<div><\/div>\n<div class=\"tsf-campo-acf-valores tsf-campo-acf-valores-caracteristicas tsf_campo-acf tsf_caracteristicas\">Herraje para la confecci\u00f3n a medida de derrotadores para el miembro inferior tipo Twister.<br \/>\nComposici\u00f3n:<br \/>\nArticulacion de tobillo con estribo para union al calzado<br \/>\nAnillo de fijacion de altura para abrazadera de pantorrilla<br \/>\nArticulaci\u00f3n de cadera para uni\u00f3n a cintur\u00f3n<br \/>\nLas piezas se unen entre si mediante un elemento de torsi\u00f3n (061035) que proporciona la correcci\u00f3n necesaria.<\/div>\n","protected":false},"excerpt":{"rendered":"<p>Tratamiento de las alteraciones rotacionales de f\u00e9mur y tibia. Caracter\u00edsticas Herraje para la confecci\u00f3n a medida de derrotadores para el miembro inferior tipo Twister. Composici\u00f3n: Articulacion de tobillo con estribo para union al calzado Anillo de fijacion de altura para abrazadera de pantorrilla Articulaci\u00f3n de cadera para uni\u00f3n a cintur\u00f3n Las piezas se unen entre [&hellip;]<\/p>\n","protected":false},"featured_media":2256,"comment_status":"open","ping_status":"closed","template":"","meta":{"saved_in_kubio":false},"product_brand":[],"product_cat":[120],"product_tag":[118],"class_list":{"0":"post-2255","1":"product","2":"type-product","3":"status-publish","4":"has-post-thumbnail","6":"product_cat-repuestos","7":"product_tag-emo","9":"first","10":"instock","11":"shipping-taxable","12":"product-type-simple"},"_links":{"self":[{"href":"https:\/\/ortopediagot.net\/Inicio\/wp-json\/wp\/v2\/product\/2255"}],"collection":[{"href":"https:\/\/ortopediagot.net\/Inicio\/wp-json\/wp\/v2\/product"}],"about":[{"href":"https:\/\/ortopediagot.net\/Inicio\/wp-json\/wp\/v2\/types\/product"}],"replies":[{"embeddable":true,"href":"https:\/\/ortopediagot.net\/Inicio\/wp-json\/wp\/v2\/comments?post=2255"}],"wp:featuredmedia":[{"embeddable":true,"href":"https:\/\/ortopediagot.net\/Inicio\/wp-json\/wp\/v2\/media\/2256"}],"wp:attachment":[{"href":"https:\/\/ortopediagot.net\/Inicio\/wp-json\/wp\/v2\/media?parent=2255"}],"wp:term":[{"taxonomy":"product_brand","embeddable":true,"href":"https:\/\/ortopediagot.net\/Inicio\/wp-json\/wp\/v2\/product_brand?post=2255"},{"taxonomy":"product_cat","embeddable":true,"href":"https:\/\/ortopediagot.net\/Inicio\/wp-json\/wp\/v2\/product_cat?post=2255"},{"taxonomy":"product_tag","embeddable":true,"href":"https:\/\/ortopediagot.net\/Inicio\/wp-json\/wp\/v2\/product_tag?post=2255"}],"curies":[{"name":"wp","href":"https:\/\/api.w.org\/{rel}","templated":true}]}}