{"id":2271,"date":"2024-05-31T12:09:36","date_gmt":"2024-05-31T11:09:36","guid":{"rendered":"https:\/\/ortopediagot.net\/?post_type=product&#038;p=2271"},"modified":"2024-05-31T12:09:36","modified_gmt":"2024-05-31T11:09:36","slug":"hip900-hip-control-estabilizadora-de-cadera","status":"publish","type":"product","link":"https:\/\/ortopediagot.net\/Inicio\/producto\/hip900-hip-control-estabilizadora-de-cadera\/","title":{"rendered":"HIP900 HIP-CONTROL ESTABILIZADORA DE CADERA"},"content":{"rendered":"<p>Estabilizaci\u00f3n post-quir\u00fargica tras la implantaci\u00f3n o revisi\u00f3n de una pr\u00f3tesis de cadera. Post-reinserci\u00f3n de la cabeza del f\u00e9mur luxada o ineestable. Fracturas. Prevenci\u00f3n a la luxaci\u00f3n o dislocaci\u00f3n de cadera<br \/>\nControl de la terapia funcional.<\/p>\n<div class=\"tsf-campo-acf-titulo tsf-campo-acf-titulo-caracteristicas tsf_campo-acf tsf_caracteristicas\"><strong>Caracter\u00edsticas<\/strong><\/div>\n<div><\/div>\n<div class=\"tsf-campo-acf-valores tsf-campo-acf-valores-caracteristicas tsf_campo-acf tsf_caracteristicas\">Ortesis estabilizadora de cadera modular fabricada en polietileno de alta densidad<br \/>\nBanda p\u00e9lvica bivalva con ajuste deslizante posterior. Muslera ajustable mediante velcro. Adaptaci\u00f3n de la articulaci\u00f3n a la altura del paciente<br \/>\nRegulaci\u00f3n microm\u00e9trica entre 5\u00ba de adducci\u00f3n y 25\u00ba de abducci\u00f3n sin necesidad de retirar la ortesis. Con cu\u00f1a para regulaci\u00f3n de abducci\u00f3n a 30\u00ba .<br \/>\nPosibilidad de bloqueo o limitaci\u00f3n de la articulaci\u00f3n en flexo-extensi\u00f3n<br \/>\nCinta anterior de cintura simple o con cierre r\u00e1pido.<br \/>\nCintas de muslo orientables. Cinta de bandolera opcional.<\/div>\n<div class=\"tsf-campo-acf-titulo tsf-campo-acf-titulo-pa_tallas tsf_campo-acf tsf_pa_tallas\"><\/div>\n<div><strong>Tallas<\/strong><\/div>\n<div><\/div>\n<div class=\"tsf-campo-acf-valores tsf-campo-acf-valores-pa_tallas tsf_campo-acf tsf_pa_tallas\">M, L, XL<\/div>\n<div class=\"tsf-campo-acf-valores tsf-campo-acf-valores-tallas_medidas tsf_campo-acf tsf_pa_tallas_medidas\">CONTORNO DE CINTURA \/ CONTORNO DE MUSLO EN CM.<br \/>\nM (60-110 CM \/ 40-55 CM) , L (80-130 CM \/55-65 CM) , XL (80-130 CM \/ M\u00c1S DE 65 CM).<\/div>\n<div><\/div>\n<div>\n<div><strong>Color<\/strong><\/div>\n<div><\/div>\n<div class=\"tsf-campo-acf-valores tsf-campo-acf-valores-pa_colores tsf_campo-acf tsf_pa_colores\">AZUL, GRIS<\/div>\n<\/div>\n","protected":false},"excerpt":{"rendered":"<p>Estabilizaci\u00f3n post-quir\u00fargica tras la implantaci\u00f3n o revisi\u00f3n de una pr\u00f3tesis de cadera. Post-reinserci\u00f3n de la cabeza del f\u00e9mur luxada o ineestable. Fracturas. Prevenci\u00f3n a la luxaci\u00f3n o dislocaci\u00f3n de cadera Control de la terapia funcional. Caracter\u00edsticas Ortesis estabilizadora de cadera modular fabricada en polietileno de alta densidad Banda p\u00e9lvica bivalva con ajuste deslizante posterior. Muslera [&hellip;]<\/p>\n","protected":false},"featured_media":2272,"comment_status":"open","ping_status":"closed","template":"","meta":{"saved_in_kubio":false},"product_brand":[],"product_cat":[95],"product_tag":[118],"class_list":{"0":"post-2271","1":"product","2":"type-product","3":"status-publish","4":"has-post-thumbnail","6":"product_cat-miembro-inferior","7":"product_tag-emo","9":"first","10":"instock","11":"shipping-taxable","12":"product-type-simple"},"_links":{"self":[{"href":"https:\/\/ortopediagot.net\/Inicio\/wp-json\/wp\/v2\/product\/2271"}],"collection":[{"href":"https:\/\/ortopediagot.net\/Inicio\/wp-json\/wp\/v2\/product"}],"about":[{"href":"https:\/\/ortopediagot.net\/Inicio\/wp-json\/wp\/v2\/types\/product"}],"replies":[{"embeddable":true,"href":"https:\/\/ortopediagot.net\/Inicio\/wp-json\/wp\/v2\/comments?post=2271"}],"wp:featuredmedia":[{"embeddable":true,"href":"https:\/\/ortopediagot.net\/Inicio\/wp-json\/wp\/v2\/media\/2272"}],"wp:attachment":[{"href":"https:\/\/ortopediagot.net\/Inicio\/wp-json\/wp\/v2\/media?parent=2271"}],"wp:term":[{"taxonomy":"product_brand","embeddable":true,"href":"https:\/\/ortopediagot.net\/Inicio\/wp-json\/wp\/v2\/product_brand?post=2271"},{"taxonomy":"product_cat","embeddable":true,"href":"https:\/\/ortopediagot.net\/Inicio\/wp-json\/wp\/v2\/product_cat?post=2271"},{"taxonomy":"product_tag","embeddable":true,"href":"https:\/\/ortopediagot.net\/Inicio\/wp-json\/wp\/v2\/product_tag?post=2271"}],"curies":[{"name":"wp","href":"https:\/\/api.w.org\/{rel}","templated":true}]}}