{"id":2279,"date":"2024-05-31T12:11:26","date_gmt":"2024-05-31T11:11:26","guid":{"rendered":"https:\/\/ortopediagot.net\/?post_type=product&#038;p=2279"},"modified":"2024-05-31T12:11:27","modified_gmt":"2024-05-31T11:11:27","slug":"hip950-articulacion-de-cadera","status":"publish","type":"product","link":"https:\/\/ortopediagot.net\/Inicio\/producto\/hip950-articulacion-de-cadera\/","title":{"rendered":"HIP950 ARTICULACI\u00d3N DE CADERA"},"content":{"rendered":"<div class=\"tsf-campo-acf-titulo tsf-campo-acf-titulo-caracteristicas tsf_campo-acf tsf_caracteristicas\"><strong>Caracter\u00edsticas<\/strong><\/div>\n<div><\/div>\n<div class=\"tsf-campo-acf-valores tsf-campo-acf-valores-caracteristicas tsf_campo-acf tsf_caracteristicas\">Regulaci\u00f3n de forma continua en abducci\u00f3n-adducci\u00f3n para la cadera entre \u00965\u00ba y +25\u00ba<br \/>\nPosibilidad de bloqueo limitaci\u00f3n de la flexo-extensi\u00f3n<\/div>\n","protected":false},"excerpt":{"rendered":"<p>Caracter\u00edsticas Regulaci\u00f3n de forma continua en abducci\u00f3n-adducci\u00f3n para la cadera entre \u00965\u00ba y +25\u00ba Posibilidad de bloqueo limitaci\u00f3n de la flexo-extensi\u00f3n<\/p>\n","protected":false},"featured_media":2280,"comment_status":"open","ping_status":"closed","template":"","meta":{"saved_in_kubio":false},"product_brand":[],"product_cat":[120],"product_tag":[118],"class_list":{"0":"post-2279","1":"product","2":"type-product","3":"status-publish","4":"has-post-thumbnail","6":"product_cat-repuestos","7":"product_tag-emo","9":"first","10":"instock","11":"shipping-taxable","12":"product-type-simple"},"_links":{"self":[{"href":"https:\/\/ortopediagot.net\/Inicio\/wp-json\/wp\/v2\/product\/2279"}],"collection":[{"href":"https:\/\/ortopediagot.net\/Inicio\/wp-json\/wp\/v2\/product"}],"about":[{"href":"https:\/\/ortopediagot.net\/Inicio\/wp-json\/wp\/v2\/types\/product"}],"replies":[{"embeddable":true,"href":"https:\/\/ortopediagot.net\/Inicio\/wp-json\/wp\/v2\/comments?post=2279"}],"wp:featuredmedia":[{"embeddable":true,"href":"https:\/\/ortopediagot.net\/Inicio\/wp-json\/wp\/v2\/media\/2280"}],"wp:attachment":[{"href":"https:\/\/ortopediagot.net\/Inicio\/wp-json\/wp\/v2\/media?parent=2279"}],"wp:term":[{"taxonomy":"product_brand","embeddable":true,"href":"https:\/\/ortopediagot.net\/Inicio\/wp-json\/wp\/v2\/product_brand?post=2279"},{"taxonomy":"product_cat","embeddable":true,"href":"https:\/\/ortopediagot.net\/Inicio\/wp-json\/wp\/v2\/product_cat?post=2279"},{"taxonomy":"product_tag","embeddable":true,"href":"https:\/\/ortopediagot.net\/Inicio\/wp-json\/wp\/v2\/product_tag?post=2279"}],"curies":[{"name":"wp","href":"https:\/\/api.w.org\/{rel}","templated":true}]}}