{"id":2281,"date":"2024-05-31T12:13:17","date_gmt":"2024-05-31T11:13:17","guid":{"rendered":"https:\/\/ortopediagot.net\/?post_type=product&#038;p=2281"},"modified":"2024-05-31T12:13:18","modified_gmt":"2024-05-31T11:13:18","slug":"hv200-valgus-control-corrector-nocturno-de-hallux-valgus","status":"publish","type":"product","link":"https:\/\/ortopediagot.net\/Inicio\/producto\/hv200-valgus-control-corrector-nocturno-de-hallux-valgus\/","title":{"rendered":"HV200 VALGUS CONTROL CORRECTOR NOCTURNO DE HALLUX VALGUS"},"content":{"rendered":"<p>Tratamiento conservador del Hallux Valgus<br \/>\nAlineador nocturno del juanete<br \/>\nPost-operatorio del Hallux Valgus<\/p>\n<div class=\"tsf-campo-acf-titulo tsf-campo-acf-titulo-caracteristicas tsf_campo-acf tsf_caracteristicas\"><strong>Caracter\u00edsticas<\/strong><\/div>\n<div><\/div>\n<div class=\"tsf-campo-acf-valores tsf-campo-acf-valores-caracteristicas tsf_campo-acf tsf_caracteristicas\">F\u00e9rula correctora nocturna para alinear desviaci\u00f3n en valgo del dedo gordo del pie<br \/>\nConformaci\u00f3n anat\u00f3mica<br \/>\nIncorpora almohadilla amortiguadora para 1\u00ba dedo<br \/>\nCincha metatarsal sobre el 5\u00ba metatarsiano reglada para el control de la presi\u00f3n correctora.<br \/>\nCincha metatarsal sobre el 1\u00ba metatarsiano anat\u00f3mica y retrocapital.<br \/>\nIncorpora almohadilla de confort sobre el 5\u00ba metatarsiano<br \/>\nFabricado en termopl\u00e1stico y con suave velour<br \/>\nCierre de microvelcro<\/p>\n<\/div>\n<div class=\"tsf-campo-acf-titulo tsf-campo-acf-titulo-pa_tallas tsf_campo-acf tsf_pa_tallas\"><b><i>Tallas<\/i><\/b><\/div>\n<div><\/div>\n<div class=\"tsf-campo-acf-valores tsf-campo-acf-valores-pa_tallas tsf_campo-acf tsf_pa_tallas\">M, L<\/div>\n<div class=\"tsf-campo-acf-valores tsf-campo-acf-valores-tallas_medidas tsf_campo-acf tsf_pa_tallas_medidas\">TALLA DE CALZADO<br \/>\nS-M\/2 (35-40), L-XL\/3 (40-45)<\/div>\n","protected":false},"excerpt":{"rendered":"<p>Tratamiento conservador del Hallux Valgus Alineador nocturno del juanete Post-operatorio del Hallux Valgus Caracter\u00edsticas F\u00e9rula correctora nocturna para alinear desviaci\u00f3n en valgo del dedo gordo del pie Conformaci\u00f3n anat\u00f3mica Incorpora almohadilla amortiguadora para 1\u00ba dedo Cincha metatarsal sobre el 5\u00ba metatarsiano reglada para el control de la presi\u00f3n correctora. Cincha metatarsal sobre el 1\u00ba metatarsiano [&hellip;]<\/p>\n","protected":false},"featured_media":2282,"comment_status":"open","ping_status":"closed","template":"","meta":{"saved_in_kubio":false},"product_brand":[],"product_cat":[95],"product_tag":[118],"class_list":{"0":"post-2281","1":"product","2":"type-product","3":"status-publish","4":"has-post-thumbnail","6":"product_cat-miembro-inferior","7":"product_tag-emo","9":"first","10":"instock","11":"shipping-taxable","12":"product-type-simple"},"_links":{"self":[{"href":"https:\/\/ortopediagot.net\/Inicio\/wp-json\/wp\/v2\/product\/2281"}],"collection":[{"href":"https:\/\/ortopediagot.net\/Inicio\/wp-json\/wp\/v2\/product"}],"about":[{"href":"https:\/\/ortopediagot.net\/Inicio\/wp-json\/wp\/v2\/types\/product"}],"replies":[{"embeddable":true,"href":"https:\/\/ortopediagot.net\/Inicio\/wp-json\/wp\/v2\/comments?post=2281"}],"wp:featuredmedia":[{"embeddable":true,"href":"https:\/\/ortopediagot.net\/Inicio\/wp-json\/wp\/v2\/media\/2282"}],"wp:attachment":[{"href":"https:\/\/ortopediagot.net\/Inicio\/wp-json\/wp\/v2\/media?parent=2281"}],"wp:term":[{"taxonomy":"product_brand","embeddable":true,"href":"https:\/\/ortopediagot.net\/Inicio\/wp-json\/wp\/v2\/product_brand?post=2281"},{"taxonomy":"product_cat","embeddable":true,"href":"https:\/\/ortopediagot.net\/Inicio\/wp-json\/wp\/v2\/product_cat?post=2281"},{"taxonomy":"product_tag","embeddable":true,"href":"https:\/\/ortopediagot.net\/Inicio\/wp-json\/wp\/v2\/product_tag?post=2281"}],"curies":[{"name":"wp","href":"https:\/\/api.w.org\/{rel}","templated":true}]}}