{"id":2284,"date":"2024-05-31T12:15:08","date_gmt":"2024-05-31T11:15:08","guid":{"rendered":"https:\/\/ortopediagot.net\/?post_type=product&#038;p=2284"},"modified":"2024-05-31T12:15:09","modified_gmt":"2024-05-31T11:15:09","slug":"krd401-kids-inmovilizador-de-rodilla","status":"publish","type":"product","link":"https:\/\/ortopediagot.net\/Inicio\/producto\/krd401-kids-inmovilizador-de-rodilla\/","title":{"rendered":"KRD401 KIDS INMOVILIZADOR DE RODILLA"},"content":{"rendered":"<p>Traumatismos<br \/>\nTratamiento conservador de fracturas de r\u00f3tula<br \/>\nEsguince de ligamentos<br \/>\nInmovilizaci\u00f3n pre-quir\u00fargica y post-quir\u00fargica.<\/p>\n<div class=\"tsf-campo-acf-titulo tsf-campo-acf-titulo-caracteristicas tsf_campo-acf tsf_caracteristicas\"><strong>Caracteristicas<\/strong><\/div>\n<div><\/div>\n<div class=\"tsf-campo-acf-valores tsf-campo-acf-valores-caracteristicas tsf_campo-acf tsf_caracteristicas\">Fabricada en material confortable y transpirable.<br \/>\nIncorpora tres flejes conformables laterales y posteriores. Pueden ser adaptadas para lograr el grado de flexi\u00f3n deseado.<br \/>\nLibera la r\u00f3tula<br \/>\nPerfecta adaptaci\u00f3n a todos los per\u00edmetros da la pierna gracias a sus dos paneles laterales m\u00f3viles.<br \/>\nCierre mediante velcros.<\/div>\n<div class=\"tsf-campo-acf-titulo tsf-campo-acf-titulo-pa_tallas tsf_campo-acf tsf_pa_tallas\"><\/div>\n<div><strong>Tallas<\/strong><\/div>\n<div><\/div>\n<div class=\"tsf-campo-acf-valores tsf-campo-acf-valores-pa_tallas tsf_campo-acf tsf_pa_tallas\">XS, S<\/div>\n<div class=\"tsf-campo-acf-valores tsf-campo-acf-valores-tallas_medidas tsf_campo-acf tsf_pa_tallas_medidas\">CONTORNO DE RODILLA<br \/>\nXS: 24-30 CM; S: 30-35 CM<\/div>\n<div class=\"tsf-campo-acf-titulo tsf-campo-acf-titulo-altura tsf_campo-acf tsf_altura\"><\/div>\n<div><strong>Altura<\/strong><\/div>\n<div><\/div>\n<div class=\"tsf-campo-acf-valores tsf-campo-acf-valores-altura tsf_campo-acf tsf_altura\">XS: 30 CM; S: 35 CM<\/div>\n","protected":false},"excerpt":{"rendered":"<p>Traumatismos Tratamiento conservador de fracturas de r\u00f3tula Esguince de ligamentos Inmovilizaci\u00f3n pre-quir\u00fargica y post-quir\u00fargica. Caracteristicas Fabricada en material confortable y transpirable. Incorpora tres flejes conformables laterales y posteriores. Pueden ser adaptadas para lograr el grado de flexi\u00f3n deseado. Libera la r\u00f3tula Perfecta adaptaci\u00f3n a todos los per\u00edmetros da la pierna gracias a sus dos paneles [&hellip;]<\/p>\n","protected":false},"featured_media":2285,"comment_status":"open","ping_status":"closed","template":"","meta":{"saved_in_kubio":false},"product_brand":[],"product_cat":[95],"product_tag":[118],"class_list":{"0":"post-2284","1":"product","2":"type-product","3":"status-publish","4":"has-post-thumbnail","6":"product_cat-miembro-inferior","7":"product_tag-emo","9":"first","10":"instock","11":"shipping-taxable","12":"product-type-simple"},"_links":{"self":[{"href":"https:\/\/ortopediagot.net\/Inicio\/wp-json\/wp\/v2\/product\/2284"}],"collection":[{"href":"https:\/\/ortopediagot.net\/Inicio\/wp-json\/wp\/v2\/product"}],"about":[{"href":"https:\/\/ortopediagot.net\/Inicio\/wp-json\/wp\/v2\/types\/product"}],"replies":[{"embeddable":true,"href":"https:\/\/ortopediagot.net\/Inicio\/wp-json\/wp\/v2\/comments?post=2284"}],"wp:featuredmedia":[{"embeddable":true,"href":"https:\/\/ortopediagot.net\/Inicio\/wp-json\/wp\/v2\/media\/2285"}],"wp:attachment":[{"href":"https:\/\/ortopediagot.net\/Inicio\/wp-json\/wp\/v2\/media?parent=2284"}],"wp:term":[{"taxonomy":"product_brand","embeddable":true,"href":"https:\/\/ortopediagot.net\/Inicio\/wp-json\/wp\/v2\/product_brand?post=2284"},{"taxonomy":"product_cat","embeddable":true,"href":"https:\/\/ortopediagot.net\/Inicio\/wp-json\/wp\/v2\/product_cat?post=2284"},{"taxonomy":"product_tag","embeddable":true,"href":"https:\/\/ortopediagot.net\/Inicio\/wp-json\/wp\/v2\/product_tag?post=2284"}],"curies":[{"name":"wp","href":"https:\/\/api.w.org\/{rel}","templated":true}]}}