{"id":2286,"date":"2024-05-31T12:17:28","date_gmt":"2024-05-31T11:17:28","guid":{"rendered":"https:\/\/ortopediagot.net\/?post_type=product&#038;p=2286"},"modified":"2024-05-31T12:17:29","modified_gmt":"2024-05-31T11:17:29","slug":"krd461-kids-estabilizadora-de-rodilla-envolvente","status":"publish","type":"product","link":"https:\/\/ortopediagot.net\/Inicio\/producto\/krd461-kids-estabilizadora-de-rodilla-envolvente\/","title":{"rendered":"KRD461 KIDS ESTABILIZADORA DE RODILLA ENVOLVENTE"},"content":{"rendered":"<p>Esguince de rodilla<br \/>\nTendinitis<\/p>\n<div class=\"tsf-campo-acf-titulo tsf-campo-acf-titulo-caracteristicas tsf_campo-acf tsf_caracteristicas\"><strong>Caracter\u00edsticas<\/strong><\/div>\n<div><\/div>\n<div class=\"tsf-campo-acf-valores tsf-campo-acf-valores-caracteristicas tsf_campo-acf tsf_caracteristicas\">Confeccionada con material transpirable y el\u00e1stico.<br \/>\nAlojamiento para la r\u00f3tula, evitando la presi\u00f3n sobre la misma y facilitando la flexo-extensi\u00f3n.<br \/>\nVarillas espirales laterales.<br \/>\nTiradores el\u00e1sticos que regulan la compresi\u00f3n sobre muslo y pantorrilla.<br \/>\nZona popl\u00edtea abierta.<br \/>\nF\u00e1cil colocaci\u00f3n, control y revisi\u00f3n de la zona.<\/div>\n<div class=\"tsf-campo-acf-titulo tsf-campo-acf-titulo-altura tsf_campo-acf tsf_altura\"><\/div>\n<div><strong>Altura<\/strong><\/div>\n<div><\/div>\n<div class=\"tsf-campo-acf-valores tsf-campo-acf-valores-altura tsf_campo-acf tsf_altura\">19 CM<\/div>\n","protected":false},"excerpt":{"rendered":"<p>Esguince de rodilla Tendinitis Caracter\u00edsticas Confeccionada con material transpirable y el\u00e1stico. Alojamiento para la r\u00f3tula, evitando la presi\u00f3n sobre la misma y facilitando la flexo-extensi\u00f3n. Varillas espirales laterales. Tiradores el\u00e1sticos que regulan la compresi\u00f3n sobre muslo y pantorrilla. Zona popl\u00edtea abierta. F\u00e1cil colocaci\u00f3n, control y revisi\u00f3n de la zona. Altura 19 CM<\/p>\n","protected":false},"featured_media":2287,"comment_status":"open","ping_status":"closed","template":"","meta":{"saved_in_kubio":false},"product_brand":[],"product_cat":[95],"product_tag":[118],"class_list":{"0":"post-2286","1":"product","2":"type-product","3":"status-publish","4":"has-post-thumbnail","6":"product_cat-miembro-inferior","7":"product_tag-emo","9":"first","10":"instock","11":"shipping-taxable","12":"product-type-simple"},"_links":{"self":[{"href":"https:\/\/ortopediagot.net\/Inicio\/wp-json\/wp\/v2\/product\/2286"}],"collection":[{"href":"https:\/\/ortopediagot.net\/Inicio\/wp-json\/wp\/v2\/product"}],"about":[{"href":"https:\/\/ortopediagot.net\/Inicio\/wp-json\/wp\/v2\/types\/product"}],"replies":[{"embeddable":true,"href":"https:\/\/ortopediagot.net\/Inicio\/wp-json\/wp\/v2\/comments?post=2286"}],"wp:featuredmedia":[{"embeddable":true,"href":"https:\/\/ortopediagot.net\/Inicio\/wp-json\/wp\/v2\/media\/2287"}],"wp:attachment":[{"href":"https:\/\/ortopediagot.net\/Inicio\/wp-json\/wp\/v2\/media?parent=2286"}],"wp:term":[{"taxonomy":"product_brand","embeddable":true,"href":"https:\/\/ortopediagot.net\/Inicio\/wp-json\/wp\/v2\/product_brand?post=2286"},{"taxonomy":"product_cat","embeddable":true,"href":"https:\/\/ortopediagot.net\/Inicio\/wp-json\/wp\/v2\/product_cat?post=2286"},{"taxonomy":"product_tag","embeddable":true,"href":"https:\/\/ortopediagot.net\/Inicio\/wp-json\/wp\/v2\/product_tag?post=2286"}],"curies":[{"name":"wp","href":"https:\/\/api.w.org\/{rel}","templated":true}]}}